{"id":1679,"date":"2024-07-26T10:10:28","date_gmt":"2024-07-26T10:10:28","guid":{"rendered":"https:\/\/sausage-stuffer.com\/?post_type=product&#038;p=1679"},"modified":"2024-07-29T15:18:57","modified_gmt":"2024-07-29T15:18:57","slug":"slicing-machine-250a","status":"publish","type":"product","link":"https:\/\/sausage-stuffer.com\/de\/manufacturer\/slicing-machine-250a\/","title":{"rendered":"Aufschneidemaschine 250A"},"content":{"rendered":"<h2 class=\"\" data-sourcepos=\"1:1-1:60\">Vollautomatische Scheibenschneidemaschine: Pr\u00e4zision und Effizienz<\/h2>\n<p data-sourcepos=\"3:1-3:88\">Dieses f\u00fcr die Massenproduktion konzipierte Ger\u00e4t in Industriequalit\u00e4t bietet unvergleichliche Geschwindigkeit, Genauigkeit und Konsistenz. Schneiden Sie m\u00fchelos eine breite Palette von Produkten, einschlie\u00dflich Fleisch, K\u00e4se, Brot und Gem\u00fcse.<\/p>\n<p data-sourcepos=\"5:1-5:17\"><strong>Wesentliche Merkmale:<\/strong><\/p>\n<ul data-sourcepos=\"7:1-8:1\">\n<li data-sourcepos=\"7:1-7:70\"><strong>Schneiden mit hoher Geschwindigkeit:<\/strong> Schnelles Verarbeiten gro\u00dfer Mengen von Produkten.<\/li>\n<li data-sourcepos=\"8:1-8:1\"><strong>Pr\u00e4zise Kontrolle der Dicke:<\/strong> Erzielen Sie eine gleichm\u00e4\u00dfige Scheibendicke mit anpassbaren Einstellungen.<\/li>\n<li data-sourcepos=\"9:1-9:64\"><strong>Langlebige Konstruktion:<\/strong> Gebaut f\u00fcr den harten kommerziellen Einsatz.<\/li>\n<li data-sourcepos=\"10:1-10:31\"><strong>Erweiterte Sicherheitsfunktionen:<\/strong> Sch\u00fctzen Sie die Bediener durch Schutzvorrichtungen und Notausschalter.<\/li>\n<li data-sourcepos=\"11:1-12:0\"><strong>Einfache Reinigung und Wartung:<\/strong> Konzipiert f\u00fcr effizienten Betrieb und Instandhaltung.<\/li>\n<\/ul>","protected":false},"excerpt":{"rendered":"<h3><strong>10\"-Vollautomatische Aufschneidemaschine <\/strong><strong>Parameter<\/strong><\/h3>\n<p>Funktion \uff1aVollautomatisch<\/p>\n<p>Abschneiden der Reiseroute : 155 mm<\/p>\n<p>Einstellen der Dicke: 0~17 mm<\/p>\n<p>Durchmesser der Klinge :\u2205250 mm<\/p>\n<p>Leistung des Balde-Motors: 240 W<\/p>\n<p>Leistung des Schneidemotors: 300 W<\/p>\n<p>Spannung : 220V 50Hz<\/p>\n<p>Schneidegeschwindigkeit: 45 St\u00fcck\/min<\/p>\n<p>Gr\u00f6\u00dfe des Produkts: 535*475*690(mm)<\/p>\n<p>Gr\u00f6\u00dfe der Verpackung: 610*540*790(mm)<\/p>\n<p>GEWICHT\/NUTZLAST :73,5\/53(KG)<\/p>","protected":false},"featured_media":1635,"template":"","meta":[],"product_brand":[],"product_cat":[42],"product_tag":[],"class_list":{"0":"post-1679","1":"product","2":"type-product","3":"status-publish","4":"has-post-thumbnail","6":"product_cat-meat-slicer","8":"first","9":"instock","10":"shipping-taxable","11":"product-type-simple"},"_links":{"self":[{"href":"https:\/\/sausage-stuffer.com\/de\/wp-json\/wp\/v2\/product\/1679","targetHints":{"allow":["GET"]}}],"collection":[{"href":"https:\/\/sausage-stuffer.com\/de\/wp-json\/wp\/v2\/product"}],"about":[{"href":"https:\/\/sausage-stuffer.com\/de\/wp-json\/wp\/v2\/types\/product"}],"wp:featuredmedia":[{"embeddable":true,"href":"https:\/\/sausage-stuffer.com\/de\/wp-json\/wp\/v2\/media\/1635"}],"wp:attachment":[{"href":"https:\/\/sausage-stuffer.com\/de\/wp-json\/wp\/v2\/media?parent=1679"}],"wp:term":[{"taxonomy":"product_brand","embeddable":true,"href":"https:\/\/sausage-stuffer.com\/de\/wp-json\/wp\/v2\/product_brand?post=1679"},{"taxonomy":"product_cat","embeddable":true,"href":"https:\/\/sausage-stuffer.com\/de\/wp-json\/wp\/v2\/product_cat?post=1679"},{"taxonomy":"product_tag","embeddable":true,"href":"https:\/\/sausage-stuffer.com\/de\/wp-json\/wp\/v2\/product_tag?post=1679"}],"curies":[{"name":"wp","href":"https:\/\/api.w.org\/{rel}","templated":true}]}}