{"id":1678,"date":"2024-07-26T10:09:04","date_gmt":"2024-07-26T10:09:04","guid":{"rendered":"https:\/\/sausage-stuffer.com\/?post_type=product&#038;p=1678"},"modified":"2024-07-29T14:41:49","modified_gmt":"2024-07-29T14:41:49","slug":"meat-slicer-200b","status":"publish","type":"product","link":"https:\/\/sausage-stuffer.com\/de\/manufacturer\/meat-slicer-200b\/","title":{"rendered":"Fleischschneider 200B"},"content":{"rendered":"<h2 class=\"\" data-sourcepos=\"1:1-1:49\">Unser elektrischer, halbautomatischer Fleischschneider<\/h2>\n<p data-sourcepos=\"3:1-3:74\">Steigern Sie Ihre Produktivit\u00e4t und Pr\u00e4zision mit unserer elektrischen Fleischschneidemaschine f\u00fcr den industriellen Einsatz. Diese Maschine wurde f\u00fcr anspruchsvolle Gro\u00dfk\u00fcchen entwickelt und bietet au\u00dfergew\u00f6hnliche Leistung und Haltbarkeit.<\/p>\n<p data-sourcepos=\"5:1-5:17\"><strong>Wesentliche Merkmale:<\/strong><\/p>\n<ul data-sourcepos=\"7:1-7:32\">\n<li data-sourcepos=\"7:1-7:32\"><strong>Hocheffizienter Motor:<\/strong> 210 W Eingangsleistung f\u00fcr schnelles und gleichm\u00e4\u00dfiges Schneiden.<\/li>\n<li data-sourcepos=\"8:1-8:79\"><strong>Einstellbare Scheibendicke:<\/strong> Mit dem pr\u00e4zisen Einstellknopf l\u00e4sst sich die Scheibendicke m\u00fchelos von 0 bis 13 mm anpassen.<\/li>\n<li data-sourcepos=\"9:1-9:108\"><strong>Langlebige Konstruktion:<\/strong> Geh\u00e4use aus Aluminiumguss und 10-Zoll-Klinge aus verchromtem Stahl f\u00fcr eine lange Lebensdauer.<\/li>\n<li data-sourcepos=\"10:1-10:1\"><strong>Sicherheit geht vor:<\/strong> Transparentes Schutzgitter, rutschfester Sockel und wasserdichter Netzschalter f\u00fcr sicheren Betrieb.<\/li>\n<li data-sourcepos=\"11:1-12:0\"><strong>Vielseitiges Schneiden:<\/strong> Verarbeitet verschiedene Lebensmittel wie Fleisch, K\u00e4se, Brot und Gem\u00fcse.<\/li>\n<\/ul>","protected":false},"excerpt":{"rendered":"<h3><strong>8\"-Halbautomatische Fleischschneidemaschine Parameter<\/strong><\/h3>\n<p>Funktion \uff1aHalbautomatisch<\/p>\n<p>Abschneiden der Reiseroute : 140 mm<\/p>\n<p>Einstellen der Dicke: 0~13 mm<\/p>\n<p>Durchmesser der Klinge :\u2205220 mm<\/p>\n<p>Leistung : 210 W<\/p>\n<p>Spannung : 220V 50Hz<\/p>\n<p>Gr\u00f6\u00dfe des Produkts: 410*400*350(mm)<\/p>\n<p>Gr\u00f6\u00dfe der Verpackung: 465*355*425(mm)<\/p>\n<p>GEWICHT\/NUTZLAST :16,5\/14,5(KG)<\/p>","protected":false},"featured_media":1630,"template":"","meta":[],"product_brand":[],"product_cat":[42],"product_tag":[],"class_list":{"0":"post-1678","1":"product","2":"type-product","3":"status-publish","4":"has-post-thumbnail","6":"product_cat-meat-slicer","8":"first","9":"instock","10":"shipping-taxable","11":"product-type-simple"},"_links":{"self":[{"href":"https:\/\/sausage-stuffer.com\/de\/wp-json\/wp\/v2\/product\/1678","targetHints":{"allow":["GET"]}}],"collection":[{"href":"https:\/\/sausage-stuffer.com\/de\/wp-json\/wp\/v2\/product"}],"about":[{"href":"https:\/\/sausage-stuffer.com\/de\/wp-json\/wp\/v2\/types\/product"}],"wp:featuredmedia":[{"embeddable":true,"href":"https:\/\/sausage-stuffer.com\/de\/wp-json\/wp\/v2\/media\/1630"}],"wp:attachment":[{"href":"https:\/\/sausage-stuffer.com\/de\/wp-json\/wp\/v2\/media?parent=1678"}],"wp:term":[{"taxonomy":"product_brand","embeddable":true,"href":"https:\/\/sausage-stuffer.com\/de\/wp-json\/wp\/v2\/product_brand?post=1678"},{"taxonomy":"product_cat","embeddable":true,"href":"https:\/\/sausage-stuffer.com\/de\/wp-json\/wp\/v2\/product_cat?post=1678"},{"taxonomy":"product_tag","embeddable":true,"href":"https:\/\/sausage-stuffer.com\/de\/wp-json\/wp\/v2\/product_tag?post=1678"}],"curies":[{"name":"wp","href":"https:\/\/api.w.org\/{rel}","templated":true}]}}