{"id":1609,"date":"2024-07-23T14:34:08","date_gmt":"2024-07-23T14:34:08","guid":{"rendered":"https:\/\/sausage-stuffer.com\/?post_type=product&#038;p=1609"},"modified":"2024-08-15T06:09:40","modified_gmt":"2024-08-15T06:09:40","slug":"sausage-maker-stuffer-sh5","status":"publish","type":"product","link":"https:\/\/sausage-stuffer.com\/de\/manufacturer\/sausage-maker-stuffer-sh5\/","title":{"rendered":"Wurstmacher Stuffer SH-5"},"content":{"rendered":"<h2><strong>Vorteile des Wurstmachers Stuffer<\/strong><\/h2>\n<ol>\n<li><strong>Kontrolle<\/strong>: Erm\u00f6glicht eine genaue Kontrolle des Abf\u00fcllvorgangs, was zu einer h\u00f6heren Qualit\u00e4t des Endprodukts f\u00fchren kann.<\/li>\n<li><strong>Dauerhaftigkeit<\/strong>: Im Vergleich zu vertikalen Modellen sind sie in der Regel robuster und langlebiger.<\/li>\n<li><strong>Benutzerfreundlichkeit<\/strong>: F\u00fcr Anf\u00e4nger oft einfacher zu handhaben, da die horizontale Bauweise eine bessere Hebelwirkung erm\u00f6glicht.<\/li>\n<\/ol>\n<p>&nbsp;<\/p>\n<h2><strong>Wurstmacher Stuffer Nachteile<\/strong><\/h2>\n<ol>\n<li><strong>Gr\u00f6\u00dfe<\/strong>: Kann im Vergleich zu vertikalen F\u00fcllern mehr Platz auf der Theke einnehmen.<\/li>\n<li><strong>Gewicht<\/strong>: Sie k\u00f6nnen schwer und umst\u00e4ndlich zu transportieren oder zu lagern sein.<\/li>\n<\/ol>\n<p>&nbsp;<\/p>\n<h2><strong>H\u00e4ufige Verwendungszwecke<\/strong><\/h2>\n<ul>\n<li>Herstellung verschiedener Wurstsorten, wie Bratwurst, Chorizo, italienische Wurst und Fr\u00fchst\u00fcckswurst.<\/li>\n<li>Es eignet sich sowohl f\u00fcr den Hausgebrauch als auch f\u00fcr kleinere gewerbliche Anwendungen.<\/li>\n<\/ul>\n<p>&nbsp;<\/p>\n<h2><strong>Wartung von Wurstf\u00fcllern<\/strong><\/h2>\n<ol>\n<li><strong>Reinigung<\/strong>: Nach jedem Gebrauch zerlegen und gr\u00fcndlich reinigen, damit sich keine Fleischreste ablagern und die Lebensmittelsicherheit gew\u00e4hrleistet ist.<\/li>\n<li><strong>Schmierung<\/strong>: Schmieren Sie von Zeit zu Zeit die beweglichen Teile, um einen reibungslosen Betrieb zu gew\u00e4hrleisten.<\/li>\n<\/ol>","protected":false},"excerpt":{"rendered":"<h4><strong><span class=\"Y2IQFc\" lang=\"en\">Grundlegende Parameter<\/span><\/strong><\/h4>\n<p>Typ\uff1ahorizontal m<span class=\"Y2IQFc\" lang=\"en\">anual s<\/span>Dosen\u00f6ffner<\/p>\n<p>Zylinder-Durchmesser (mm): 140*320<\/p>\n<p>Gr\u00f6\u00dfe\uff1a288*360*690\uff08mm\uff09<\/p>\n<p>Nettogewicht \uff1a10 KG<\/p>\n<p id=\"tw-target-text\" class=\"tw-data-text tw-text-large tw-ta\" dir=\"ltr\" data-placeholder=\"Translation\" aria-label=\"\u00dcbersetzter Text\" data-ved=\"2ahUKEwikr8X52saHAxV4mq8BHbZ8AHMQ3ewLegQIEhAU\"><span class=\"Y2IQFc\" lang=\"en\">Volumen \uff1a5L<\/span><\/p>","protected":false},"featured_media":1795,"template":"","meta":[],"product_brand":[],"product_cat":[48],"product_tag":[],"class_list":{"0":"post-1609","1":"product","2":"type-product","3":"status-publish","4":"has-post-thumbnail","6":"product_cat-horizontal-manual-sausage-stuffer","8":"first","9":"instock","10":"shipping-taxable","11":"product-type-simple"},"_links":{"self":[{"href":"https:\/\/sausage-stuffer.com\/de\/wp-json\/wp\/v2\/product\/1609","targetHints":{"allow":["GET"]}}],"collection":[{"href":"https:\/\/sausage-stuffer.com\/de\/wp-json\/wp\/v2\/product"}],"about":[{"href":"https:\/\/sausage-stuffer.com\/de\/wp-json\/wp\/v2\/types\/product"}],"wp:featuredmedia":[{"embeddable":true,"href":"https:\/\/sausage-stuffer.com\/de\/wp-json\/wp\/v2\/media\/1795"}],"wp:attachment":[{"href":"https:\/\/sausage-stuffer.com\/de\/wp-json\/wp\/v2\/media?parent=1609"}],"wp:term":[{"taxonomy":"product_brand","embeddable":true,"href":"https:\/\/sausage-stuffer.com\/de\/wp-json\/wp\/v2\/product_brand?post=1609"},{"taxonomy":"product_cat","embeddable":true,"href":"https:\/\/sausage-stuffer.com\/de\/wp-json\/wp\/v2\/product_cat?post=1609"},{"taxonomy":"product_tag","embeddable":true,"href":"https:\/\/sausage-stuffer.com\/de\/wp-json\/wp\/v2\/product_tag?post=1609"}],"curies":[{"name":"wp","href":"https:\/\/api.w.org\/{rel}","templated":true}]}}