{"id":1608,"date":"2024-07-23T14:33:33","date_gmt":"2024-07-23T14:33:33","guid":{"rendered":"https:\/\/sausage-stuffer.com\/?post_type=product&#038;p=1608"},"modified":"2024-08-15T06:06:06","modified_gmt":"2024-08-15T06:06:06","slug":"homemade-sausage-stuffer-sh7","status":"publish","type":"product","link":"https:\/\/sausage-stuffer.com\/de\/manufacturer\/homemade-sausage-stuffer-sh7\/","title":{"rendered":"Hausgemachte Wurstf\u00fcller SH-7"},"content":{"rendered":"<h3><span style=\"color: #000000;\"><strong>Hausgemachte Wurstf\u00fcller Vorteile<\/strong><\/span><\/h3>\n<p><span style=\"color: #000000;\"><strong>1. pr\u00e4zise Kontrolle<\/strong>:<\/span><\/p>\n<ul>\n<li><span style=\"color: #000000;\">Erm\u00f6glicht eine gleichm\u00e4\u00dfige F\u00fcllung, reduziert das Risiko von Luftblasen und sorgt f\u00fcr eine gleichm\u00e4\u00dfige Verteilung der Wurstmasse.<\/span><\/li>\n<\/ul>\n<p><span style=\"color: #000000;\"><strong>2. die Dauerhaftigkeit<\/strong>:<\/span><\/p>\n<ul>\n<li><span style=\"color: #000000;\">Hochwertige Materialien wie rostfreier Stahl gew\u00e4hrleisten eine lange Lebensdauer und Widerstandsf\u00e4higkeit gegen Rost und Korrosion.<\/span><\/li>\n<\/ul>\n<p><span style=\"color: #000000;\"><strong>3. die Vielseitigkeit<\/strong>:<\/span><\/p>\n<ul>\n<li><span style=\"color: #000000;\">Geeignet f\u00fcr eine breite Palette von Wurstsorten, einschlie\u00dflich Bratwurst, Chorizo, italienische Wurst und mehr.<\/span><\/li>\n<li><span style=\"color: #000000;\">Kann sowohl f\u00fcr Fleisch- als auch f\u00fcr vegetarische Wurstrezepte verwendet werden.<\/span><\/li>\n<\/ul>\n<p><span style=\"color: #000000;\"><strong>4 Benutzerfreundlichkeit<\/strong>:<\/span><\/p>\n<ul>\n<li><span style=\"color: #000000;\">Generell einfach zu montieren, zu verwenden und zu reinigen, so dass es sowohl f\u00fcr Anf\u00e4nger als auch f\u00fcr erfahrene Wurstmacher geeignet ist.<\/span><\/li>\n<\/ul>\n<p>&nbsp;<\/p>\n<h3><span style=\"color: #000000;\"><strong>Hausgemachte Wurstf\u00fcller Wartung<\/strong><\/span><\/h3>\n<p><span style=\"color: #000000;\"><strong>1. regelm\u00e4\u00dfige Reinigung<\/strong>:<\/span><\/p>\n<ul>\n<li><span style=\"color: #000000;\">Nehmen Sie das Ger\u00e4t nach jedem Gebrauch auseinander und reinigen Sie alle Teile mit warmer Seifenlauge.<\/span><\/li>\n<li><span style=\"color: #000000;\">Stellen Sie sicher, dass alle Fleischreste entfernt werden, um das Wachstum von Bakterien zu verhindern.<\/span><\/li>\n<\/ul>\n<p><span style=\"color: #000000;\"><strong>2. die Schmierung<\/strong>:<\/span><\/p>\n<ul>\n<li><span style=\"color: #000000;\">Schmieren Sie die beweglichen Teile, wie z. B. die Kurbel und den Kolben, gelegentlich mit einem lebensmittelechten Schmiermittel, um einen reibungslosen Betrieb zu gew\u00e4hrleisten.<\/span><\/li>\n<\/ul>\n<p><span style=\"color: #000000;\"><strong>3.Inspektion<\/strong>:<\/span><\/p>\n<ul>\n<li><span style=\"color: #000000;\">\u00dcberpr\u00fcfen Sie die Maschine regelm\u00e4\u00dfig auf Anzeichen von Verschlei\u00df oder Sch\u00e4den. Ersetzen Sie verschlissene Teile bei Bedarf, um die Leistung zu erhalten.<\/span><\/li>\n<\/ul>","protected":false},"excerpt":{"rendered":"<h4><strong><span class=\"Y2IQFc\" lang=\"en\">Grundlegende Parameter<\/span><\/strong><\/h4>\n<p>Typ\uff1ahorizontal m<span class=\"Y2IQFc\" lang=\"en\">anual s<\/span>Dosen\u00f6ffner<\/p>\n<p>Zylinder-Durchmesser (mm): 140*460<\/p>\n<p>Gr\u00f6\u00dfe\uff1a350*360*830\uff08mm\uff09<\/p>\n<p>Nettogewicht \uff1a11 KG<\/p>\n<p id=\"tw-target-text\" class=\"tw-data-text tw-text-large tw-ta\" dir=\"ltr\" data-placeholder=\"Translation\" aria-label=\"\u00dcbersetzter Text\" data-ved=\"2ahUKEwikr8X52saHAxV4mq8BHbZ8AHMQ3ewLegQIEhAU\"><span class=\"Y2IQFc\" lang=\"en\">Band \uff1a7L<\/span><\/p>","protected":false},"featured_media":1796,"template":"","meta":[],"product_brand":[],"product_cat":[48],"product_tag":[],"class_list":{"0":"post-1608","1":"product","2":"type-product","3":"status-publish","4":"has-post-thumbnail","6":"product_cat-horizontal-manual-sausage-stuffer","8":"first","9":"instock","10":"shipping-taxable","11":"product-type-simple"},"_links":{"self":[{"href":"https:\/\/sausage-stuffer.com\/de\/wp-json\/wp\/v2\/product\/1608","targetHints":{"allow":["GET"]}}],"collection":[{"href":"https:\/\/sausage-stuffer.com\/de\/wp-json\/wp\/v2\/product"}],"about":[{"href":"https:\/\/sausage-stuffer.com\/de\/wp-json\/wp\/v2\/types\/product"}],"wp:featuredmedia":[{"embeddable":true,"href":"https:\/\/sausage-stuffer.com\/de\/wp-json\/wp\/v2\/media\/1796"}],"wp:attachment":[{"href":"https:\/\/sausage-stuffer.com\/de\/wp-json\/wp\/v2\/media?parent=1608"}],"wp:term":[{"taxonomy":"product_brand","embeddable":true,"href":"https:\/\/sausage-stuffer.com\/de\/wp-json\/wp\/v2\/product_brand?post=1608"},{"taxonomy":"product_cat","embeddable":true,"href":"https:\/\/sausage-stuffer.com\/de\/wp-json\/wp\/v2\/product_cat?post=1608"},{"taxonomy":"product_tag","embeddable":true,"href":"https:\/\/sausage-stuffer.com\/de\/wp-json\/wp\/v2\/product_tag?post=1608"}],"curies":[{"name":"wp","href":"https:\/\/api.w.org\/{rel}","templated":true}]}}