{"id":1607,"date":"2024-07-23T14:32:43","date_gmt":"2024-07-23T14:32:43","guid":{"rendered":"https:\/\/sausage-stuffer.com\/?post_type=product&#038;p=1607"},"modified":"2024-08-15T06:11:04","modified_gmt":"2024-08-15T06:11:04","slug":"sausage-stuffer-maker-sh3","status":"publish","type":"product","link":"https:\/\/sausage-stuffer.com\/de\/manufacturer\/sausage-stuffer-maker-sh3\/","title":{"rendered":"Wurstf\u00fcllmaschine SH-3"},"content":{"rendered":"<h2><strong>Design und Funktionalit\u00e4t der Wurstf\u00fcllmaschine<\/strong><\/h2>\n<p>1. horizontale Bauweise: Dieser F\u00fcllertyp hat einen horizontal angeordneten Zylinder, der eine gleichm\u00e4\u00dfigere F\u00fcllung der Wursth\u00fcllen erm\u00f6glicht. Die horizontale Bauweise ist im Vergleich zu vertikalen F\u00fcllern oft stabiler.<\/p>\n<p>2. manuelle Bedienung: Diese F\u00fcllmaschinen werden mit einer Handkurbel bedient, so dass der Benutzer die Geschwindigkeit und den Druck des F\u00fcllvorgangs kontrollieren kann. Diese manuelle Steuerung kann zu einer besseren Konsistenz und weniger Lufteinschl\u00fcssen in den W\u00fcrsten f\u00fchren.<\/p>\n<p>3. die Kapazit\u00e4t: Horizontale manuelle Wurstf\u00fcller gibt es mit verschiedenen Kapazit\u00e4ten, die in der Regel von 5 Pfund bis 20 Pfund oder mehr reichen und je nach den Bed\u00fcrfnissen des Benutzers unterschiedliche Chargengr\u00f6\u00dfen aufnehmen k\u00f6nnen.<\/p>\n<p>4. das Material: Hochwertige Horizontalf\u00fcller sind in der Regel aus rostfreiem Stahl oder anderen langlebigen Materialien gefertigt, die leicht zu reinigen und resistent gegen Rost und Korrosion sind.<\/p>\n<p>5.Komponenten:<\/p>\n<ul>\n<li><strong>Zylinder<\/strong>: Hier wird die Wurstmasse eingelegt.<\/li>\n<li><strong>Kolben<\/strong>: Bewegt das Gemisch durch den Zylinder.<\/li>\n<li><strong>Handkurbel<\/strong>: Bet\u00e4tigt den Kolben von Hand.<\/li>\n<li><strong>D\u00fcsen\/Tunnels<\/strong>: Verschiedene Gr\u00f6\u00dfen f\u00fcr verschiedene Wurstsorten.<\/li>\n<\/ul>","protected":false},"excerpt":{"rendered":"<h2><strong><span class=\"Y2IQFc\" lang=\"en\">Grundlegende Parameter der Wurstf\u00fcllmaschine<\/span><\/strong><\/h2>\n<p>Typ\uff1ahorizontal m<span class=\"Y2IQFc\" lang=\"en\">anual s<\/span>Dosen\u00f6ffner<\/p>\n<p>Zylinder-Durchmesser (mm): 140*200<\/p>\n<p>Gr\u00f6\u00dfe\uff1a288*360*570\uff08mm\uff09<\/p>\n<p>Nettogewicht \uff1a9 KG<\/p>\n<p id=\"tw-target-text\" class=\"tw-data-text tw-text-large tw-ta\" dir=\"ltr\" data-placeholder=\"Translation\" aria-label=\"\u00dcbersetzter Text\" data-ved=\"2ahUKEwikr8X52saHAxV4mq8BHbZ8AHMQ3ewLegQIEhAU\"><span class=\"Y2IQFc\" lang=\"en\">Volumen \uff1a3 L<\/span><\/p>","protected":false},"featured_media":1794,"template":"","meta":[],"product_brand":[],"product_cat":[48],"product_tag":[],"class_list":{"0":"post-1607","1":"product","2":"type-product","3":"status-publish","4":"has-post-thumbnail","6":"product_cat-horizontal-manual-sausage-stuffer","8":"first","9":"instock","10":"shipping-taxable","11":"product-type-simple"},"_links":{"self":[{"href":"https:\/\/sausage-stuffer.com\/de\/wp-json\/wp\/v2\/product\/1607","targetHints":{"allow":["GET"]}}],"collection":[{"href":"https:\/\/sausage-stuffer.com\/de\/wp-json\/wp\/v2\/product"}],"about":[{"href":"https:\/\/sausage-stuffer.com\/de\/wp-json\/wp\/v2\/types\/product"}],"wp:featuredmedia":[{"embeddable":true,"href":"https:\/\/sausage-stuffer.com\/de\/wp-json\/wp\/v2\/media\/1794"}],"wp:attachment":[{"href":"https:\/\/sausage-stuffer.com\/de\/wp-json\/wp\/v2\/media?parent=1607"}],"wp:term":[{"taxonomy":"product_brand","embeddable":true,"href":"https:\/\/sausage-stuffer.com\/de\/wp-json\/wp\/v2\/product_brand?post=1607"},{"taxonomy":"product_cat","embeddable":true,"href":"https:\/\/sausage-stuffer.com\/de\/wp-json\/wp\/v2\/product_cat?post=1607"},{"taxonomy":"product_tag","embeddable":true,"href":"https:\/\/sausage-stuffer.com\/de\/wp-json\/wp\/v2\/product_tag?post=1607"}],"curies":[{"name":"wp","href":"https:\/\/api.w.org\/{rel}","templated":true}]}}