{"id":1606,"date":"2024-07-23T14:25:04","date_gmt":"2024-07-23T14:25:04","guid":{"rendered":"https:\/\/sausage-stuffer.com\/?post_type=product&#038;p=1606"},"modified":"2024-08-15T03:35:17","modified_gmt":"2024-08-15T03:35:17","slug":"15-pound-sausage-stuffer-sv15","status":"publish","type":"product","link":"https:\/\/sausage-stuffer.com\/de\/manufacturer\/15-pound-sausage-stuffer-sv15\/","title":{"rendered":"15 Pfund Wurstf\u00fcller SV15"},"content":{"rendered":"<h2><strong>15 Pfund<\/strong><strong>\u00a0<\/strong><strong>Wurstf\u00fcller M<\/strong><strong>achine:<\/strong><\/h2>\n<ul>\n<li>Konstruktion aus rostfreiem Stahl.<\/li>\n<li>Zweistufiges Design f\u00fcr schnelles L\u00f6sen und langsames Stopfen.<\/li>\n<li>Wird mit vier Edelstahld\u00fcsen geliefert.<\/li>\n<\/ul>\n<p>&nbsp;<\/p>\n<h2><span style=\"font-size: 100%;\"><strong>15 Pfund Wurstf\u00fcller Hauptmerkmale<\/strong>:<\/span><\/h2>\n<div class=\"flex-shrink-0 flex flex-col relative items-end\">\n<div class=\"pt-0\">\n<ol>\n<li>Vertikaler Zylinder: Durch die vertikale Bauweise wird der F\u00fcllvorgang durch die Schwerkraft unterst\u00fctzt, so dass die Fleischmischung leichter zu handhaben ist.<\/li>\n<li>Manuelle Kurbel: Betrieben mit einer Handkurbel, die dem Benutzer die Kontrolle \u00fcber die Stopfgeschwindigkeit gibt.<\/li>\n<li>Konstruktion aus rostfreiem Stahl: Langlebig und leicht zu reinigen, verhindert Rost und sorgt f\u00fcr Hygiene.<\/li>\n<li>Mehrere D\u00fcsen: Mit unterschiedlich gro\u00dfen F\u00fcllrohren f\u00fcr die Herstellung verschiedener Wurstsorten.<\/li>\n<li>Kapazit\u00e4t: Erh\u00e4ltlich in verschiedenen Kapazit\u00e4ten, in der Regel von 5 bis 15 Pfund, geeignet f\u00fcr verschiedene Chargengr\u00f6\u00dfen.<\/li>\n<li>Abnehmbare Teile: Einfache Demontage zur gr\u00fcndlichen Reinigung<\/li>\n<\/ol>\n<\/div>\n<\/div>","protected":false},"excerpt":{"rendered":"<h4><strong><span class=\"Y2IQFc\" lang=\"en\">Grundlegende Parameter<\/span><\/strong><\/h4>\n<p>Typ\uff1a15 Pfund <span class=\"Y2IQFc\" lang=\"en\">s<\/span>Dosen\u00f6ffner<\/p>\n<p>Zylinder-Durchmesser (mm):\uffe0219*400<\/p>\n<p>Gr\u00f6\u00dfe\uff1a370*330*710\uff08mm\uff09<\/p>\n<p>Nettogewicht \uff1a15 KG<\/p>\n<p id=\"tw-target-text\" class=\"tw-data-text tw-text-large tw-ta\" dir=\"ltr\" data-placeholder=\"Translation\" aria-label=\"\u00dcbersetzter Text\" data-ved=\"2ahUKEwikr8X52saHAxV4mq8BHbZ8AHMQ3ewLegQIEhAU\"><span class=\"Y2IQFc\" lang=\"en\">Volumen \uff1a15 L<\/span><\/p>","protected":false},"featured_media":1558,"template":"","meta":[],"product_brand":[],"product_cat":[47],"product_tag":[],"class_list":{"0":"post-1606","1":"product","2":"type-product","3":"status-publish","4":"has-post-thumbnail","6":"product_cat-vertical-manual-sausage-stuffer","8":"first","9":"instock","10":"shipping-taxable","11":"product-type-simple"},"_links":{"self":[{"href":"https:\/\/sausage-stuffer.com\/de\/wp-json\/wp\/v2\/product\/1606","targetHints":{"allow":["GET"]}}],"collection":[{"href":"https:\/\/sausage-stuffer.com\/de\/wp-json\/wp\/v2\/product"}],"about":[{"href":"https:\/\/sausage-stuffer.com\/de\/wp-json\/wp\/v2\/types\/product"}],"wp:featuredmedia":[{"embeddable":true,"href":"https:\/\/sausage-stuffer.com\/de\/wp-json\/wp\/v2\/media\/1558"}],"wp:attachment":[{"href":"https:\/\/sausage-stuffer.com\/de\/wp-json\/wp\/v2\/media?parent=1606"}],"wp:term":[{"taxonomy":"product_brand","embeddable":true,"href":"https:\/\/sausage-stuffer.com\/de\/wp-json\/wp\/v2\/product_brand?post=1606"},{"taxonomy":"product_cat","embeddable":true,"href":"https:\/\/sausage-stuffer.com\/de\/wp-json\/wp\/v2\/product_cat?post=1606"},{"taxonomy":"product_tag","embeddable":true,"href":"https:\/\/sausage-stuffer.com\/de\/wp-json\/wp\/v2\/product_tag?post=1606"}],"curies":[{"name":"wp","href":"https:\/\/api.w.org\/{rel}","templated":true}]}}