{"id":1604,"date":"2024-07-23T14:23:23","date_gmt":"2024-07-23T14:23:23","guid":{"rendered":"https:\/\/sausage-stuffer.com\/?post_type=product&#038;p=1604"},"modified":"2024-08-15T05:50:55","modified_gmt":"2024-08-15T05:50:55","slug":"cast-iron-sausage-stuffer-sv10","status":"publish","type":"product","link":"https:\/\/sausage-stuffer.com\/de\/manufacturer\/cast-iron-sausage-stuffer-sv10\/","title":{"rendered":"Gusseisen Wurstf\u00fcller SV10"},"content":{"rendered":"<h2><strong>Gusseisen Wurstf\u00fcller 10lb:<\/strong><\/h2>\n<ul>\n<li>Konstruktion aus rostfreiem Stahl.<\/li>\n<li>Zweistufiges Design f\u00fcr schnelles L\u00f6sen und langsames Stopfen.<\/li>\n<li>Wird mit vier Edelstahld\u00fcsen geliefert.<\/li>\n<\/ul>\n<p>&nbsp;<\/p>\n<h2><strong>Gusseisen Wurstf\u00fcller Verwendungstipps:<\/strong><\/h2>\n<ol>\n<li><strong>Das Fleisch k\u00fchlen<\/strong>: Halten Sie die Fleischmischung kalt, damit sie sich leicht f\u00fcllen l\u00e4sst und eine gute Konsistenz beh\u00e4lt.<\/li>\n<li><strong>D\u00e4rme einweichen<\/strong>: Weichen Sie Naturd\u00e4rme vor der Verwendung in warmem Wasser ein, damit sie biegsamer und leichter zu handhaben sind.<\/li>\n<li><strong>Konstanter Druck<\/strong>: Drehen Sie die Kurbel gleichm\u00e4\u00dfig, um Lufteinschl\u00fcsse in den W\u00fcrsten zu vermeiden.<\/li>\n<li><strong>Schmieren Sie die D\u00fcse<\/strong>: Mit etwas Wasser oder Speise\u00f6l lassen sich die D\u00e4rme besser auf die D\u00fcse aufziehen.<\/li>\n<li><strong>Gr\u00fcndlich reinigen<\/strong>: Demontieren und reinigen Sie alle Teile nach jedem Gebrauch, um die Hygiene zu wahren und die Lebensdauer des Ger\u00e4ts zu verl\u00e4ngern.<\/li>\n<\/ol>","protected":false},"excerpt":{"rendered":"<h4><strong>Grundlegende Parameter<\/strong><\/h4>\n<p>Typ\uff1avertikale manuelle Wurstf\u00fcller<\/p>\n<p>Zylinder-Durchmesser (mm):\uffe0219*70<\/p>\n<p>Gr\u00f6\u00dfe\uff1a370*330*580\uff08mm\uff09<\/p>\n<p>Nettogewicht \uff1a12 kg<\/p>\n<p>Volumen \uff1a10L<\/p>","protected":false},"featured_media":1556,"template":"","meta":[],"product_brand":[],"product_cat":[47],"product_tag":[],"class_list":{"0":"post-1604","1":"product","2":"type-product","3":"status-publish","4":"has-post-thumbnail","6":"product_cat-vertical-manual-sausage-stuffer","8":"first","9":"instock","10":"shipping-taxable","11":"product-type-simple"},"_links":{"self":[{"href":"https:\/\/sausage-stuffer.com\/de\/wp-json\/wp\/v2\/product\/1604","targetHints":{"allow":["GET"]}}],"collection":[{"href":"https:\/\/sausage-stuffer.com\/de\/wp-json\/wp\/v2\/product"}],"about":[{"href":"https:\/\/sausage-stuffer.com\/de\/wp-json\/wp\/v2\/types\/product"}],"wp:featuredmedia":[{"embeddable":true,"href":"https:\/\/sausage-stuffer.com\/de\/wp-json\/wp\/v2\/media\/1556"}],"wp:attachment":[{"href":"https:\/\/sausage-stuffer.com\/de\/wp-json\/wp\/v2\/media?parent=1604"}],"wp:term":[{"taxonomy":"product_brand","embeddable":true,"href":"https:\/\/sausage-stuffer.com\/de\/wp-json\/wp\/v2\/product_brand?post=1604"},{"taxonomy":"product_cat","embeddable":true,"href":"https:\/\/sausage-stuffer.com\/de\/wp-json\/wp\/v2\/product_cat?post=1604"},{"taxonomy":"product_tag","embeddable":true,"href":"https:\/\/sausage-stuffer.com\/de\/wp-json\/wp\/v2\/product_tag?post=1604"}],"curies":[{"name":"wp","href":"https:\/\/api.w.org\/{rel}","templated":true}]}}