{"id":1603,"date":"2024-07-23T14:22:30","date_gmt":"2024-07-23T14:22:30","guid":{"rendered":"https:\/\/sausage-stuffer.com\/?post_type=product&#038;p=1603"},"modified":"2024-08-15T05:46:10","modified_gmt":"2024-08-15T05:46:10","slug":"sausage-stuffer-and-meat-grinder","status":"publish","type":"product","link":"https:\/\/sausage-stuffer.com\/de\/manufacturer\/sausage-stuffer-and-meat-grinder\/","title":{"rendered":"Wurstf\u00fcller und Fleischwolf SV7"},"content":{"rendered":"<h2><strong>Wurstf\u00fcller und Fleischwolf<\/strong><strong>:<\/strong><\/h2>\n<ul>\n<li>Konstruktion aus rostfreiem Stahl.<\/li>\n<li>Zweistufiges Design f\u00fcr schnelles L\u00f6sen und langsames Stopfen.<\/li>\n<li>Wird mit vier Edelstahld\u00fcsen geliefert.<\/li>\n<\/ul>\n<p>&nbsp;<\/p>\n<h2><span style=\"font-size: 100%;\"><strong><strong>Wurstf\u00fcller und Fleischwolf Hauptmerkmale<\/strong><\/strong>:<\/span><\/h2>\n<div class=\"flex-shrink-0 flex flex-col relative items-end\">\n<div class=\"pt-0\">\n<ol>\n<li><strong>Vertikaler Zylinder<\/strong>: Durch die vertikale Bauweise unterst\u00fctzt die Schwerkraft den F\u00fcllvorgang und erleichtert die Handhabung der Fleischmasse.<\/li>\n<li><strong>Manuelle Kurbel<\/strong>: Die Bedienung erfolgt \u00fcber eine Handkurbel, die dem Benutzer die Kontrolle \u00fcber die Stopfgeschwindigkeit gibt.<\/li>\n<li><strong>Konstruktion aus rostfreiem Stahl<\/strong>: Langlebig und leicht zu reinigen, verhindert Rost und sorgt f\u00fcr Hygiene.<\/li>\n<li><strong>Mehrere D\u00fcsen<\/strong>: Wird mit unterschiedlich gro\u00dfen F\u00fcllrohren geliefert, um verschiedene Arten von W\u00fcrstchen herzustellen.<\/li>\n<li><strong>Kapazit\u00e4t<\/strong>: Erh\u00e4ltlich in verschiedenen Kapazit\u00e4ten, in der Regel von 5 bis 15 Pfund, geeignet f\u00fcr verschiedene Chargengr\u00f6\u00dfen.<\/li>\n<li><strong>Abnehmbare Teile<\/strong>: Einfache Demontage zur gr\u00fcndlichen Reinigung<\/li>\n<\/ol>\n<\/div>\n<\/div>","protected":false},"excerpt":{"rendered":"<h4><strong><span class=\"Y2IQFc\" lang=\"en\">Grundlegende Parameter<\/span><\/strong><\/h4>\n<p>Typ\uff1avertikal m<span class=\"Y2IQFc\" lang=\"en\">anual s<\/span>Dosen\u00f6ffner<\/p>\n<p>Zylinder-Durchmesser (mm):\uffe0140*460<\/p>\n<p>Gr\u00f6\u00dfe\uff1a300*340*830\uff08mm\uff09<\/p>\n<p>Nettogewicht \uff1a11,5 KG<\/p>\n<p id=\"tw-target-text\" class=\"tw-data-text tw-text-large tw-ta\" dir=\"ltr\" data-placeholder=\"Translation\" aria-label=\"\u00dcbersetzter Text\" data-ved=\"2ahUKEwikr8X52saHAxV4mq8BHbZ8AHMQ3ewLegQIEhAU\"><span class=\"Y2IQFc\" lang=\"en\">Band \uff1a7L<\/span><\/p>","protected":false},"featured_media":1555,"template":"","meta":[],"product_brand":[],"product_cat":[47],"product_tag":[],"class_list":{"0":"post-1603","1":"product","2":"type-product","3":"status-publish","4":"has-post-thumbnail","6":"product_cat-vertical-manual-sausage-stuffer","8":"first","9":"instock","10":"shipping-taxable","11":"product-type-simple"},"_links":{"self":[{"href":"https:\/\/sausage-stuffer.com\/de\/wp-json\/wp\/v2\/product\/1603","targetHints":{"allow":["GET"]}}],"collection":[{"href":"https:\/\/sausage-stuffer.com\/de\/wp-json\/wp\/v2\/product"}],"about":[{"href":"https:\/\/sausage-stuffer.com\/de\/wp-json\/wp\/v2\/types\/product"}],"wp:featuredmedia":[{"embeddable":true,"href":"https:\/\/sausage-stuffer.com\/de\/wp-json\/wp\/v2\/media\/1555"}],"wp:attachment":[{"href":"https:\/\/sausage-stuffer.com\/de\/wp-json\/wp\/v2\/media?parent=1603"}],"wp:term":[{"taxonomy":"product_brand","embeddable":true,"href":"https:\/\/sausage-stuffer.com\/de\/wp-json\/wp\/v2\/product_brand?post=1603"},{"taxonomy":"product_cat","embeddable":true,"href":"https:\/\/sausage-stuffer.com\/de\/wp-json\/wp\/v2\/product_cat?post=1603"},{"taxonomy":"product_tag","embeddable":true,"href":"https:\/\/sausage-stuffer.com\/de\/wp-json\/wp\/v2\/product_tag?post=1603"}],"curies":[{"name":"wp","href":"https:\/\/api.w.org\/{rel}","templated":true}]}}