{"id":1717,"date":"2024-07-28T14:39:28","date_gmt":"2024-07-28T14:39:28","guid":{"rendered":"https:\/\/sausage-stuffer.com\/?post_type=product&#038;p=1717"},"modified":"2024-08-03T07:20:46","modified_gmt":"2024-08-03T07:20:46","slug":"commercial-bone-cutting-machine-jg210b","status":"publish","type":"product","link":"https:\/\/sausage-stuffer.com\/da\/manufacturer\/commercial-bone-cutting-machine-jg210b\/","title":{"rendered":"Kommerciel knoglesk\u00e6remaskine JG210B"},"content":{"rendered":"<p>En kommerciel bensk\u00e6remaskine er et specialiseret stykke udstyr, der er designet til kr\u00e6vende k\u00f8dforarbejdningsopgaver, is\u00e6r til at sk\u00e6re gennem knogler, frosset k\u00f8d og andre h\u00e5rde materialer i stork\u00f8kkener, slagterforretninger og k\u00f8dforarbejdningsanl\u00e6g. Her er nogle vigtige funktioner og overvejelser i forbindelse med s\u00e5danne maskiner:<\/p>\n<h3><strong>Funktioner<\/strong><\/h3>\n<h4><strong>1. kraftig motor :<\/strong><\/h4>\n<ul>\n<li>\n<h4><span style=\"color: #333333; font-size: 14.4px;\">Kraftige motorer sikrer j\u00e6vn og effektiv sk\u00e6ring i h\u00e5rde materialer.<\/span><\/h4>\n<\/li>\n<\/ul>\n<h4><strong>2. holdbar konstruktion:<\/strong><\/h4>\n<ul>\n<li>Bygget af robuste materialer som rustfrit st\u00e5l for at modst\u00e5 h\u00e5rd brug og sikre lang levetid.<\/li>\n<li>Korrosionsbestandige egenskaber er vigtige for hygiejne og holdbarhed.<\/li>\n<\/ul>\n<h4><strong>3. sikkerhedsfunktioner:<\/strong><\/h4>\n<ul>\n<li>Udstyret med sikkerhedsafsk\u00e6rmninger, n\u00f8dstopknapper og skridsikre f\u00f8dder for at sikre brugerens sikkerhed.<\/li>\n<li>Nogle modeller har automatisk knivslukning, hvis maskinen \u00e5bnes under arbejdet.<\/li>\n<\/ul>\n<h4><strong>4. justerbart blad:<\/strong><\/h4>\n<ul>\n<li>Justerbare klingeindstillinger til forskellige tykkelser og typer af snit.<\/li>\n<li>Let udskiftelige knive til forskellige sk\u00e6rebehov og vedligeholdelse.<\/li>\n<\/ul>\n<h4><strong>5. hygiejnisk design:<\/strong><\/h4>\n<ul>\n<li>Designet til nem reng\u00f8ring for at opretholde en h\u00f8j hygiejnestandard.<\/li>\n<li>Aftagelige dele, der t\u00e5ler opvaskemaskine eller er nemme at desinficere.<\/li>\n<\/ul>\n<h4><strong>6. pr\u00e6cisionssk\u00e6ring:<\/strong><\/h4>\n<ul>\n<li>Giver pr\u00e6cise og ensartede udsk\u00e6ringer for at sikre ensartede k\u00f8dportioner.<\/li>\n<li>Nogle maskiner leveres med m\u00e5leguider til n\u00f8jagtige udsk\u00e6ringer.<\/li>\n<\/ul>\n<h3><strong>Overvejelser<\/strong><\/h3>\n<p><strong>1.Kapacitet:<\/strong><\/p>\n<ul>\n<li>Maskinen skal passe til den m\u00e6ngde forarbejdning, der er n\u00f8dvendig for din virksomhed.<\/li>\n<li>Overvej st\u00f8rrelsen p\u00e5 sk\u00e6rebordet og den maksimale tykkelse, det kan h\u00e5ndtere.<\/li>\n<\/ul>\n<p><strong>2. brugervenlighed:<\/strong><\/p>\n<ul>\n<li>Brugervenlig betjening og klare instruktioner er afg\u00f8rende for effektiv drift.<\/li>\n<li>Man b\u00f8r ogs\u00e5 overveje behovet for uddannelse af personalet.<\/li>\n<\/ul>\n<p><strong>3.Vedligeholdelse:<\/strong><\/p>\n<ul>\n<li>Se efter maskiner med lettilg\u00e6ngelige dele til vedligeholdelse og reparationer.<\/li>\n<li>Tilg\u00e6ngelighed af reservedele og support fra producenten.<\/li>\n<\/ul>\n<p><strong>4. Energieffektivitet:<\/strong><\/p>\n<ul>\n<li>Maskiner med energibesparende funktioner kan reducere driftsomkostningerne over tid.<\/li>\n<\/ul>\n<p><strong>5.Cost:<\/strong><\/p>\n<ul>\n<li>Afvej den oprindelige investering med maskinens forventede holdbarhed og ydeevne.<\/li>\n<li>Overvej de samlede ejeromkostninger, herunder vedligeholdelses- og driftsomkostninger.<\/li>\n<\/ul>\n<h3><strong>Kommercielle anvendelser af knoglesk\u00e6remaskiner<\/strong><\/h3>\n<p><strong>Slagterbutikker:<\/strong><\/p>\n<ul>\n<li>Til at sk\u00e6re gennem store dele af k\u00f8d og ben med pr\u00e6cision og hastighed.<\/li>\n<\/ul>\n<p><strong>K\u00f8dforarbejdningsanl\u00e6g:<\/strong><\/p>\n<ul>\n<li>Uundv\u00e6rlig til forarbejdning af k\u00f8dprodukter i store m\u00e6ngder.<\/li>\n<\/ul>\n<p><strong>Kommercielle k\u00f8kkener:<\/strong><\/p>\n<ul>\n<li>Nyttigt for restauranter og cateringfirmaer, der h\u00e5ndterer store m\u00e6ngder k\u00f8dtilberedning.<\/li>\n<\/ul>","protected":false},"excerpt":{"rendered":"<h4><strong><span class=\"Y2IQFc\" lang=\"en\">Kommerciel knoglesk\u00e6remaskine JG210B Tekniske parametre:.<\/span><\/strong><\/h4>\n<ul>\n<li class=\"tw-data-text tw-text-large tw-ta\" dir=\"ltr\" data-placeholder=\"Translation\" aria-label=\"Oversat tekst\" data-ved=\"2ahUKEwj2ucO6-8mHAxXmh68BHRM1GoEQ3ewLegQIEBAU\">Sp\u00e6nding \uff1a110 -220 v<\/li>\n<li class=\"tw-data-text tw-text-large tw-ta\" dir=\"ltr\" data-placeholder=\"Translation\" aria-label=\"Oversat tekst\" data-ved=\"2ahUKEwj2ucO6-8mHAxXmh68BHRM1GoEQ3ewLegQIEBAU\"><span class=\"Y2IQFc\" lang=\"en\">Frekvens \uff1a50\/60 Hz<\/span><\/li>\n<li dir=\"ltr\" data-placeholder=\"Translation\" aria-label=\"Oversat tekst\" data-ved=\"2ahUKEwj2ucO6-8mHAxXmh68BHRM1GoEQ3ewLegQIEBAU\">Motoreffekt :1500 w<\/li>\n<li dir=\"ltr\" data-placeholder=\"Translation\" aria-label=\"Oversat tekst\" data-ved=\"2ahUKEwj2ucO6-8mHAxXmh68BHRM1GoEQ3ewLegQIEBAU\">Bladets l\u00e6ngde: 2400 mm<\/li>\n<li dir=\"ltr\" data-placeholder=\"Translation\" aria-label=\"Oversat tekst\" data-ved=\"2ahUKEwj2ucO6-8mHAxXmh68BHRM1GoEQ3ewLegQIEBAU\">Bordspecifikation: 506*416 mm<\/li>\n<li dir=\"ltr\" data-placeholder=\"Translation\" aria-label=\"Oversat tekst\" data-ved=\"2ahUKEwj2ucO6-8mHAxXmh68BHRM1GoEQ3ewLegQIEBAU\">Sk\u00e6retykkelse :5-155 mm<\/li>\n<li dir=\"ltr\" data-placeholder=\"Translation\" aria-label=\"Oversat tekst\" data-ved=\"2ahUKEwj2ucO6-8mHAxXmh68BHRM1GoEQ3ewLegQIEBAU\">V\u00c6GT\/V\u00c6GT: 61 KG\/51 KG<\/li>\n<li dir=\"ltr\" data-placeholder=\"Translation\" aria-label=\"Oversat tekst\" data-ved=\"2ahUKEwj2ucO6-8mHAxXmh68BHRM1GoEQ3ewLegQIEBAU\">Produktets st\u00f8rrelse: 52*56*97 cm<\/li>\n<li dir=\"ltr\" data-placeholder=\"Translation\" aria-label=\"Oversat tekst\" data-ved=\"2ahUKEwj2ucO6-8mHAxXmh68BHRM1GoEQ3ewLegQIEBAU\">Pakkens st\u00f8rrelse: 62*66*107 cm<\/li>\n<\/ul>","protected":false},"featured_media":1862,"template":"","meta":[],"product_brand":[],"product_cat":[44],"product_tag":[],"class_list":{"0":"post-1717","1":"product","2":"type-product","3":"status-publish","4":"has-post-thumbnail","6":"product_cat-bone-cutting-machine","8":"first","9":"instock","10":"shipping-taxable","11":"product-type-simple"},"_links":{"self":[{"href":"https:\/\/sausage-stuffer.com\/da\/wp-json\/wp\/v2\/product\/1717","targetHints":{"allow":["GET"]}}],"collection":[{"href":"https:\/\/sausage-stuffer.com\/da\/wp-json\/wp\/v2\/product"}],"about":[{"href":"https:\/\/sausage-stuffer.com\/da\/wp-json\/wp\/v2\/types\/product"}],"wp:featuredmedia":[{"embeddable":true,"href":"https:\/\/sausage-stuffer.com\/da\/wp-json\/wp\/v2\/media\/1862"}],"wp:attachment":[{"href":"https:\/\/sausage-stuffer.com\/da\/wp-json\/wp\/v2\/media?parent=1717"}],"wp:term":[{"taxonomy":"product_brand","embeddable":true,"href":"https:\/\/sausage-stuffer.com\/da\/wp-json\/wp\/v2\/product_brand?post=1717"},{"taxonomy":"product_cat","embeddable":true,"href":"https:\/\/sausage-stuffer.com\/da\/wp-json\/wp\/v2\/product_cat?post=1717"},{"taxonomy":"product_tag","embeddable":true,"href":"https:\/\/sausage-stuffer.com\/da\/wp-json\/wp\/v2\/product_tag?post=1717"}],"curies":[{"name":"wp","href":"https:\/\/api.w.org\/{rel}","templated":true}]}}