{"id":1693,"date":"2024-07-26T10:28:23","date_gmt":"2024-07-26T10:28:23","guid":{"rendered":"https:\/\/sausage-stuffer.com\/?post_type=product&#038;p=1693"},"modified":"2024-08-03T07:19:27","modified_gmt":"2024-08-03T07:19:27","slug":"electric-bone-cutting-machine-jg210a","status":"publish","type":"product","link":"https:\/\/sausage-stuffer.com\/da\/manufacturer\/electric-bone-cutting-machine-jg210a\/","title":{"rendered":"Elektrisk knoglesk\u00e6remaskine JG210A"},"content":{"rendered":"<p>Sammenlignet med JG210 er skallen p\u00e5 JG210A hovedsageligt lavet af jernmateriale, og udseendet er mere moderigtigt gennem spr\u00f8jtemalingsprocessen, mens hoveddelen er lavet af rustfrit st\u00e5lmateriale, der opfylder f\u00f8devaresikkerhedsstandarder. Dette forbedrede design kan forbedre produktets visuelle appel og samtidig sikre sikkerheden for dele, der kommer i kontakt med f\u00f8devarer.<\/p>\n<h4><strong>Knoglesk\u00e6remaskine Anvendelse:<\/strong><\/h4>\n<ul>\n<li>Velegnet til f\u00f8devareforarbejdningsfabrikker, cateringindustrien, kantiner, den kan sk\u00e6re alle slags knogler, frossent k\u00f8d, frossen fisk og rasorial-sk\u00e6ring.<\/li>\n<li>Maskinen bruges til opsk\u00e6ring af frosset k\u00f8d og k\u00f8d ved normal temperatur, men er ikke god til k\u00f8d uden ben ved normal temperatur.<\/li>\n<\/ul>\n<p>&nbsp;<\/p>\n<p><strong><b>Funktioner:<\/b><\/strong><\/p>\n<ul>\n<li>H\u00f8j effektivitet, lavt forbrug, sikker og p\u00e5lidelig.<\/li>\n<li>Brugervenlig h\u00e5ndtering, praktisk reng\u00f8ring, stabil ydeevne<\/li>\n<li>Kroppen er lavet af aluminiumslegering, de dele, der kommer i kontakt med f\u00f8devarer, er lavet af 304 rustfrit st\u00e5l, savklingen er lavet af massivt st\u00e5l, fast og holdbar.<\/li>\n<li>Indbygget vandt\u00e6t sikkerhedsanordning, n\u00e5r maskinens ydre d\u00e6ksel \u00e5bnes, stopper den med at arbejde<\/li>\n<\/ul>","protected":false},"excerpt":{"rendered":"<h4><strong><span class=\"Y2IQFc\" lang=\"en\">Knoglesk\u00e6remaskine JG210A Tekniske parametre \uff1a.<\/span><\/strong><\/h4>\n<ul>\n<li class=\"tw-data-text tw-text-large tw-ta\" dir=\"ltr\" data-placeholder=\"Translation\" aria-label=\"Oversat tekst\" data-ved=\"2ahUKEwj2ucO6-8mHAxXmh68BHRM1GoEQ3ewLegQIEBAU\">Sp\u00e6nding \uff1a110 -220 v<\/li>\n<li class=\"tw-data-text tw-text-large tw-ta\" dir=\"ltr\" data-placeholder=\"Translation\" aria-label=\"Oversat tekst\" data-ved=\"2ahUKEwj2ucO6-8mHAxXmh68BHRM1GoEQ3ewLegQIEBAU\"><span class=\"Y2IQFc\" lang=\"en\">Frekvens \uff1a50\/60 Hz<\/span><\/li>\n<li dir=\"ltr\" data-placeholder=\"Translation\" aria-label=\"Oversat tekst\" data-ved=\"2ahUKEwj2ucO6-8mHAxXmh68BHRM1GoEQ3ewLegQIEBAU\">Motoreffekt :750 w<\/li>\n<li dir=\"ltr\" data-placeholder=\"Translation\" aria-label=\"Oversat tekst\" data-ved=\"2ahUKEwj2ucO6-8mHAxXmh68BHRM1GoEQ3ewLegQIEBAU\">Bordspecifikation: 400*510 mm<\/li>\n<li dir=\"ltr\" data-placeholder=\"Translation\" aria-label=\"Oversat tekst\" data-ved=\"2ahUKEwj2ucO6-8mHAxXmh68BHRM1GoEQ3ewLegQIEBAU\">Sk\u00e6retykkelse: 5-150 mm<\/li>\n<li dir=\"ltr\" data-placeholder=\"Translation\" aria-label=\"Oversat tekst\" data-ved=\"2ahUKEwj2ucO6-8mHAxXmh68BHRM1GoEQ3ewLegQIEBAU\">Sk\u00e6reh\u00f8jde: 245 mm<\/li>\n<li dir=\"ltr\" data-placeholder=\"Translation\" aria-label=\"Oversat tekst\" data-ved=\"2ahUKEwj2ucO6-8mHAxXmh68BHRM1GoEQ3ewLegQIEBAU\">V\u00c6GT\/V\u00c6GT: 46 KG\/36 KG<\/li>\n<li dir=\"ltr\" data-placeholder=\"Translation\" aria-label=\"Oversat tekst\" data-ved=\"2ahUKEwj2ucO6-8mHAxXmh68BHRM1GoEQ3ewLegQIEBAU\">Produktets st\u00f8rrelse: 51*51*86 cm<\/li>\n<li dir=\"ltr\" data-placeholder=\"Translation\" aria-label=\"Oversat tekst\" data-ved=\"2ahUKEwj2ucO6-8mHAxXmh68BHRM1GoEQ3ewLegQIEBAU\">Pakkens st\u00f8rrelse: 61*61*96 cm<\/li>\n<\/ul>","protected":false},"featured_media":1761,"template":"","meta":[],"product_brand":[],"product_cat":[44],"product_tag":[],"class_list":{"0":"post-1693","1":"product","2":"type-product","3":"status-publish","4":"has-post-thumbnail","6":"product_cat-bone-cutting-machine","8":"first","9":"instock","10":"shipping-taxable","11":"product-type-simple"},"_links":{"self":[{"href":"https:\/\/sausage-stuffer.com\/da\/wp-json\/wp\/v2\/product\/1693","targetHints":{"allow":["GET"]}}],"collection":[{"href":"https:\/\/sausage-stuffer.com\/da\/wp-json\/wp\/v2\/product"}],"about":[{"href":"https:\/\/sausage-stuffer.com\/da\/wp-json\/wp\/v2\/types\/product"}],"wp:featuredmedia":[{"embeddable":true,"href":"https:\/\/sausage-stuffer.com\/da\/wp-json\/wp\/v2\/media\/1761"}],"wp:attachment":[{"href":"https:\/\/sausage-stuffer.com\/da\/wp-json\/wp\/v2\/media?parent=1693"}],"wp:term":[{"taxonomy":"product_brand","embeddable":true,"href":"https:\/\/sausage-stuffer.com\/da\/wp-json\/wp\/v2\/product_brand?post=1693"},{"taxonomy":"product_cat","embeddable":true,"href":"https:\/\/sausage-stuffer.com\/da\/wp-json\/wp\/v2\/product_cat?post=1693"},{"taxonomy":"product_tag","embeddable":true,"href":"https:\/\/sausage-stuffer.com\/da\/wp-json\/wp\/v2\/product_tag?post=1693"}],"curies":[{"name":"wp","href":"https:\/\/api.w.org\/{rel}","templated":true}]}}