{"id":1692,"date":"2024-07-26T10:26:16","date_gmt":"2024-07-26T10:26:16","guid":{"rendered":"https:\/\/sausage-stuffer.com\/?post_type=product&#038;p=1692"},"modified":"2024-07-28T15:09:30","modified_gmt":"2024-07-28T15:09:30","slug":"meat-bone-cutting-machine-jg210","status":"publish","type":"product","link":"https:\/\/sausage-stuffer.com\/da\/manufacturer\/meat-bone-cutting-machine-jg210\/","title":{"rendered":"K\u00f8dknogle-sk\u00e6remaskine JG210"},"content":{"rendered":"<h3><strong>Funktioner ved knoglesk\u00e6remaskine<\/strong><\/h3>\n<p><strong>1.Design<\/strong>:<\/p>\n<ul>\n<li>De er typisk robuste og fremstillet af holdbare materialer som rustfrit st\u00e5l til at klare kr\u00e6vende opgaver.<\/li>\n<li>Findes i forskellige st\u00f8rrelser, der passer til forskellige behov, fra kompakte modeller til sm\u00e5 virksomheder til store industrimaskiner.<\/li>\n<\/ul>\n<p><strong>2.Blade<\/strong>:<\/p>\n<ul>\n<li>Skarpe knive af h\u00f8j kvalitet, der kan sk\u00e6re gennem knogler og frosset k\u00f8d.<\/li>\n<li>Ofte lavet af rustfrit st\u00e5l eller andre korrosionsbestandige materialer.<\/li>\n<li>Nogle modeller har justerbare knive til forskellige tykkelser af snit.<\/li>\n<\/ul>\n<p><strong>3.Motor<\/strong>:<\/p>\n<ul>\n<li>Drevet af en st\u00e6rk motor, der giver det n\u00f8dvendige moment til at sk\u00e6re gennem h\u00e5rde materialer.<\/li>\n<li>Motoreffekten varierer afh\u00e6ngigt af maskinens st\u00f8rrelse og anvendelsesform\u00e5l, og industrimodeller har kraftigere motorer.<\/li>\n<\/ul>\n<p><strong>4. Sikkerhedsfunktioner<\/strong>:<\/p>\n<ul>\n<li>Udstyret med sikkerhedsafsk\u00e6rmninger og n\u00f8dstopknapper for at forhindre ulykker.<\/li>\n<li>Nogle modeller har automatiske slukningsmekanismer, hvis klingen s\u00e6tter sig fast eller bliver overophedet.<\/li>\n<\/ul>\n<p><strong>5.Operation<\/strong>:<\/p>\n<ul>\n<li>Kan v\u00e6re manuel, halvautomatisk eller fuldautomatisk.<\/li>\n<li>Manuelle maskiner kr\u00e6ver en st\u00f8rre fysisk indsats, mens automatiske maskiner er mere effektive og brugervenlige.<\/li>\n<\/ul>\n<p><strong>6. Reng\u00f8ring og vedligeholdelse<\/strong>:<\/p>\n<ul>\n<li>Designet til nem adskillelse for at lette grundig reng\u00f8ring.<\/li>\n<li>Visse dele af nogle modeller kan g\u00e5 i opvaskemaskinen.<\/li>\n<\/ul>\n<h3><strong>Fordele ved knoglesk\u00e6remaskiner<\/strong><\/h3>\n<p><strong>1.Effektivitet<\/strong>:<\/p>\n<ul>\n<li>Sk\u00e6rer hurtigt og pr\u00e6cist gennem knogler og frossent k\u00f8d, hvilket sparer tid og kr\u00e6fter.<\/li>\n<li>Uundv\u00e6rlig til k\u00f8dforarbejdning i store m\u00e6ngder.<\/li>\n<\/ul>\n<p><strong>2. konsekvens<\/strong>:<\/p>\n<ul>\n<li>Sikrer ensartede udsk\u00e6ringer, hvilket er afg\u00f8rende for pr\u00e6sentation og konsistens i tilberedningen.<\/li>\n<\/ul>\n<p><strong>3. Sikkerhed<\/strong>:<\/p>\n<ul>\n<li>Designet med flere sikkerhedsfunktioner for at beskytte brugeren mod skader.<\/li>\n<li>Reducerer risikoen for ulykker i forhold til at bruge manuelle save eller knive.<\/li>\n<\/ul>\n<p><strong>4. alsidighed<\/strong>:<\/p>\n<ul>\n<li>Velegnet til forskellige typer k\u00f8d og knogler, herunder oksek\u00f8d, svinek\u00f8d, lam og fjerkr\u00e6.<\/li>\n<li>Nogle modeller kan ogs\u00e5 h\u00e5ndtere frosne produkter og fisk.<\/li>\n<\/ul>","protected":false},"excerpt":{"rendered":"<h4><strong><span class=\"Y2IQFc\" lang=\"en\">Knoglesk\u00e6remaskine JG210 Procesparametre \uff1a.<\/span><\/strong><\/h4>\n<ul>\n<li class=\"tw-data-text tw-text-large tw-ta\" dir=\"ltr\" data-placeholder=\"Translation\" aria-label=\"Oversat tekst\" data-ved=\"2ahUKEwj2ucO6-8mHAxXmh68BHRM1GoEQ3ewLegQIEBAU\">Sp\u00e6nding \uff1a110 -220 v<\/li>\n<li class=\"tw-data-text tw-text-large tw-ta\" dir=\"ltr\" data-placeholder=\"Translation\" aria-label=\"Oversat tekst\" data-ved=\"2ahUKEwj2ucO6-8mHAxXmh68BHRM1GoEQ3ewLegQIEBAU\"><span class=\"Y2IQFc\" lang=\"en\">Frekvens \uff1a50\/60 Hz<\/span><\/li>\n<li dir=\"ltr\" data-placeholder=\"Translation\" aria-label=\"Oversat tekst\" data-ved=\"2ahUKEwj2ucO6-8mHAxXmh68BHRM1GoEQ3ewLegQIEBAU\">Motoreffekt :750 w<\/li>\n<li dir=\"ltr\" data-placeholder=\"Translation\" aria-label=\"Oversat tekst\" data-ved=\"2ahUKEwj2ucO6-8mHAxXmh68BHRM1GoEQ3ewLegQIEBAU\">Bordspecifikation: 400*510 mm<\/li>\n<li dir=\"ltr\" data-placeholder=\"Translation\" aria-label=\"Oversat tekst\" data-ved=\"2ahUKEwj2ucO6-8mHAxXmh68BHRM1GoEQ3ewLegQIEBAU\">Sk\u00e6retykkelse: 5-150 mm<\/li>\n<li dir=\"ltr\" data-placeholder=\"Translation\" aria-label=\"Oversat tekst\" data-ved=\"2ahUKEwj2ucO6-8mHAxXmh68BHRM1GoEQ3ewLegQIEBAU\">Sk\u00e6reh\u00f8jde: 245 mm<\/li>\n<li dir=\"ltr\" data-placeholder=\"Translation\" aria-label=\"Oversat tekst\" data-ved=\"2ahUKEwj2ucO6-8mHAxXmh68BHRM1GoEQ3ewLegQIEBAU\">V\u00c6GT\/V\u00c6GT: 46 KG\/36 KG<\/li>\n<li dir=\"ltr\" data-placeholder=\"Translation\" aria-label=\"Oversat tekst\" data-ved=\"2ahUKEwj2ucO6-8mHAxXmh68BHRM1GoEQ3ewLegQIEBAU\">Produktets st\u00f8rrelse: 51*51*86 cm<\/li>\n<li dir=\"ltr\" data-placeholder=\"Translation\" aria-label=\"Oversat tekst\" data-ved=\"2ahUKEwj2ucO6-8mHAxXmh68BHRM1GoEQ3ewLegQIEBAU\">Pakkens st\u00f8rrelse: 61*61*96 cm<\/li>\n<\/ul>\n<p>&nbsp;<\/p>","protected":false},"featured_media":1716,"template":"","meta":[],"product_brand":[],"product_cat":[44],"product_tag":[],"class_list":{"0":"post-1692","1":"product","2":"type-product","3":"status-publish","4":"has-post-thumbnail","6":"product_cat-bone-cutting-machine","8":"first","9":"instock","10":"shipping-taxable","11":"product-type-simple"},"_links":{"self":[{"href":"https:\/\/sausage-stuffer.com\/da\/wp-json\/wp\/v2\/product\/1692","targetHints":{"allow":["GET"]}}],"collection":[{"href":"https:\/\/sausage-stuffer.com\/da\/wp-json\/wp\/v2\/product"}],"about":[{"href":"https:\/\/sausage-stuffer.com\/da\/wp-json\/wp\/v2\/types\/product"}],"wp:featuredmedia":[{"embeddable":true,"href":"https:\/\/sausage-stuffer.com\/da\/wp-json\/wp\/v2\/media\/1716"}],"wp:attachment":[{"href":"https:\/\/sausage-stuffer.com\/da\/wp-json\/wp\/v2\/media?parent=1692"}],"wp:term":[{"taxonomy":"product_brand","embeddable":true,"href":"https:\/\/sausage-stuffer.com\/da\/wp-json\/wp\/v2\/product_brand?post=1692"},{"taxonomy":"product_cat","embeddable":true,"href":"https:\/\/sausage-stuffer.com\/da\/wp-json\/wp\/v2\/product_cat?post=1692"},{"taxonomy":"product_tag","embeddable":true,"href":"https:\/\/sausage-stuffer.com\/da\/wp-json\/wp\/v2\/product_tag?post=1692"}],"curies":[{"name":"wp","href":"https:\/\/api.w.org\/{rel}","templated":true}]}}