{"id":1691,"date":"2024-07-26T10:25:10","date_gmt":"2024-07-26T10:25:10","guid":{"rendered":"https:\/\/sausage-stuffer.com\/?post_type=product&#038;p=1691"},"modified":"2024-08-06T12:03:54","modified_gmt":"2024-08-06T12:03:54","slug":"vegetable-cutter-slicer-qc205b","status":"publish","type":"product","link":"https:\/\/sausage-stuffer.com\/da\/manufacturer\/vegetable-cutter-slicer-qc205b\/","title":{"rendered":"Gr\u00f8ntsagssk\u00e6rer Sk\u00e6remaskine QC205B"},"content":{"rendered":"<h3><strong><b>S\u00e5dan fungerer en gr\u00f8ntsagsskr\u00e6ller<\/b><\/strong><\/h3>\n<p>En crinkle cutter har typisk et blad af rustfrit st\u00e5l med et b\u00f8lget eller riflet m\u00f8nster. Gr\u00f8ntsager skubbes gennem klingen for at skabe det karakteristiske rynkesnit. Nogle modeller kan have et h\u00e5ndtag eller en sikkerhedssk\u00e6rm for nemmere og mere sikker betjening.<\/p>\n<h3><strong><b>Fordele ved at bruge en gr\u00f8ntsagssk\u00e6rer<\/b><\/strong><\/h3>\n<ul>\n<li><strong>Forbedrer pr\u00e6sentationen:<\/strong>Gr\u00f8ntsager sk\u00e5ret i strimler giver visuel interesse til salater, wokretter og andre retter.<\/li>\n<li><strong>Forbedrer teksturen:<\/strong>De b\u00f8lgede snit kan forbedre teksturen og smagen af visse gr\u00f8ntsager.<\/li>\n<li><strong>Let at bruge:<\/strong>De fleste crinkle cutters er enkle at betjene, hvilket g\u00f8r dem velegnede til b\u00e5de nybegyndere og erfarne kokke.<\/li>\n<li><strong>Alsidig:<\/strong>Kan bruges p\u00e5 en r\u00e6kke forskellige gr\u00f8ntsager og frugter.<\/li>\n<\/ul>\n<h3><strong><b>At v\u00e6lge den rigtige gr\u00f8ntsagssk\u00e6rer<\/b><\/strong><\/h3>\n<p>Overvej f\u00f8lgende faktorer, n\u00e5r du v\u00e6lger en crinkle cutter:<\/p>\n<ul>\n<li><strong>Bladm\u00f8nster:<\/strong>Forskellige m\u00f8nstre skaber forskellige effekter.<\/li>\n<li><strong>St\u00f8rrelse og form:<\/strong>V\u00e6lg en cutter, der ligger godt i h\u00e5nden.<\/li>\n<li><strong>Materiale:<\/strong>Rustfrit st\u00e5l foretr\u00e6kkes af hensyn til holdbarhed og hygiejne.<\/li>\n<li><strong>Sikkerhedsfunktioner:<\/strong>Se efter skridsikre greb og knivbeskyttere.<\/li>\n<\/ul>\n<p>Ved at inkorporere en gr\u00f8ntsagssk\u00e6rer i dit k\u00f8kkenarsenal kan du l\u00f8fte dine kulinariske kreationer og imponere dine g\u00e6ster med din kreative flair.<\/p>","protected":false},"excerpt":{"rendered":"<h4><strong>Gr\u00f8ntsagssk\u00e6rer Sk\u00e6remaskine QC205B Parameter :<\/strong><\/h4>\n<p>Knivsk\u00e5lens diameter ;\u2205205 mm<\/p>\n<p id=\"tw-target-text\" class=\"tw-data-text tw-text-large tw-ta\" dir=\"ltr\" data-placeholder=\"Translation\" aria-label=\"Oversat tekst\" data-ved=\"2ahUKEwi8jdCVo9GHAxWHcPUHHXifC8wQ3ewLegQICRAU\"><span class=\"Y2IQFc\" lang=\"en\">Antal knive \uff1a5<\/span><\/p>\n<p>Effekt: 1000 W<\/p>\n<p>Sp\u00e6nding :220V50Hz-110V60Hz<\/p>\n<p>Produktst\u00f8rrelse:580*385*550(mm)<\/p>\n<p>Pakningsst\u00f8rrelse:675*345*540(mm)<\/p>\n<p>V\u00c6GT\/V\u00c6GT: 32(KG)\/27(KG)<\/p>","protected":false},"featured_media":1655,"template":"","meta":[],"product_brand":[],"product_cat":[43],"product_tag":[],"class_list":{"0":"post-1691","1":"product","2":"type-product","3":"status-publish","4":"has-post-thumbnail","6":"product_cat-vegetable-cutter","8":"first","9":"instock","10":"shipping-taxable","11":"product-type-simple"},"_links":{"self":[{"href":"https:\/\/sausage-stuffer.com\/da\/wp-json\/wp\/v2\/product\/1691","targetHints":{"allow":["GET"]}}],"collection":[{"href":"https:\/\/sausage-stuffer.com\/da\/wp-json\/wp\/v2\/product"}],"about":[{"href":"https:\/\/sausage-stuffer.com\/da\/wp-json\/wp\/v2\/types\/product"}],"wp:featuredmedia":[{"embeddable":true,"href":"https:\/\/sausage-stuffer.com\/da\/wp-json\/wp\/v2\/media\/1655"}],"wp:attachment":[{"href":"https:\/\/sausage-stuffer.com\/da\/wp-json\/wp\/v2\/media?parent=1691"}],"wp:term":[{"taxonomy":"product_brand","embeddable":true,"href":"https:\/\/sausage-stuffer.com\/da\/wp-json\/wp\/v2\/product_brand?post=1691"},{"taxonomy":"product_cat","embeddable":true,"href":"https:\/\/sausage-stuffer.com\/da\/wp-json\/wp\/v2\/product_cat?post=1691"},{"taxonomy":"product_tag","embeddable":true,"href":"https:\/\/sausage-stuffer.com\/da\/wp-json\/wp\/v2\/product_tag?post=1691"}],"curies":[{"name":"wp","href":"https:\/\/api.w.org\/{rel}","templated":true}]}}