{"id":1690,"date":"2024-07-26T10:23:35","date_gmt":"2024-07-26T10:23:35","guid":{"rendered":"https:\/\/sausage-stuffer.com\/?post_type=product&#038;p=1690"},"modified":"2024-08-06T12:00:14","modified_gmt":"2024-08-06T12:00:14","slug":"multifunctional-vegetable-cutter-qc205a","status":"publish","type":"product","link":"https:\/\/sausage-stuffer.com\/da\/manufacturer\/multifunctional-vegetable-cutter-qc205a\/","title":{"rendered":"Multifunktionel gr\u00f8ntsagssk\u00e6rer QC205A"},"content":{"rendered":"<p>En multifunktionel gr\u00f8ntsagssk\u00e6rer er et alsidigt k\u00f8kkenredskab, der er designet til at forenkle madlavningen. Med forskellige udskiftelige knive og tilbeh\u00f8r kan den effektivt snitte, sk\u00e6re i tern, strimle og rive frugt og gr\u00f8ntsager. Denne k\u00f8kkengadget sparer tid og kr\u00e6fter, samtidig med at den sikrer ensartede resultater.<\/p>\n<h3><strong><b>N\u00f8glefunktioner ved en multifunktionel gr\u00f8ntsagssk\u00e6rer<\/b><\/strong><\/h3>\n<ul>\n<li><strong>Udskiftelige knive:<\/strong>\u00a0Forskellige knive til at sk\u00e6re, sk\u00e6re i tern, strimle og rive.<\/li>\n<li><strong>Sikkerhedsfunktioner:<\/strong>\u00a0Skridsikker base, knivbeskyttere og madholdere giver sikker betjening.<\/li>\n<li><strong><b>Materiale:<\/b><\/strong>\u00a0Typisk lavet af rustfrit st\u00e5l af hensyn til holdbarhed og hygiejne.<\/li>\n<li><strong><b>Kompakt design:<\/b><\/strong> Let at opbevare og reng\u00f8re.<\/li>\n<\/ul>\n<h3><strong style=\"font-size: 20.16px;\"><b>Fordele ved at bruge en multifunktionel gr\u00f8ntsagssk\u00e6rer<\/b><\/strong><\/h3>\n<ul>\n<li><strong>Tidsbesparende:<\/strong>\u00a0Tilbered hurtigt ingredienser til salater, wokretter og andre retter.<\/li>\n<li><strong>Konsekvente udsk\u00e6ringer:<\/strong>\u00a0Opn\u00e5 ensartede skiver, tern eller strimler for et professionelt udseende.<\/li>\n<li><strong>Sikkerhed:<\/strong>\u00a0Reducerer risikoen for ulykker i forhold til at bruge knive.<\/li>\n<li><strong>Alsidighed:<\/strong>\u00a0H\u00e5ndter en bred vifte af gr\u00f8ntsager og frugter.<\/li>\n<li><strong>Let at reng\u00f8re:<\/strong>\u00a0De fleste dele t\u00e5ler opvaskemaskine.<\/li>\n<\/ul>\n<h3><strong><b>At v\u00e6lge den rigtige multifunktionelle gr\u00f8ntsagssk\u00e6rer<\/b><\/strong><\/h3>\n<p>N\u00e5r du v\u00e6lger en gr\u00f8ntsagssk\u00e6rer, skal du overveje f\u00f8lgende faktorer:<\/p>\n<ul>\n<li><strong>Antal blade:<\/strong>V\u00e6lg en model med en r\u00e6kke forskellige knive, der passer til dine behov.<\/li>\n<li><strong>Beholderst\u00f8rrelse:<\/strong>S\u00f8rg for, at beholderen er stor nok til den mad, du typisk tilbereder.<\/li>\n<li><strong>Sikkerhedsfunktioner:<\/strong>Priorit\u00e9r modeller med knivbeskyttere og skridsikre f\u00f8dder.<\/li>\n<li><strong>Brugervenlighed:<\/strong>Se efter brugervenligt design med nemt bladskifte.<\/li>\n<li><strong>Materialekvalitet:<\/strong>Rustfrit st\u00e5l foretr\u00e6kkes af hensyn til holdbarhed og hygiejne.<\/li>\n<\/ul>\n<p>Ved at investere i en multifunktionel gr\u00f8ntsagssk\u00e6rer af h\u00f8j kvalitet kan du forbedre din madlavningsoplevelse betydeligt og nyde godt af fordelene ved hurtigere og mere effektiv madlavning.<\/p>","protected":false},"excerpt":{"rendered":"<h4><strong>Multifunktionel gr\u00f8ntsagssk\u00e6rer QC205A Parameter :<\/strong><\/h4>\n<p>Knivsk\u00e5lens diameter ;\u2205205 mm<\/p>\n<p id=\"tw-target-text\" class=\"tw-data-text tw-text-large tw-ta\" dir=\"ltr\" data-placeholder=\"Translation\" aria-label=\"Oversat tekst\" data-ved=\"2ahUKEwi8jdCVo9GHAxWHcPUHHXifC8wQ3ewLegQICRAU\"><span class=\"Y2IQFc\" lang=\"en\">Antal knive \uff1a5<\/span><\/p>\n<p class=\"tw-data-text tw-text-large tw-ta\" dir=\"ltr\" data-placeholder=\"Translation\" aria-label=\"Oversat tekst\" data-ved=\"2ahUKEwi8jdCVo9GHAxWHcPUHHXifC8wQ3ewLegQICRAU\"><span class=\"Y2IQFc\" lang=\"en\">Specifikationer for sk\u00e6rehoved \uff1a sk\u00e6rer 2\/5 mm, strimler 3 mm \uff0c c<\/span><span class=\"Y2IQFc\" lang=\"en\">sk\u00e5ret i stykker p\u00e5 8*8 mm<\/span><\/p>\n<p>Effekt: 1000 W<\/p>\n<p>Sp\u00e6nding :220V50Hz-110V60Hz<\/p>\n<p>Produktst\u00f8rrelse:580*385*550(mm)<\/p>\n<p>Pakningsst\u00f8rrelse:675*345*540(mm)<\/p>\n<p>V\u00c6GT\/V\u00c6GT: 33(KG)\/28(KG)<\/p>","protected":false},"featured_media":1654,"template":"","meta":[],"product_brand":[],"product_cat":[43],"product_tag":[],"class_list":{"0":"post-1690","1":"product","2":"type-product","3":"status-publish","4":"has-post-thumbnail","6":"product_cat-vegetable-cutter","8":"first","9":"instock","10":"shipping-taxable","11":"product-type-simple"},"_links":{"self":[{"href":"https:\/\/sausage-stuffer.com\/da\/wp-json\/wp\/v2\/product\/1690","targetHints":{"allow":["GET"]}}],"collection":[{"href":"https:\/\/sausage-stuffer.com\/da\/wp-json\/wp\/v2\/product"}],"about":[{"href":"https:\/\/sausage-stuffer.com\/da\/wp-json\/wp\/v2\/types\/product"}],"wp:featuredmedia":[{"embeddable":true,"href":"https:\/\/sausage-stuffer.com\/da\/wp-json\/wp\/v2\/media\/1654"}],"wp:attachment":[{"href":"https:\/\/sausage-stuffer.com\/da\/wp-json\/wp\/v2\/media?parent=1690"}],"wp:term":[{"taxonomy":"product_brand","embeddable":true,"href":"https:\/\/sausage-stuffer.com\/da\/wp-json\/wp\/v2\/product_brand?post=1690"},{"taxonomy":"product_cat","embeddable":true,"href":"https:\/\/sausage-stuffer.com\/da\/wp-json\/wp\/v2\/product_cat?post=1690"},{"taxonomy":"product_tag","embeddable":true,"href":"https:\/\/sausage-stuffer.com\/da\/wp-json\/wp\/v2\/product_tag?post=1690"}],"curies":[{"name":"wp","href":"https:\/\/api.w.org\/{rel}","templated":true}]}}