{"id":1689,"date":"2024-07-26T10:22:24","date_gmt":"2024-07-26T10:22:24","guid":{"rendered":"https:\/\/sausage-stuffer.com\/?post_type=product&#038;p=1689"},"modified":"2024-08-06T12:10:30","modified_gmt":"2024-08-06T12:10:30","slug":"electric-vegetable-cutter-qc205","status":"publish","type":"product","link":"https:\/\/sausage-stuffer.com\/da\/manufacturer\/electric-vegetable-cutter-qc205\/","title":{"rendered":"Elektrisk gr\u00f8ntsagssk\u00e6rer QC205"},"content":{"rendered":"<p>Elektrisk gr\u00f8ntsagssk\u00e6rer,Dette tidsbesparende v\u00e6rkt\u00f8j giver pr\u00e6cision og konsistens, hvilket g\u00f8r det til en v\u00e6rdifuld tilf\u00f8jelse til ethvert k\u00f8kken.<\/p>\n<h3><strong><b>Vigtige funktioner<\/b><\/strong><\/h3>\n<ul>\n<li><strong>Kraftig motor:<\/strong>\u00a0Sikrer effektiv sk\u00e6ring gennem selv h\u00e5rde gr\u00f8ntsager.<\/li>\n<li><strong>Udskiftelige knive:<\/strong>\u00a0Giver alsidighed til forskellige sk\u00e6restile.<\/li>\n<li><strong>Sikkerhedsfunktioner:<\/strong>\u00a0Inklusive sikkerhedsafsk\u00e6rmninger og skridsikre f\u00f8dder for sikker betjening.<\/li>\n<li><strong>Nem reng\u00f8ring:<\/strong>\u00a0De fleste komponenter t\u00e5ler opvaskemaskine for nem vedligeholdelse.<\/li>\n<li><strong>Kapacitet:<\/strong>\u00a0Varierer afh\u00e6ngigt af modellen, fra sm\u00e5 bordplader til st\u00f8rre kommercielle modeller.<\/li>\n<\/ul>\n<h3><strong><b>Fordele<\/b><\/strong><\/h3>\n<ul>\n<li><strong>Tidsbesparende:<\/strong>\u00a0Tilbered hurtigt store m\u00e6ngder gr\u00f8ntsager til salater, wokretter og meget mere.<\/li>\n<li><strong>Konsistente resultater:<\/strong>\u00a0Opn\u00e5 let ensartede skiver, strimler eller rasp.<\/li>\n<li><strong><b>Reduceret indsats: <\/b><\/strong>Minimalt behov for manuelt arbejde sammenlignet med manuelle metoder.<\/li>\n<li><strong>Sikkerhed:<\/strong>\u00a0Minimer risikoen for ulykker i forbindelse med knive.<\/li>\n<li><strong>Alsidighed:<\/strong>\u00a0Mange modeller kan h\u00e5ndtere en r\u00e6kke forskellige frugter og gr\u00f8ntsager.<\/li>\n<\/ul>\n<p>Ved at investere i en elektrisk gr\u00f8ntsagssk\u00e6rer af h\u00f8j kvalitet kan du str\u00f8mline din madlavningsproces og nyde godt af perfekt sk\u00e5rne ingredienser.<\/p>","protected":false},"excerpt":{"rendered":"<h4><strong>Elektrisk gr\u00f8ntsagssk\u00e6rer QC205 Parameter :<\/strong><\/h4>\n<p>Knivsk\u00e5lens diameter ;\u2205205 mm<\/p>\n<p>Effekt: 350 W<\/p>\n<p>Sp\u00e6nding :220V50Hz<\/p>\n<p>Produktst\u00f8rrelse:535*270*525(mm)<\/p>\n<p>Pakningsst\u00f8rrelse:580*385*550(mm)<\/p>\n<p>V\u00c6GT\/V\u00c6GT: 24,5(KG)\/19(KG)<\/p>","protected":false},"featured_media":1653,"template":"","meta":[],"product_brand":[],"product_cat":[43],"product_tag":[],"class_list":{"0":"post-1689","1":"product","2":"type-product","3":"status-publish","4":"has-post-thumbnail","6":"product_cat-vegetable-cutter","8":"first","9":"instock","10":"shipping-taxable","11":"product-type-simple"},"_links":{"self":[{"href":"https:\/\/sausage-stuffer.com\/da\/wp-json\/wp\/v2\/product\/1689","targetHints":{"allow":["GET"]}}],"collection":[{"href":"https:\/\/sausage-stuffer.com\/da\/wp-json\/wp\/v2\/product"}],"about":[{"href":"https:\/\/sausage-stuffer.com\/da\/wp-json\/wp\/v2\/types\/product"}],"wp:featuredmedia":[{"embeddable":true,"href":"https:\/\/sausage-stuffer.com\/da\/wp-json\/wp\/v2\/media\/1653"}],"wp:attachment":[{"href":"https:\/\/sausage-stuffer.com\/da\/wp-json\/wp\/v2\/media?parent=1689"}],"wp:term":[{"taxonomy":"product_brand","embeddable":true,"href":"https:\/\/sausage-stuffer.com\/da\/wp-json\/wp\/v2\/product_brand?post=1689"},{"taxonomy":"product_cat","embeddable":true,"href":"https:\/\/sausage-stuffer.com\/da\/wp-json\/wp\/v2\/product_cat?post=1689"},{"taxonomy":"product_tag","embeddable":true,"href":"https:\/\/sausage-stuffer.com\/da\/wp-json\/wp\/v2\/product_tag?post=1689"}],"curies":[{"name":"wp","href":"https:\/\/api.w.org\/{rel}","templated":true}]}}