{"id":1609,"date":"2024-07-23T14:34:08","date_gmt":"2024-07-23T14:34:08","guid":{"rendered":"https:\/\/sausage-stuffer.com\/?post_type=product&#038;p=1609"},"modified":"2024-08-15T06:09:40","modified_gmt":"2024-08-15T06:09:40","slug":"sausage-maker-stuffer-sh5","status":"publish","type":"product","link":"https:\/\/sausage-stuffer.com\/da\/manufacturer\/sausage-maker-stuffer-sh5\/","title":{"rendered":"P\u00f8lsestopper SH-5"},"content":{"rendered":"<h2><strong>P\u00f8lsestopperens fordele<\/strong><\/h2>\n<ol>\n<li><strong>Kontrol<\/strong>: Giver mulighed for pr\u00e6cis kontrol over p\u00e5fyldningsprocessen, hvilket kan resultere i et f\u00e6rdigt produkt af h\u00f8jere kvalitet.<\/li>\n<li><strong>Holdbarhed<\/strong>: Typisk mere robust og holdbar sammenlignet med lodrette modeller.<\/li>\n<li><strong>Brugervenlighed<\/strong>: Ofte lettere at bruge for begyndere p\u00e5 grund af det vandrette design, der giver bedre l\u00f8ftestangseffekt.<\/li>\n<\/ol>\n<p>&nbsp;<\/p>\n<h2><strong>P\u00f8lsemaskine Stuffer Ulemper<\/strong><\/h2>\n<ol>\n<li><strong>St\u00f8rrelse<\/strong>: Kan optage mere bordplads sammenlignet med lodrette stoppere.<\/li>\n<li><strong>V\u00e6gt<\/strong>: Kan v\u00e6re tung og besv\u00e6rlig at flytte eller opbevare.<\/li>\n<\/ol>\n<p>&nbsp;<\/p>\n<h2><strong>Almindelige anvendelser<\/strong><\/h2>\n<ul>\n<li>Fremstilling af forskellige typer p\u00f8lser, f.eks. bratwurst, chorizo, italiensk p\u00f8lse og morgenmadsp\u00f8lse.<\/li>\n<li>Velegnet til b\u00e5de hjemmebrug og mindre kommerciel brug.<\/li>\n<\/ul>\n<p>&nbsp;<\/p>\n<h2><strong>Vedligeholdelse af p\u00f8lsemaskine<\/strong><\/h2>\n<ol>\n<li><strong>Reng\u00f8ring<\/strong>: Skil den ad og reng\u00f8r den grundigt efter hver brug for at forhindre ophobning af k\u00f8drester og sikre f\u00f8devaresikkerheden.<\/li>\n<li><strong>Sm\u00f8ring<\/strong>: Sm\u00f8r lejlighedsvis de bev\u00e6gelige dele for at sikre j\u00e6vn drift.<\/li>\n<\/ol>","protected":false},"excerpt":{"rendered":"<h4><strong><span class=\"Y2IQFc\" lang=\"en\">Grundl\u00e6ggende parametre<\/span><\/strong><\/h4>\n<p>Type:vandret m<span class=\"Y2IQFc\" lang=\"en\">anual s<\/span>Udfyldningsmateriale<\/p>\n<p>Cylinder Dia.xl(mm)\uff1a\uffe0140*320<\/p>\n<p>St\u00f8rrelse:288*360*690(mm))<\/p>\n<p>Nettov\u00e6gt \uff1a10 KG<\/p>\n<p id=\"tw-target-text\" class=\"tw-data-text tw-text-large tw-ta\" dir=\"ltr\" data-placeholder=\"Translation\" aria-label=\"Oversat tekst\" data-ved=\"2ahUKEwikr8X52saHAxV4mq8BHbZ8AHMQ3ewLegQIEhAU\"><span class=\"Y2IQFc\" lang=\"en\">Volumen \uff1a5L<\/span><\/p>","protected":false},"featured_media":1795,"template":"","meta":[],"product_brand":[],"product_cat":[48],"product_tag":[],"class_list":{"0":"post-1609","1":"product","2":"type-product","3":"status-publish","4":"has-post-thumbnail","6":"product_cat-horizontal-manual-sausage-stuffer","8":"first","9":"instock","10":"shipping-taxable","11":"product-type-simple"},"_links":{"self":[{"href":"https:\/\/sausage-stuffer.com\/da\/wp-json\/wp\/v2\/product\/1609","targetHints":{"allow":["GET"]}}],"collection":[{"href":"https:\/\/sausage-stuffer.com\/da\/wp-json\/wp\/v2\/product"}],"about":[{"href":"https:\/\/sausage-stuffer.com\/da\/wp-json\/wp\/v2\/types\/product"}],"wp:featuredmedia":[{"embeddable":true,"href":"https:\/\/sausage-stuffer.com\/da\/wp-json\/wp\/v2\/media\/1795"}],"wp:attachment":[{"href":"https:\/\/sausage-stuffer.com\/da\/wp-json\/wp\/v2\/media?parent=1609"}],"wp:term":[{"taxonomy":"product_brand","embeddable":true,"href":"https:\/\/sausage-stuffer.com\/da\/wp-json\/wp\/v2\/product_brand?post=1609"},{"taxonomy":"product_cat","embeddable":true,"href":"https:\/\/sausage-stuffer.com\/da\/wp-json\/wp\/v2\/product_cat?post=1609"},{"taxonomy":"product_tag","embeddable":true,"href":"https:\/\/sausage-stuffer.com\/da\/wp-json\/wp\/v2\/product_tag?post=1609"}],"curies":[{"name":"wp","href":"https:\/\/api.w.org\/{rel}","templated":true}]}}