{"id":1608,"date":"2024-07-23T14:33:33","date_gmt":"2024-07-23T14:33:33","guid":{"rendered":"https:\/\/sausage-stuffer.com\/?post_type=product&#038;p=1608"},"modified":"2024-08-15T06:06:06","modified_gmt":"2024-08-15T06:06:06","slug":"homemade-sausage-stuffer-sh7","status":"publish","type":"product","link":"https:\/\/sausage-stuffer.com\/da\/manufacturer\/homemade-sausage-stuffer-sh7\/","title":{"rendered":"Hjemmelavet p\u00f8lsehorn SH-7"},"content":{"rendered":"<h3><span style=\"color: #000000;\"><strong>Fordele ved hjemmelavet p\u00f8lsehorn<\/strong><\/span><\/h3>\n<p><span style=\"color: #000000;\"><strong>1. pr\u00e6cisionskontrol<\/strong>:<\/span><\/p>\n<ul>\n<li><span style=\"color: #000000;\">Det giver en ensartet fyldning, reducerer risikoen for luftlommer og sikrer en j\u00e6vn fordeling af p\u00f8lseblandingen.<\/span><\/li>\n<\/ul>\n<p><span style=\"color: #000000;\"><strong>2. holdbarhed<\/strong>:<\/span><\/p>\n<ul>\n<li><span style=\"color: #000000;\">Materialer af h\u00f8j kvalitet som rustfrit st\u00e5l sikrer langvarig ydeevne og modstandsdygtighed over for rust og korrosion.<\/span><\/li>\n<\/ul>\n<p><span style=\"color: #000000;\"><strong>3. alsidighed<\/strong>:<\/span><\/p>\n<ul>\n<li><span style=\"color: #000000;\">Velegnet til en bred vifte af p\u00f8lsetyper, herunder bratwurst, chorizo, italiensk p\u00f8lse og meget mere.<\/span><\/li>\n<li><span style=\"color: #000000;\">Kan bruges til b\u00e5de k\u00f8d- og vegetariske p\u00f8lseopskrifter.<\/span><\/li>\n<\/ul>\n<p><span style=\"color: #000000;\"><strong>4. brugervenlighed<\/strong>:<\/span><\/p>\n<ul>\n<li><span style=\"color: #000000;\">Generelt nem at samle, bruge og reng\u00f8re, hvilket g\u00f8r den tilg\u00e6ngelig for b\u00e5de begyndere og erfarne p\u00f8lsemagere.<\/span><\/li>\n<\/ul>\n<p>&nbsp;<\/p>\n<h3><span style=\"color: #000000;\"><strong>Vedligeholdelse af hjemmelavet p\u00f8lsehorn<\/strong><\/span><\/h3>\n<p><span style=\"color: #000000;\"><strong>1. regelm\u00e6ssig reng\u00f8ring<\/strong>:<\/span><\/p>\n<ul>\n<li><span style=\"color: #000000;\">Skil maskinen ad efter hver brug, og reng\u00f8r alle dele med varmt s\u00e6bevand.<\/span><\/li>\n<li><span style=\"color: #000000;\">S\u00f8rg for at fjerne alle k\u00f8drester for at forhindre bakteriev\u00e6kst.<\/span><\/li>\n<\/ul>\n<p><span style=\"color: #000000;\"><strong>2. sm\u00f8ring<\/strong>:<\/span><\/p>\n<ul>\n<li><span style=\"color: #000000;\">Sm\u00f8r af og til de bev\u00e6gelige dele, f.eks. h\u00e5ndsvinget og stemplet, med f\u00f8devaregodkendt sm\u00f8remiddel for at sikre en j\u00e6vn drift.<\/span><\/li>\n<\/ul>\n<p><span style=\"color: #000000;\"><strong>3.Inspektion<\/strong>:<\/span><\/p>\n<ul>\n<li><span style=\"color: #000000;\">Efterse j\u00e6vnligt maskinen for tegn p\u00e5 slitage eller skader. Udskift slidte dele efter behov for at opretholde ydeevnen.<\/span><\/li>\n<\/ul>","protected":false},"excerpt":{"rendered":"<h4><strong><span class=\"Y2IQFc\" lang=\"en\">Grundl\u00e6ggende parametre<\/span><\/strong><\/h4>\n<p>Type:vandret m<span class=\"Y2IQFc\" lang=\"en\">anual s<\/span>Udfyldningsmateriale<\/p>\n<p>Cylinder Dia.xl(mm)\uff1a\uffe0140*460<\/p>\n<p>St\u00f8rrelse:350*360*830(mm))<\/p>\n<p>Nettov\u00e6gt \uff1a11 KG<\/p>\n<p id=\"tw-target-text\" class=\"tw-data-text tw-text-large tw-ta\" dir=\"ltr\" data-placeholder=\"Translation\" aria-label=\"Oversat tekst\" data-ved=\"2ahUKEwikr8X52saHAxV4mq8BHbZ8AHMQ3ewLegQIEhAU\"><span class=\"Y2IQFc\" lang=\"en\">Volumen \uff1a7L<\/span><\/p>","protected":false},"featured_media":1796,"template":"","meta":[],"product_brand":[],"product_cat":[48],"product_tag":[],"class_list":{"0":"post-1608","1":"product","2":"type-product","3":"status-publish","4":"has-post-thumbnail","6":"product_cat-horizontal-manual-sausage-stuffer","8":"first","9":"instock","10":"shipping-taxable","11":"product-type-simple"},"_links":{"self":[{"href":"https:\/\/sausage-stuffer.com\/da\/wp-json\/wp\/v2\/product\/1608","targetHints":{"allow":["GET"]}}],"collection":[{"href":"https:\/\/sausage-stuffer.com\/da\/wp-json\/wp\/v2\/product"}],"about":[{"href":"https:\/\/sausage-stuffer.com\/da\/wp-json\/wp\/v2\/types\/product"}],"wp:featuredmedia":[{"embeddable":true,"href":"https:\/\/sausage-stuffer.com\/da\/wp-json\/wp\/v2\/media\/1796"}],"wp:attachment":[{"href":"https:\/\/sausage-stuffer.com\/da\/wp-json\/wp\/v2\/media?parent=1608"}],"wp:term":[{"taxonomy":"product_brand","embeddable":true,"href":"https:\/\/sausage-stuffer.com\/da\/wp-json\/wp\/v2\/product_brand?post=1608"},{"taxonomy":"product_cat","embeddable":true,"href":"https:\/\/sausage-stuffer.com\/da\/wp-json\/wp\/v2\/product_cat?post=1608"},{"taxonomy":"product_tag","embeddable":true,"href":"https:\/\/sausage-stuffer.com\/da\/wp-json\/wp\/v2\/product_tag?post=1608"}],"curies":[{"name":"wp","href":"https:\/\/api.w.org\/{rel}","templated":true}]}}