{"id":1607,"date":"2024-07-23T14:32:43","date_gmt":"2024-07-23T14:32:43","guid":{"rendered":"https:\/\/sausage-stuffer.com\/?post_type=product&#038;p=1607"},"modified":"2024-08-15T06:11:04","modified_gmt":"2024-08-15T06:11:04","slug":"sausage-stuffer-maker-sh3","status":"publish","type":"product","link":"https:\/\/sausage-stuffer.com\/da\/manufacturer\/sausage-stuffer-maker-sh3\/","title":{"rendered":"Sausage Stuffer Maker SH-3"},"content":{"rendered":"<h2><strong>Sausage Stuffer Maker Design og funktionalitet<\/strong><\/h2>\n<p>1. horisontalt design: Denne type stopper har en cylinder, der ligger vandret, hvilket giver en mere ensartet og j\u00e6vn fyldning af p\u00f8lsetarmene. Det vandrette design er ofte mere stabilt sammenlignet med lodrette stoppere.<\/p>\n<p>2. manuel betjening: Disse stopmaskiner betjenes med et h\u00e5ndsving, som giver brugeren kontrol over hastigheden og trykket i p\u00f8lsefyldningsprocessen. Denne manuelle kontrol kan resultere i bedre konsistens og f\u00e6rre luftlommer i p\u00f8lserne.<\/p>\n<p>3. kapacitet: Vandrette manuelle p\u00f8lsestoppere findes i forskellige kapaciteter, typisk fra 5 pund til 20 pund eller mere, hvilket giver plads til forskellige batchst\u00f8rrelser afh\u00e6ngigt af brugerens behov.<\/p>\n<p>4. materiale: Vandrette fyldninger af h\u00f8j kvalitet er normalt lavet af rustfrit st\u00e5l eller andre holdbare materialer, der er lette at reng\u00f8re og modstandsdygtige over for rust og korrosion.<\/p>\n<p>5. komponenter:<\/p>\n<ul>\n<li><strong>Cylinder<\/strong>: Hvor p\u00f8lseblandingen placeres.<\/li>\n<li><strong>Stempel<\/strong>: Flytter blandingen gennem cylinderen.<\/li>\n<li><strong>H\u00e5ndsving<\/strong>: Betjener stemplet manuelt.<\/li>\n<li><strong>Dyser\/tunneler<\/strong>: Forskellige st\u00f8rrelser til forskellige p\u00f8lsetyper.<\/li>\n<\/ul>","protected":false},"excerpt":{"rendered":"<h2><strong><span class=\"Y2IQFc\" lang=\"en\">Grundl\u00e6ggende parametre for Sausage Stuffer Maker<\/span><\/strong><\/h2>\n<p>Type:vandret m<span class=\"Y2IQFc\" lang=\"en\">anual s<\/span>Udfyldningsmateriale<\/p>\n<p>Cylinder Dia.xl(mm)\uff1a\uffe0140*200<\/p>\n<p>St\u00f8rrelse:288*360*570(mm))<\/p>\n<p>Nettov\u00e6gt \uff1a9 KG<\/p>\n<p id=\"tw-target-text\" class=\"tw-data-text tw-text-large tw-ta\" dir=\"ltr\" data-placeholder=\"Translation\" aria-label=\"Oversat tekst\" data-ved=\"2ahUKEwikr8X52saHAxV4mq8BHbZ8AHMQ3ewLegQIEhAU\"><span class=\"Y2IQFc\" lang=\"en\">Volumen \uff1a3 L<\/span><\/p>","protected":false},"featured_media":1794,"template":"","meta":[],"product_brand":[],"product_cat":[48],"product_tag":[],"class_list":{"0":"post-1607","1":"product","2":"type-product","3":"status-publish","4":"has-post-thumbnail","6":"product_cat-horizontal-manual-sausage-stuffer","8":"first","9":"instock","10":"shipping-taxable","11":"product-type-simple"},"_links":{"self":[{"href":"https:\/\/sausage-stuffer.com\/da\/wp-json\/wp\/v2\/product\/1607","targetHints":{"allow":["GET"]}}],"collection":[{"href":"https:\/\/sausage-stuffer.com\/da\/wp-json\/wp\/v2\/product"}],"about":[{"href":"https:\/\/sausage-stuffer.com\/da\/wp-json\/wp\/v2\/types\/product"}],"wp:featuredmedia":[{"embeddable":true,"href":"https:\/\/sausage-stuffer.com\/da\/wp-json\/wp\/v2\/media\/1794"}],"wp:attachment":[{"href":"https:\/\/sausage-stuffer.com\/da\/wp-json\/wp\/v2\/media?parent=1607"}],"wp:term":[{"taxonomy":"product_brand","embeddable":true,"href":"https:\/\/sausage-stuffer.com\/da\/wp-json\/wp\/v2\/product_brand?post=1607"},{"taxonomy":"product_cat","embeddable":true,"href":"https:\/\/sausage-stuffer.com\/da\/wp-json\/wp\/v2\/product_cat?post=1607"},{"taxonomy":"product_tag","embeddable":true,"href":"https:\/\/sausage-stuffer.com\/da\/wp-json\/wp\/v2\/product_tag?post=1607"}],"curies":[{"name":"wp","href":"https:\/\/api.w.org\/{rel}","templated":true}]}}