{"id":1606,"date":"2024-07-23T14:25:04","date_gmt":"2024-07-23T14:25:04","guid":{"rendered":"https:\/\/sausage-stuffer.com\/?post_type=product&#038;p=1606"},"modified":"2024-08-15T03:35:17","modified_gmt":"2024-08-15T03:35:17","slug":"15-pound-sausage-stuffer-sv15","status":"publish","type":"product","link":"https:\/\/sausage-stuffer.com\/da\/manufacturer\/15-pound-sausage-stuffer-sv15\/","title":{"rendered":"15 pund p\u00f8lsestopper SV15"},"content":{"rendered":"<h2><strong>15 pund<\/strong><strong>\u00a0<\/strong><strong>P\u00f8lsestopper M<\/strong><strong>maskine:<\/strong><\/h2>\n<ul>\n<li>Konstruktion i rustfrit st\u00e5l.<\/li>\n<li>Design med to hastigheder til hurtig udl\u00f8sning og langsom fyldning.<\/li>\n<li>Leveres med fire dyser i rustfrit st\u00e5l.<\/li>\n<\/ul>\n<p>&nbsp;<\/p>\n<h2><span style=\"font-size: 100%;\"><strong>15 pund p\u00f8lsestopper N\u00f8glefunktioner<\/strong>:<\/span><\/h2>\n<div class=\"flex-shrink-0 flex flex-col relative items-end\">\n<div class=\"pt-0\">\n<ol>\n<li>Lodret cylinder: Det lodrette design g\u00f8r det muligt for tyngdekraften at hj\u00e6lpe til i fyldningsprocessen, hvilket g\u00f8r det lettere at h\u00e5ndtere k\u00f8dblandingen.<\/li>\n<li>Manuelt h\u00e5ndsving: Betjenes med et h\u00e5ndsving, der giver brugeren kontrol over fyldningshastigheden.<\/li>\n<li>Konstruktion i rustfrit st\u00e5l: Holdbar og nem at reng\u00f8re, hvilket forhindrer rust og opretholder hygiejnen.<\/li>\n<li>Flere dyser: Leveres med fyldningsr\u00f8r i forskellige st\u00f8rrelser til at lave forskellige typer p\u00f8lser.<\/li>\n<li>Kapacitet: F\u00e5s i forskellige kapaciteter, typisk fra 5 til 15 pund, der passer til forskellige batchst\u00f8rrelser.<\/li>\n<li>Aftagelige dele: Nem adskillelse til grundig reng\u00f8ring<\/li>\n<\/ol>\n<\/div>\n<\/div>","protected":false},"excerpt":{"rendered":"<h4><strong><span class=\"Y2IQFc\" lang=\"en\">Grundl\u00e6ggende parametre<\/span><\/strong><\/h4>\n<p>Type\uff1a15 pund <span class=\"Y2IQFc\" lang=\"en\">s<\/span>Udfyldningsmateriale<\/p>\n<p>Cylinder Dia.xl(mm):\uffe0219*400<\/p>\n<p>St\u00f8rrelse:370*330*710(mm))<\/p>\n<p>Nettov\u00e6gt \uff1a15 KG<\/p>\n<p id=\"tw-target-text\" class=\"tw-data-text tw-text-large tw-ta\" dir=\"ltr\" data-placeholder=\"Translation\" aria-label=\"Oversat tekst\" data-ved=\"2ahUKEwikr8X52saHAxV4mq8BHbZ8AHMQ3ewLegQIEhAU\"><span class=\"Y2IQFc\" lang=\"en\">Volumen \uff1a15 L<\/span><\/p>","protected":false},"featured_media":1558,"template":"","meta":[],"product_brand":[],"product_cat":[47],"product_tag":[],"class_list":{"0":"post-1606","1":"product","2":"type-product","3":"status-publish","4":"has-post-thumbnail","6":"product_cat-vertical-manual-sausage-stuffer","8":"first","9":"instock","10":"shipping-taxable","11":"product-type-simple"},"_links":{"self":[{"href":"https:\/\/sausage-stuffer.com\/da\/wp-json\/wp\/v2\/product\/1606","targetHints":{"allow":["GET"]}}],"collection":[{"href":"https:\/\/sausage-stuffer.com\/da\/wp-json\/wp\/v2\/product"}],"about":[{"href":"https:\/\/sausage-stuffer.com\/da\/wp-json\/wp\/v2\/types\/product"}],"wp:featuredmedia":[{"embeddable":true,"href":"https:\/\/sausage-stuffer.com\/da\/wp-json\/wp\/v2\/media\/1558"}],"wp:attachment":[{"href":"https:\/\/sausage-stuffer.com\/da\/wp-json\/wp\/v2\/media?parent=1606"}],"wp:term":[{"taxonomy":"product_brand","embeddable":true,"href":"https:\/\/sausage-stuffer.com\/da\/wp-json\/wp\/v2\/product_brand?post=1606"},{"taxonomy":"product_cat","embeddable":true,"href":"https:\/\/sausage-stuffer.com\/da\/wp-json\/wp\/v2\/product_cat?post=1606"},{"taxonomy":"product_tag","embeddable":true,"href":"https:\/\/sausage-stuffer.com\/da\/wp-json\/wp\/v2\/product_tag?post=1606"}],"curies":[{"name":"wp","href":"https:\/\/api.w.org\/{rel}","templated":true}]}}