{"id":1561,"date":"2024-07-23T12:57:55","date_gmt":"2024-07-23T12:57:55","guid":{"rendered":"https:\/\/sausage-stuffer.com\/?post_type=product&#038;p=1561"},"modified":"2024-08-15T04:02:58","modified_gmt":"2024-08-15T04:02:58","slug":"hand-crank-sausage-stuffer-sv3","status":"publish","type":"product","link":"https:\/\/sausage-stuffer.com\/da\/manufacturer\/hand-crank-sausage-stuffer-sv3\/","title":{"rendered":"P\u00f8lsestopper med h\u00e5ndsving SV3"},"content":{"rendered":"<h2><strong>P\u00f8lsestopper med h\u00e5ndsving SV3:<\/strong><\/h2>\n<ul>\n<li>Konstruktion i rustfrit st\u00e5l.<\/li>\n<li>Design med to hastigheder til hurtig udl\u00f8sning og langsom fyldning.<\/li>\n<li>Leveres med fire dyser i rustfrit st\u00e5l.<\/li>\n<\/ul>\n<p>&nbsp;<\/p>\n<h2><strong>Tips til brug af p\u00f8lsestopper med h\u00e5ndsving:<\/strong><\/h2>\n<ol>\n<li><strong>K\u00f8l k\u00f8det ned<\/strong>: Hold k\u00f8dblandingen kold for at sikre, at den er let at fylde og bevarer en god konsistens.<\/li>\n<li><strong>L\u00e6g tarmene i bl\u00f8d<\/strong>: L\u00e6g naturtarme i bl\u00f8d i varmt vand f\u00f8r brug for at g\u00f8re dem mere b\u00f8jelige og lettere at h\u00e5ndtere.<\/li>\n<li><strong>Konsekvent tryk<\/strong>: Drej h\u00e5ndsvinget i et j\u00e6vnt, ensartet tempo for at undg\u00e5 luftlommer i p\u00f8lserne.<\/li>\n<li><strong>Sm\u00f8r mundstykket.<\/strong>: Lidt vand eller f\u00f8devaregodkendt olie kan hj\u00e6lpe hylstrene med at glide lettere p\u00e5 dysen.<\/li>\n<li><strong>G\u00f8r grundigt rent<\/strong>: Afmonter og reng\u00f8r alle dele efter hver brug for at opretholde hygiejnen og forl\u00e6nge maskinens levetid.<\/li>\n<\/ol>","protected":false},"excerpt":{"rendered":"<h4><strong>Grundl\u00e6ggende parametre<\/strong><\/h4>\n<p>Type:vertikal manuel p\u00f8lsestopper<\/p>\n<p>Cylinder Dia.xl(mm):\uffe0140*200<\/p>\n<p>St\u00f8rrelse:300*340*570(mm))<\/p>\n<p>Nettov\u00e6gt \uff1a9 kg<\/p>\n<p>Volumen \uff1a3 L<\/p>","protected":false},"featured_media":1553,"template":"","meta":[],"product_brand":[],"product_cat":[47],"product_tag":[],"class_list":{"0":"post-1561","1":"product","2":"type-product","3":"status-publish","4":"has-post-thumbnail","6":"product_cat-vertical-manual-sausage-stuffer","8":"first","9":"instock","10":"shipping-taxable","11":"product-type-simple"},"_links":{"self":[{"href":"https:\/\/sausage-stuffer.com\/da\/wp-json\/wp\/v2\/product\/1561","targetHints":{"allow":["GET"]}}],"collection":[{"href":"https:\/\/sausage-stuffer.com\/da\/wp-json\/wp\/v2\/product"}],"about":[{"href":"https:\/\/sausage-stuffer.com\/da\/wp-json\/wp\/v2\/types\/product"}],"wp:featuredmedia":[{"embeddable":true,"href":"https:\/\/sausage-stuffer.com\/da\/wp-json\/wp\/v2\/media\/1553"}],"wp:attachment":[{"href":"https:\/\/sausage-stuffer.com\/da\/wp-json\/wp\/v2\/media?parent=1561"}],"wp:term":[{"taxonomy":"product_brand","embeddable":true,"href":"https:\/\/sausage-stuffer.com\/da\/wp-json\/wp\/v2\/product_brand?post=1561"},{"taxonomy":"product_cat","embeddable":true,"href":"https:\/\/sausage-stuffer.com\/da\/wp-json\/wp\/v2\/product_cat?post=1561"},{"taxonomy":"product_tag","embeddable":true,"href":"https:\/\/sausage-stuffer.com\/da\/wp-json\/wp\/v2\/product_tag?post=1561"}],"curies":[{"name":"wp","href":"https:\/\/api.w.org\/{rel}","templated":true}]}}