{"id":1717,"date":"2024-07-28T14:39:28","date_gmt":"2024-07-28T14:39:28","guid":{"rendered":"https:\/\/sausage-stuffer.com\/?post_type=product&#038;p=1717"},"modified":"2024-08-03T07:20:46","modified_gmt":"2024-08-03T07:20:46","slug":"commercial-bone-cutting-machine-jg210b","status":"publish","type":"product","link":"https:\/\/sausage-stuffer.com\/cs\/manufacturer\/commercial-bone-cutting-machine-jg210b\/","title":{"rendered":"Komer\u010dn\u00ed stroj na \u0159ez\u00e1n\u00ed kost\u00ed JG210B"},"content":{"rendered":"<p>Komer\u010dn\u00ed stroj na porcov\u00e1n\u00ed kost\u00ed je specializovan\u00e9 za\u0159\u00edzen\u00ed ur\u010den\u00e9 pro n\u00e1ro\u010dn\u00e9 \u00fakoly p\u0159i zpracov\u00e1n\u00ed masa, zejm\u00e9na pro porcov\u00e1n\u00ed kost\u00ed, mra\u017een\u00e9ho masa a jin\u00fdch tvrd\u00fdch materi\u00e1l\u016f v komer\u010dn\u00edch kuchyn\u00edch, \u0159eznictv\u00edch a masokombin\u00e1tech. Zde jsou uvedeny n\u011bkter\u00e9 kl\u00ed\u010dov\u00e9 vlastnosti a \u00favahy o t\u011bchto stroj\u00edch:<\/p>\n<h3><strong>Funkce<\/strong><\/h3>\n<h4><strong>1.Powerful Motor :<\/strong><\/h4>\n<ul>\n<li>\n<h4><span style=\"color: #333333; font-size: 14.4px;\">Vysoce v\u00fdkonn\u00e9 motory zaji\u0161\u0165uj\u00ed hladk\u00e9 a efektivn\u00ed \u0159ez\u00e1n\u00ed tvrd\u00fdch materi\u00e1l\u016f.<\/span><\/h4>\n<\/li>\n<\/ul>\n<h4><strong>2.Durable Construction:<\/strong><\/h4>\n<ul>\n<li>Je vyroben z odoln\u00fdch materi\u00e1l\u016f, jako je nerezov\u00e1 ocel, aby vydr\u017eel n\u00e1ro\u010dn\u00e9 pou\u017e\u00edv\u00e1n\u00ed a zajistil dlouhou \u017eivotnost.<\/li>\n<li>Pro hygienu a trvanlivost jsou d\u016fle\u017eit\u00e9 korozivzdorn\u00e9 vlastnosti.<\/li>\n<\/ul>\n<h4><strong>3.Bezpe\u010dnostn\u00ed prvky:<\/strong><\/h4>\n<ul>\n<li>Jsou vybaveny bezpe\u010dnostn\u00edmi kryty, tla\u010d\u00edtky nouzov\u00e9ho zastaven\u00ed a protiskluzov\u00fdmi z\u00e1kladnami, kter\u00e9 zaji\u0161\u0165uj\u00ed bezpe\u010dnost u\u017eivatele.<\/li>\n<li>N\u011bkter\u00e9 modely jsou vybaveny funkc\u00ed automatick\u00e9ho vypnut\u00ed no\u017ee, pokud dojde k otev\u0159en\u00ed stroje b\u011bhem provozu.<\/li>\n<\/ul>\n<h4><strong>4.Adjustable Blade:<\/strong><\/h4>\n<ul>\n<li>Nastaviteln\u00e9 nastaven\u00ed no\u017ee pro r\u016fzn\u00e9 tlou\u0161\u0165ky a typy \u0159ez\u016f.<\/li>\n<li>Snadno vym\u011bniteln\u00e9 no\u017ee pro r\u016fzn\u00e9 pot\u0159eby \u0159ez\u00e1n\u00ed a \u00fadr\u017eby.<\/li>\n<\/ul>\n<h4><strong>5.Hygienick\u00fd design:<\/strong><\/h4>\n<ul>\n<li>Navr\u017eeno pro snadn\u00e9 \u010di\u0161t\u011bn\u00ed, aby se zachovaly vysok\u00e9 hygienick\u00e9 standardy.<\/li>\n<li>Odn\u00edmateln\u00e9 \u010d\u00e1sti, kter\u00e9 lze m\u00fdt v my\u010dce n\u00e1dob\u00ed nebo snadno dezinfikovat.<\/li>\n<\/ul>\n<h4><strong>6.P\u0159esn\u00e9 \u0159ez\u00e1n\u00ed:<\/strong><\/h4>\n<ul>\n<li>Nab\u00edz\u00ed p\u0159esn\u00e9 a konzistentn\u00ed \u0159ezy pro zaji\u0161t\u011bn\u00ed rovnom\u011brnosti porc\u00ed masa.<\/li>\n<li>N\u011bkter\u00e9 stroje jsou dod\u00e1v\u00e1ny s vod\u00edtky pro p\u0159esn\u00e9 \u0159ezy.<\/li>\n<\/ul>\n<h3><strong>\u00davahy<\/strong><\/h3>\n<p><strong>1.Kapacita:<\/strong><\/p>\n<ul>\n<li>Stroj by m\u011bl odpov\u00eddat objemu zpracov\u00e1n\u00ed pot\u0159ebn\u00e9mu pro va\u0161i firmu.<\/li>\n<li>Zva\u017ete velikost \u0159ezac\u00edho stolu a maxim\u00e1ln\u00ed tlou\u0161\u0165ku, kterou zvl\u00e1dne.<\/li>\n<\/ul>\n<p><strong>2.Snadn\u00e9 pou\u017e\u00edv\u00e1n\u00ed:<\/strong><\/p>\n<ul>\n<li>U\u017eivatelsky p\u0159\u00edv\u011btiv\u00e9 ovl\u00e1d\u00e1n\u00ed a jasn\u00e9 pokyny jsou pro efektivn\u00ed provoz kl\u00ed\u010dov\u00e9.<\/li>\n<li>M\u011bly by b\u00fdt zv\u00e1\u017eeny tak\u00e9 po\u017eadavky na \u0161kolen\u00ed zam\u011bstnanc\u016f.<\/li>\n<\/ul>\n<p><strong>3.\u00dadr\u017eba:<\/strong><\/p>\n<ul>\n<li>Hledejte stroje se snadno dostupn\u00fdmi d\u00edly pro \u00fadr\u017ebu a opravy.<\/li>\n<li>Dostupnost n\u00e1hradn\u00edch d\u00edl\u016f a podpory od v\u00fdrobce.<\/li>\n<\/ul>\n<p><strong>4.Energetick\u00e1 \u00fa\u010dinnost:<\/strong><\/p>\n<ul>\n<li>Stroje s \u00fasporn\u00fdmi funkcemi mohou \u010dasem sn\u00ed\u017eit provozn\u00ed n\u00e1klady.<\/li>\n<\/ul>\n<p><strong>5.N\u00e1klady:<\/strong><\/p>\n<ul>\n<li>Zva\u017ete po\u010d\u00e1te\u010dn\u00ed investici s o\u010dek\u00e1vanou \u017eivotnost\u00ed a v\u00fdkonem stroje.<\/li>\n<li>Zva\u017ete celkov\u00e9 n\u00e1klady na vlastnictv\u00ed, v\u010detn\u011b n\u00e1klad\u016f na \u00fadr\u017ebu a provoz.<\/li>\n<\/ul>\n<h3><strong>Komer\u010dn\u00ed aplikace stroj\u016f na \u0159ez\u00e1n\u00ed kost\u00ed<\/strong><\/h3>\n<p><strong>\u0158eznictv\u00ed:<\/strong><\/p>\n<ul>\n<li>Pro p\u0159esn\u00e9 a rychl\u00e9 kr\u00e1jen\u00ed velk\u00fdch kus\u016f masa a kost\u00ed.<\/li>\n<\/ul>\n<p><strong>Z\u00e1vody na zpracov\u00e1n\u00ed masa:<\/strong><\/p>\n<ul>\n<li>Nezbytn\u00e9 pro velkoobjemov\u00e9 zpracov\u00e1n\u00ed masn\u00fdch v\u00fdrobk\u016f.<\/li>\n<\/ul>\n<p><strong>Komer\u010dn\u00ed kuchyn\u011b:<\/strong><\/p>\n<ul>\n<li>U\u017eite\u010dn\u00e9 pro restaurace a cateringov\u00e9 slu\u017eby, kter\u00e9 zpracov\u00e1vaj\u00ed velk\u00e9 mno\u017estv\u00ed masa.<\/li>\n<\/ul>","protected":false},"excerpt":{"rendered":"<h4><strong><span class=\"Y2IQFc\" lang=\"en\">Komer\u010dn\u00ed stroj na \u0159ez\u00e1n\u00ed kost\u00ed JG210B Technick\u00e9 parametry\uff1a<\/span><\/strong><\/h4>\n<ul>\n<li class=\"tw-data-text tw-text-large tw-ta\" dir=\"ltr\" data-placeholder=\"Translation\" aria-label=\"P\u0159elo\u017een\u00fd text\" data-ved=\"2ahUKEwj2ucO6-8mHAxXmh68BHRM1GoEQ3ewLegQIEBAU\">Nap\u011bt\u00ed \uff1a110 -220 v<\/li>\n<li class=\"tw-data-text tw-text-large tw-ta\" dir=\"ltr\" data-placeholder=\"Translation\" aria-label=\"P\u0159elo\u017een\u00fd text\" data-ved=\"2ahUKEwj2ucO6-8mHAxXmh68BHRM1GoEQ3ewLegQIEBAU\"><span class=\"Y2IQFc\" lang=\"en\">Frekvence \uff1a50\/60 Hz<\/span><\/li>\n<li dir=\"ltr\" data-placeholder=\"Translation\" aria-label=\"P\u0159elo\u017een\u00fd text\" data-ved=\"2ahUKEwj2ucO6-8mHAxXmh68BHRM1GoEQ3ewLegQIEBAU\">V\u00fdkon motoru :1500 w<\/li>\n<li dir=\"ltr\" data-placeholder=\"Translation\" aria-label=\"P\u0159elo\u017een\u00fd text\" data-ved=\"2ahUKEwj2ucO6-8mHAxXmh68BHRM1GoEQ3ewLegQIEBAU\">D\u00e9lka \u010depele: 2400 mm<\/li>\n<li dir=\"ltr\" data-placeholder=\"Translation\" aria-label=\"P\u0159elo\u017een\u00fd text\" data-ved=\"2ahUKEwj2ucO6-8mHAxXmh68BHRM1GoEQ3ewLegQIEBAU\">Specifikace stolu :506*416 mm<\/li>\n<li dir=\"ltr\" data-placeholder=\"Translation\" aria-label=\"P\u0159elo\u017een\u00fd text\" data-ved=\"2ahUKEwj2ucO6-8mHAxXmh68BHRM1GoEQ3ewLegQIEBAU\">Tlou\u0161\u0165ka \u0159ezu: 5-155 mm<\/li>\n<li dir=\"ltr\" data-placeholder=\"Translation\" aria-label=\"P\u0159elo\u017een\u00fd text\" data-ved=\"2ahUKEwj2ucO6-8mHAxXmh68BHRM1GoEQ3ewLegQIEBAU\">G.W\/N.W :61 KG\/51 KG<\/li>\n<li dir=\"ltr\" data-placeholder=\"Translation\" aria-label=\"P\u0159elo\u017een\u00fd text\" data-ved=\"2ahUKEwj2ucO6-8mHAxXmh68BHRM1GoEQ3ewLegQIEBAU\">Velikost v\u00fdrobku: 52*56*97 cm<\/li>\n<li dir=\"ltr\" data-placeholder=\"Translation\" aria-label=\"P\u0159elo\u017een\u00fd text\" data-ved=\"2ahUKEwj2ucO6-8mHAxXmh68BHRM1GoEQ3ewLegQIEBAU\">Velikost balen\u00ed :62*66*107 cm<\/li>\n<\/ul>","protected":false},"featured_media":1862,"template":"","meta":[],"product_brand":[],"product_cat":[44],"product_tag":[],"class_list":{"0":"post-1717","1":"product","2":"type-product","3":"status-publish","4":"has-post-thumbnail","6":"product_cat-bone-cutting-machine","8":"first","9":"instock","10":"shipping-taxable","11":"product-type-simple"},"_links":{"self":[{"href":"https:\/\/sausage-stuffer.com\/cs\/wp-json\/wp\/v2\/product\/1717","targetHints":{"allow":["GET"]}}],"collection":[{"href":"https:\/\/sausage-stuffer.com\/cs\/wp-json\/wp\/v2\/product"}],"about":[{"href":"https:\/\/sausage-stuffer.com\/cs\/wp-json\/wp\/v2\/types\/product"}],"wp:featuredmedia":[{"embeddable":true,"href":"https:\/\/sausage-stuffer.com\/cs\/wp-json\/wp\/v2\/media\/1862"}],"wp:attachment":[{"href":"https:\/\/sausage-stuffer.com\/cs\/wp-json\/wp\/v2\/media?parent=1717"}],"wp:term":[{"taxonomy":"product_brand","embeddable":true,"href":"https:\/\/sausage-stuffer.com\/cs\/wp-json\/wp\/v2\/product_brand?post=1717"},{"taxonomy":"product_cat","embeddable":true,"href":"https:\/\/sausage-stuffer.com\/cs\/wp-json\/wp\/v2\/product_cat?post=1717"},{"taxonomy":"product_tag","embeddable":true,"href":"https:\/\/sausage-stuffer.com\/cs\/wp-json\/wp\/v2\/product_tag?post=1717"}],"curies":[{"name":"wp","href":"https:\/\/api.w.org\/{rel}","templated":true}]}}