{"id":1692,"date":"2024-07-26T10:26:16","date_gmt":"2024-07-26T10:26:16","guid":{"rendered":"https:\/\/sausage-stuffer.com\/?post_type=product&#038;p=1692"},"modified":"2024-07-28T15:09:30","modified_gmt":"2024-07-28T15:09:30","slug":"meat-bone-cutting-machine-jg210","status":"publish","type":"product","link":"https:\/\/sausage-stuffer.com\/cs\/manufacturer\/meat-bone-cutting-machine-jg210\/","title":{"rendered":"Stroj na \u0159ez\u00e1n\u00ed kost\u00ed JG210"},"content":{"rendered":"<h3><strong>Vlastnosti stroje na \u0159ez\u00e1n\u00ed kost\u00ed<\/strong><\/h3>\n<p><strong>1.Design<\/strong>:<\/p>\n<ul>\n<li>Obvykle jsou robustn\u00ed a vyroben\u00e9 z odoln\u00fdch materi\u00e1l\u016f, jako je nerezov\u00e1 ocel, aby zvl\u00e1dly n\u00e1ro\u010dn\u00e9 \u00fakoly.<\/li>\n<li>Dod\u00e1v\u00e1 se v r\u016fzn\u00fdch velikostech, kter\u00e9 vyhovuj\u00ed r\u016fzn\u00fdm pot\u0159eb\u00e1m, od kompaktn\u00edch model\u016f pro mal\u00e9 podniky a\u017e po velk\u00e9 pr\u016fmyslov\u00e9 stroje.<\/li>\n<\/ul>\n<p><strong>2.Blade<\/strong>:<\/p>\n<ul>\n<li>Vysoce kvalitn\u00ed a ostr\u00e9 \u010depele, kter\u00e9 dok\u00e1\u017e\u00ed roz\u0159\u00edznout kosti a zmrzl\u00e9 maso.<\/li>\n<li>\u010casto jsou vyrobeny z nerezov\u00e9 oceli nebo jin\u00fdch materi\u00e1l\u016f odoln\u00fdch proti korozi.<\/li>\n<li>N\u011bkter\u00e9 modely maj\u00ed nastaviteln\u00e9 no\u017ee pro r\u016fzn\u00e9 tlou\u0161\u0165ky \u0159ez\u016f.<\/li>\n<\/ul>\n<p><strong>3.Motor<\/strong>:<\/p>\n<ul>\n<li>Je poh\u00e1n\u011bna siln\u00fdm motorem, kter\u00fd poskytuje pot\u0159ebn\u00fd to\u010div\u00fd moment pro \u0159ez\u00e1n\u00ed tvrd\u00fdch materi\u00e1l\u016f.<\/li>\n<li>V\u00fdkon motoru se li\u0161\u00ed v z\u00e1vislosti na velikosti stroje a jeho zam\u00fd\u0161len\u00e9m pou\u017eit\u00ed, p\u0159i\u010dem\u017e pr\u016fmyslov\u00e9 modely maj\u00ed v\u00fdkonn\u011bj\u0161\u00ed motory.<\/li>\n<\/ul>\n<p><strong>4.Bezpe\u010dnostn\u00ed prvky<\/strong>:<\/p>\n<ul>\n<li>Jsou vybaveny bezpe\u010dnostn\u00edmi kryty a tla\u010d\u00edtky nouzov\u00e9ho zastaven\u00ed, aby se zabr\u00e1nilo nehod\u00e1m.<\/li>\n<li>N\u011bkter\u00e9 modely jsou vybaveny mechanismem automatick\u00e9ho vypnut\u00ed, pokud se n\u016f\u017e zasekne nebo p\u0159eh\u0159eje.<\/li>\n<\/ul>\n<p><strong>5.Provoz<\/strong>:<\/p>\n<ul>\n<li>M\u016f\u017ee b\u00fdt manu\u00e1ln\u00ed, poloautomatick\u00e1 nebo pln\u011b automatick\u00e1.<\/li>\n<li>Ru\u010dn\u00ed stroje vy\u017eaduj\u00ed v\u011bt\u0161\u00ed fyzickou n\u00e1mahu, zat\u00edmco automatick\u00e9 stroje nab\u00edzej\u00ed v\u011bt\u0161\u00ed efektivitu a snadn\u011bj\u0161\u00ed pou\u017eit\u00ed.<\/li>\n<\/ul>\n<p><strong>6.\u010ci\u0161t\u011bn\u00ed a \u00fadr\u017eba<\/strong>:<\/p>\n<ul>\n<li>Navr\u017eeno pro snadnou demont\u00e1\u017e, kter\u00e1 usnad\u0148uje d\u016fkladn\u00e9 \u010di\u0161t\u011bn\u00ed.<\/li>\n<li>N\u011bkter\u00e9 \u010d\u00e1sti n\u011bkter\u00fdch model\u016f lze m\u00fdt v my\u010dce n\u00e1dob\u00ed.<\/li>\n<\/ul>\n<h3><strong>V\u00fdhody stroje na \u0159ez\u00e1n\u00ed kost\u00ed<\/strong><\/h3>\n<p><strong>1.\u00da\u010dinnost<\/strong>:<\/p>\n<ul>\n<li>Rychle a p\u0159esn\u011b roz\u0159e\u017ee kosti a zmrazen\u00e9 maso, \u010d\u00edm\u017e \u0161et\u0159\u00ed \u010das a n\u00e1mahu.<\/li>\n<li>Nezbytn\u00e9 pro velkoobjemov\u00e9 provozy zpracov\u00e1n\u00ed masa.<\/li>\n<\/ul>\n<p><strong>2.Konzistence<\/strong>:<\/p>\n<ul>\n<li>Zaji\u0161\u0165uje rovnom\u011brn\u00e9 \u0159ezy, co\u017e je z\u00e1sadn\u00ed pro prezentaci a konzistenci p\u0159i va\u0159en\u00ed.<\/li>\n<\/ul>\n<p><strong>3.Bezpe\u010dnost<\/strong>:<\/p>\n<ul>\n<li>Navr\u017eeno s mnoha bezpe\u010dnostn\u00edmi prvky, kter\u00e9 chr\u00e1n\u00ed u\u017eivatele p\u0159ed zran\u011bn\u00edm.<\/li>\n<li>Sni\u017euje riziko nehod ve srovn\u00e1n\u00ed s ru\u010dn\u00edmi pilami nebo no\u017ei.<\/li>\n<\/ul>\n<p><strong>4.V\u0161estrannost<\/strong>:<\/p>\n<ul>\n<li>Vhodn\u00e9 pro r\u016fzn\u00e9 druhy masa a kost\u00ed, v\u010detn\u011b hov\u011bz\u00edho, vep\u0159ov\u00e9ho, jehn\u011b\u010d\u00edho a dr\u016fbe\u017e\u00edho.<\/li>\n<li>N\u011bkter\u00e9 modely mohou zpracov\u00e1vat i mra\u017een\u00e9 produkty a ryby.<\/li>\n<\/ul>","protected":false},"excerpt":{"rendered":"<h4><strong><span class=\"Y2IQFc\" lang=\"en\">Stroj na \u0159ez\u00e1n\u00ed kost\u00ed JG210 Parametry procesu\uff1a<\/span><\/strong><\/h4>\n<ul>\n<li class=\"tw-data-text tw-text-large tw-ta\" dir=\"ltr\" data-placeholder=\"Translation\" aria-label=\"P\u0159elo\u017een\u00fd text\" data-ved=\"2ahUKEwj2ucO6-8mHAxXmh68BHRM1GoEQ3ewLegQIEBAU\">Nap\u011bt\u00ed \uff1a110 -220 v<\/li>\n<li class=\"tw-data-text tw-text-large tw-ta\" dir=\"ltr\" data-placeholder=\"Translation\" aria-label=\"P\u0159elo\u017een\u00fd text\" data-ved=\"2ahUKEwj2ucO6-8mHAxXmh68BHRM1GoEQ3ewLegQIEBAU\"><span class=\"Y2IQFc\" lang=\"en\">Frekvence \uff1a50\/60 Hz<\/span><\/li>\n<li dir=\"ltr\" data-placeholder=\"Translation\" aria-label=\"P\u0159elo\u017een\u00fd text\" data-ved=\"2ahUKEwj2ucO6-8mHAxXmh68BHRM1GoEQ3ewLegQIEBAU\">V\u00fdkon motoru :750 w<\/li>\n<li dir=\"ltr\" data-placeholder=\"Translation\" aria-label=\"P\u0159elo\u017een\u00fd text\" data-ved=\"2ahUKEwj2ucO6-8mHAxXmh68BHRM1GoEQ3ewLegQIEBAU\">Specifikace stolu :400*510 mm<\/li>\n<li dir=\"ltr\" data-placeholder=\"Translation\" aria-label=\"P\u0159elo\u017een\u00fd text\" data-ved=\"2ahUKEwj2ucO6-8mHAxXmh68BHRM1GoEQ3ewLegQIEBAU\">Tlou\u0161\u0165ka \u0159ezu: 5-150 mm<\/li>\n<li dir=\"ltr\" data-placeholder=\"Translation\" aria-label=\"P\u0159elo\u017een\u00fd text\" data-ved=\"2ahUKEwj2ucO6-8mHAxXmh68BHRM1GoEQ3ewLegQIEBAU\">V\u00fd\u0161ka \u0159ezu :245 mm<\/li>\n<li dir=\"ltr\" data-placeholder=\"Translation\" aria-label=\"P\u0159elo\u017een\u00fd text\" data-ved=\"2ahUKEwj2ucO6-8mHAxXmh68BHRM1GoEQ3ewLegQIEBAU\">HMOTNOST \/ HMOTNOST :46 KG\/36 KG<\/li>\n<li dir=\"ltr\" data-placeholder=\"Translation\" aria-label=\"P\u0159elo\u017een\u00fd text\" data-ved=\"2ahUKEwj2ucO6-8mHAxXmh68BHRM1GoEQ3ewLegQIEBAU\">Velikost v\u00fdrobku :51*51*86 cm<\/li>\n<li dir=\"ltr\" data-placeholder=\"Translation\" aria-label=\"P\u0159elo\u017een\u00fd text\" data-ved=\"2ahUKEwj2ucO6-8mHAxXmh68BHRM1GoEQ3ewLegQIEBAU\">Velikost balen\u00ed :61*61*96 cm<\/li>\n<\/ul>\n<p>&nbsp;<\/p>","protected":false},"featured_media":1716,"template":"","meta":[],"product_brand":[],"product_cat":[44],"product_tag":[],"class_list":{"0":"post-1692","1":"product","2":"type-product","3":"status-publish","4":"has-post-thumbnail","6":"product_cat-bone-cutting-machine","8":"first","9":"instock","10":"shipping-taxable","11":"product-type-simple"},"_links":{"self":[{"href":"https:\/\/sausage-stuffer.com\/cs\/wp-json\/wp\/v2\/product\/1692","targetHints":{"allow":["GET"]}}],"collection":[{"href":"https:\/\/sausage-stuffer.com\/cs\/wp-json\/wp\/v2\/product"}],"about":[{"href":"https:\/\/sausage-stuffer.com\/cs\/wp-json\/wp\/v2\/types\/product"}],"wp:featuredmedia":[{"embeddable":true,"href":"https:\/\/sausage-stuffer.com\/cs\/wp-json\/wp\/v2\/media\/1716"}],"wp:attachment":[{"href":"https:\/\/sausage-stuffer.com\/cs\/wp-json\/wp\/v2\/media?parent=1692"}],"wp:term":[{"taxonomy":"product_brand","embeddable":true,"href":"https:\/\/sausage-stuffer.com\/cs\/wp-json\/wp\/v2\/product_brand?post=1692"},{"taxonomy":"product_cat","embeddable":true,"href":"https:\/\/sausage-stuffer.com\/cs\/wp-json\/wp\/v2\/product_cat?post=1692"},{"taxonomy":"product_tag","embeddable":true,"href":"https:\/\/sausage-stuffer.com\/cs\/wp-json\/wp\/v2\/product_tag?post=1692"}],"curies":[{"name":"wp","href":"https:\/\/api.w.org\/{rel}","templated":true}]}}