{"id":1691,"date":"2024-07-26T10:25:10","date_gmt":"2024-07-26T10:25:10","guid":{"rendered":"https:\/\/sausage-stuffer.com\/?post_type=product&#038;p=1691"},"modified":"2024-08-06T12:03:54","modified_gmt":"2024-08-06T12:03:54","slug":"vegetable-cutter-slicer-qc205b","status":"publish","type":"product","link":"https:\/\/sausage-stuffer.com\/cs\/manufacturer\/vegetable-cutter-slicer-qc205b\/","title":{"rendered":"Kr\u00e1je\u010d na zeleninu QC205B"},"content":{"rendered":"<h3><strong><b>Jak funguje kr\u00e1je\u010d na zeleninu<\/b><\/strong><\/h3>\n<p>K\u0159upinov\u00fd n\u016f\u017e m\u00e1 obvykle \u010depel z nerezov\u00e9 oceli se zvln\u011bn\u00fdm nebo vroubkovan\u00fdm vzorem. Zelenina se protla\u010d\u00ed p\u0159es n\u016f\u017e a vytvo\u0159\u00ed se charakteristick\u00fd vlnit\u00fd \u0159ez. N\u011bkter\u00e9 modely mohou b\u00fdt vybaveny rukojet\u00ed nebo bezpe\u010dnostn\u00edm krytem pro snadn\u011bj\u0161\u00ed a bezpe\u010dn\u011bj\u0161\u00ed obsluhu.<\/p>\n<h3><strong><b>V\u00fdhody pou\u017e\u00edv\u00e1n\u00ed kr\u00e1je\u010de na zeleninu<\/b><\/strong><\/h3>\n<ul>\n<li><strong>Zlep\u0161uje prezentaci:<\/strong>Nakr\u00e1jen\u00e1 zelenina dod\u00e1 sal\u00e1t\u016fm, sma\u017een\u00fdm pokrm\u016fm a dal\u0161\u00edm j\u00eddl\u016fm vizu\u00e1ln\u00ed zaj\u00edmavost.<\/li>\n<li><strong>Zlep\u0161uje texturu:<\/strong>Vlnit\u00e9 \u0159ezy mohou zv\u00fdraznit strukturu a chu\u0165 n\u011bkter\u00fdch druh\u016f zeleniny.<\/li>\n<li><strong>Snadn\u00e9 pou\u017eit\u00ed:<\/strong>V\u011bt\u0161ina kr\u00e1je\u010d\u016f se snadno ovl\u00e1d\u00e1, tak\u017ee jsou vhodn\u00e9 jak pro za\u010d\u00ednaj\u00edc\u00ed, tak pro zku\u0161en\u00e9 kucha\u0159e.<\/li>\n<li><strong>V\u0161estrannost:<\/strong>Lze pou\u017e\u00edt na r\u016fzn\u00e9 druhy zeleniny a ovoce.<\/li>\n<\/ul>\n<h3><strong><b>V\u00fdb\u011br spr\u00e1vn\u00e9ho kr\u00e1je\u010de na zeleninu<\/b><\/strong><\/h3>\n<p>P\u0159i v\u00fdb\u011bru \u0159eza\u010dky na vlnky zva\u017ete n\u00e1sleduj\u00edc\u00ed faktory:<\/p>\n<ul>\n<li><strong>Vzor \u010depele:<\/strong>R\u016fzn\u00e9 vzory vytv\u00e1\u0159ej\u00ed r\u016fzn\u00e9 efekty.<\/li>\n<li><strong>Velikost a tvar:<\/strong>Vyberte si n\u016f\u017e, kter\u00fd v\u00e1m pohodln\u011b padne do ruky.<\/li>\n<li><strong>Materi\u00e1l:<\/strong>Nerezov\u00e1 ocel se up\u0159ednost\u0148uje kv\u016fli trvanlivosti a hygien\u011b.<\/li>\n<li><strong>Bezpe\u010dnostn\u00ed prvky:<\/strong>Hledejte protiskluzov\u00e9 rukojeti a kryty no\u017e\u016f.<\/li>\n<\/ul>\n<p>Za\u0159azen\u00edm kr\u00e1je\u010de na zeleninu do sv\u00e9ho kuchy\u0148sk\u00e9ho arzen\u00e1lu m\u016f\u017eete vylep\u0161it sv\u00e9 kulin\u00e1\u0159sk\u00e9 v\u00fdtvory a ohromit hosty sv\u00fdm tv\u016fr\u010d\u00edm talentem.<\/p>","protected":false},"excerpt":{"rendered":"<h4><strong>Kr\u00e1je\u010d zeleniny QC205B Parametr :<\/strong><\/h4>\n<p>Pr\u016fm\u011br no\u017eov\u00e9 misky ;\u2205205 mm<\/p>\n<p id=\"tw-target-text\" class=\"tw-data-text tw-text-large tw-ta\" dir=\"ltr\" data-placeholder=\"Translation\" aria-label=\"P\u0159elo\u017een\u00fd text\" data-ved=\"2ahUKEwi8jdCVo9GHAxWHcPUHHXifC8wQ3ewLegQICRAU\"><span class=\"Y2IQFc\" lang=\"en\">Po\u010det no\u017e\u016f \uff1a5<\/span><\/p>\n<p>V\u00fdkon :1000 W<\/p>\n<p>Nap\u011bt\u00ed :220V50Hz-110V60Hz<\/p>\n<p>Velikost v\u00fdrobku: 580*385*550 (mm)<\/p>\n<p>Velikost balen\u00ed: 675*345*540 (mm)<\/p>\n<p>G.W\/N.W :32(KG)\/27(KG)<\/p>","protected":false},"featured_media":1655,"template":"","meta":[],"product_brand":[],"product_cat":[43],"product_tag":[],"class_list":{"0":"post-1691","1":"product","2":"type-product","3":"status-publish","4":"has-post-thumbnail","6":"product_cat-vegetable-cutter","8":"first","9":"instock","10":"shipping-taxable","11":"product-type-simple"},"_links":{"self":[{"href":"https:\/\/sausage-stuffer.com\/cs\/wp-json\/wp\/v2\/product\/1691","targetHints":{"allow":["GET"]}}],"collection":[{"href":"https:\/\/sausage-stuffer.com\/cs\/wp-json\/wp\/v2\/product"}],"about":[{"href":"https:\/\/sausage-stuffer.com\/cs\/wp-json\/wp\/v2\/types\/product"}],"wp:featuredmedia":[{"embeddable":true,"href":"https:\/\/sausage-stuffer.com\/cs\/wp-json\/wp\/v2\/media\/1655"}],"wp:attachment":[{"href":"https:\/\/sausage-stuffer.com\/cs\/wp-json\/wp\/v2\/media?parent=1691"}],"wp:term":[{"taxonomy":"product_brand","embeddable":true,"href":"https:\/\/sausage-stuffer.com\/cs\/wp-json\/wp\/v2\/product_brand?post=1691"},{"taxonomy":"product_cat","embeddable":true,"href":"https:\/\/sausage-stuffer.com\/cs\/wp-json\/wp\/v2\/product_cat?post=1691"},{"taxonomy":"product_tag","embeddable":true,"href":"https:\/\/sausage-stuffer.com\/cs\/wp-json\/wp\/v2\/product_tag?post=1691"}],"curies":[{"name":"wp","href":"https:\/\/api.w.org\/{rel}","templated":true}]}}