{"id":1689,"date":"2024-07-26T10:22:24","date_gmt":"2024-07-26T10:22:24","guid":{"rendered":"https:\/\/sausage-stuffer.com\/?post_type=product&#038;p=1689"},"modified":"2024-08-06T12:10:30","modified_gmt":"2024-08-06T12:10:30","slug":"electric-vegetable-cutter-qc205","status":"publish","type":"product","link":"https:\/\/sausage-stuffer.com\/cs\/manufacturer\/electric-vegetable-cutter-qc205\/","title":{"rendered":"Elektrick\u00fd kr\u00e1je\u010d zeleniny QC205"},"content":{"rendered":"<p>Elektrick\u00fd kr\u00e1je\u010d na zeleninu,Tento n\u00e1stroj \u0161et\u0159\u00ed \u010das a nab\u00edz\u00ed p\u0159esnost a d\u016fslednost, tak\u017ee je cenn\u00fdm dopl\u0148kem ka\u017ed\u00e9 kuchyn\u011b.<\/p>\n<h3><strong><b>Kl\u00ed\u010dov\u00e9 vlastnosti<\/b><\/strong><\/h3>\n<ul>\n<li><strong>V\u00fdkonn\u00fd motor:<\/strong>\u00a0Zaji\u0161\u0165uje efektivn\u00ed kr\u00e1jen\u00ed i tvrd\u00e9 zeleniny.<\/li>\n<li><strong>Vym\u011bniteln\u00e9 \u010depele:<\/strong>\u00a0Nab\u00edz\u00ed v\u0161estrannost pro r\u016fzn\u00e9 styly st\u0159ihu.<\/li>\n<li><strong>Bezpe\u010dnostn\u00ed prvky:<\/strong>\u00a0Obsahuje bezpe\u010dnostn\u00ed kryty a protiskluzov\u00e9 no\u017ei\u010dky pro bezpe\u010dn\u00fd provoz.<\/li>\n<li><strong>Snadn\u00e9 \u010di\u0161t\u011bn\u00ed:<\/strong>\u00a0V\u011bt\u0161inu sou\u010d\u00e1st\u00ed lze m\u00fdt v my\u010dce n\u00e1dob\u00ed, co\u017e usnad\u0148uje \u00fadr\u017ebu.<\/li>\n<li><strong>Kapacita:<\/strong>\u00a0Li\u0161\u00ed se v z\u00e1vislosti na modelu, od mal\u00fdch stoln\u00edch jednotek a\u017e po v\u011bt\u0161\u00ed komer\u010dn\u00ed modely.<\/li>\n<\/ul>\n<h3><strong><b>V\u00fdhody<\/b><\/strong><\/h3>\n<ul>\n<li><strong>\u00daspora \u010dasu:<\/strong>\u00a0Rychle p\u0159ipravte velk\u00e9 mno\u017estv\u00ed zeleniny do sal\u00e1t\u016f, sma\u017een\u00fdch pokrm\u016f a dal\u0161\u00edch pokrm\u016f.<\/li>\n<li><strong>Konzistentn\u00ed v\u00fdsledky:<\/strong>\u00a0Snadno dos\u00e1hnete rovnom\u011brn\u00fdch pl\u00e1tk\u016f, strouh\u00e1n\u00ed nebo strouh\u00e1n\u00ed.<\/li>\n<li><strong><b>Sn\u00ed\u017een\u00e9 \u00fasil\u00ed: <\/b><\/strong>Minim\u00e1ln\u00ed n\u00e1roky na ru\u010dn\u00ed pr\u00e1ci ve srovn\u00e1n\u00ed s manu\u00e1ln\u00edmi metodami.<\/li>\n<li><strong>Bezpe\u010dnost:<\/strong>\u00a0Minimalizujte riziko nehod spojen\u00fdch s no\u017ei.<\/li>\n<li><strong>V\u0161estrannost:<\/strong>\u00a0Mnoho model\u016f si porad\u00ed s r\u016fzn\u00fdmi druhy ovoce a zeleniny.<\/li>\n<\/ul>\n<p>Investic\u00ed do kvalitn\u00edho elektrick\u00e9ho kr\u00e1je\u010de zeleniny m\u016f\u017eete zefektivnit proces p\u0159\u00edpravy j\u00eddla a vychutnat si pohodl\u00ed dokonale nakr\u00e1jen\u00fdch surovin.<\/p>","protected":false},"excerpt":{"rendered":"<h4><strong>Elektrick\u00fd kr\u00e1je\u010d zeleniny QC205 Parametr :<\/strong><\/h4>\n<p>Pr\u016fm\u011br no\u017eov\u00e9 misky ;\u2205205 mm<\/p>\n<p>V\u00fdkon :350 W<\/p>\n<p>Nap\u011bt\u00ed :220V50Hz<\/p>\n<p>Velikost v\u00fdrobku: 535*270*525 (mm)<\/p>\n<p>Velikost balen\u00ed: 580*385*550 (mm)<\/p>\n<p>G.W\/N.W :24,5(KG)\/19(KG)<\/p>","protected":false},"featured_media":1653,"template":"","meta":[],"product_brand":[],"product_cat":[43],"product_tag":[],"class_list":{"0":"post-1689","1":"product","2":"type-product","3":"status-publish","4":"has-post-thumbnail","6":"product_cat-vegetable-cutter","8":"first","9":"instock","10":"shipping-taxable","11":"product-type-simple"},"_links":{"self":[{"href":"https:\/\/sausage-stuffer.com\/cs\/wp-json\/wp\/v2\/product\/1689","targetHints":{"allow":["GET"]}}],"collection":[{"href":"https:\/\/sausage-stuffer.com\/cs\/wp-json\/wp\/v2\/product"}],"about":[{"href":"https:\/\/sausage-stuffer.com\/cs\/wp-json\/wp\/v2\/types\/product"}],"wp:featuredmedia":[{"embeddable":true,"href":"https:\/\/sausage-stuffer.com\/cs\/wp-json\/wp\/v2\/media\/1653"}],"wp:attachment":[{"href":"https:\/\/sausage-stuffer.com\/cs\/wp-json\/wp\/v2\/media?parent=1689"}],"wp:term":[{"taxonomy":"product_brand","embeddable":true,"href":"https:\/\/sausage-stuffer.com\/cs\/wp-json\/wp\/v2\/product_brand?post=1689"},{"taxonomy":"product_cat","embeddable":true,"href":"https:\/\/sausage-stuffer.com\/cs\/wp-json\/wp\/v2\/product_cat?post=1689"},{"taxonomy":"product_tag","embeddable":true,"href":"https:\/\/sausage-stuffer.com\/cs\/wp-json\/wp\/v2\/product_tag?post=1689"}],"curies":[{"name":"wp","href":"https:\/\/api.w.org\/{rel}","templated":true}]}}