{"id":1687,"date":"2024-07-26T10:20:59","date_gmt":"2024-07-26T10:20:59","guid":{"rendered":"https:\/\/sausage-stuffer.com\/?post_type=product&#038;p=1687"},"modified":"2024-07-31T12:58:28","modified_gmt":"2024-07-31T12:58:28","slug":"commercial-meat-slicer-320f","status":"publish","type":"product","link":"https:\/\/sausage-stuffer.com\/cs\/manufacturer\/commercial-meat-slicer-320f\/","title":{"rendered":"Komer\u010dn\u00ed kr\u00e1je\u010d masa 320F"},"content":{"rendered":"","protected":false},"excerpt":{"rendered":"<h3><strong>13 \"Pln\u011b automatick\u00fd F<\/strong><strong><span class=\"Y2IQFc\" lang=\"en\">loor-standing <\/span><\/strong><strong>Stroj na kr\u00e1jen\u00ed masa 320F <\/strong><strong>Parametr :<\/strong><\/h3>\n<p>Funkce \uff1a Pln\u011b automatick\u00e1<\/p>\n<p>Od\u0159\u00edznut\u00ed itiner\u00e1\u0159e: 240 mm<\/p>\n<p>Nastaven\u00ed tlou\u0161\u0165ky: 0 ~ 18 mm<\/p>\n<p>Pr\u016fm\u011br \u010depele :\u2205320 mm<\/p>\n<p>V\u00fdkon motoru Balde : 270 W<\/p>\n<p>V\u00fdkon motoru kr\u00e1je\u010de: 530 W<\/p>\n<p>Nap\u011bt\u00ed: 220V 50Hz-110V 60Hz<\/p>\n<p>Velikost v\u00fdrobku: 740*575*1300 (mm)<\/p>\n<p>Velikost balen\u00ed :820*720*1500(mm)<\/p>\n<p>G.W\/N.W :106\/82(KG)<\/p>","protected":false},"featured_media":1688,"template":"","meta":[],"product_brand":[],"product_cat":[42],"product_tag":[],"class_list":{"0":"post-1687","1":"product","2":"type-product","3":"status-publish","4":"has-post-thumbnail","6":"product_cat-meat-slicer","8":"first","9":"instock","10":"shipping-taxable","11":"product-type-simple"},"_links":{"self":[{"href":"https:\/\/sausage-stuffer.com\/cs\/wp-json\/wp\/v2\/product\/1687","targetHints":{"allow":["GET"]}}],"collection":[{"href":"https:\/\/sausage-stuffer.com\/cs\/wp-json\/wp\/v2\/product"}],"about":[{"href":"https:\/\/sausage-stuffer.com\/cs\/wp-json\/wp\/v2\/types\/product"}],"wp:featuredmedia":[{"embeddable":true,"href":"https:\/\/sausage-stuffer.com\/cs\/wp-json\/wp\/v2\/media\/1688"}],"wp:attachment":[{"href":"https:\/\/sausage-stuffer.com\/cs\/wp-json\/wp\/v2\/media?parent=1687"}],"wp:term":[{"taxonomy":"product_brand","embeddable":true,"href":"https:\/\/sausage-stuffer.com\/cs\/wp-json\/wp\/v2\/product_brand?post=1687"},{"taxonomy":"product_cat","embeddable":true,"href":"https:\/\/sausage-stuffer.com\/cs\/wp-json\/wp\/v2\/product_cat?post=1687"},{"taxonomy":"product_tag","embeddable":true,"href":"https:\/\/sausage-stuffer.com\/cs\/wp-json\/wp\/v2\/product_tag?post=1687"}],"curies":[{"name":"wp","href":"https:\/\/api.w.org\/{rel}","templated":true}]}}