{"id":1683,"date":"2024-07-26T10:17:09","date_gmt":"2024-07-26T10:17:09","guid":{"rendered":"https:\/\/sausage-stuffer.com\/?post_type=product&#038;p=1683"},"modified":"2024-07-29T15:24:59","modified_gmt":"2024-07-29T15:24:59","slug":"electric-meat-slicer-300b","status":"publish","type":"product","link":"https:\/\/sausage-stuffer.com\/cs\/manufacturer\/electric-meat-slicer-300b\/","title":{"rendered":"Elektrick\u00fd kr\u00e1je\u010d masa 300B"},"content":{"rendered":"","protected":false},"excerpt":{"rendered":"<h3><strong>8\" poloautomatick\u00fd kr\u00e1je\u010d masa Parametry<\/strong><\/h3>\n<p>Funkce \uff1a poloautomatick\u00e1<\/p>\n<p>Od\u0159\u00edznut\u00ed itiner\u00e1\u0159e: 150 mm<\/p>\n<p>Nastaven\u00ed tlou\u0161\u0165ky: 0~13 mm<\/p>\n<p>Pr\u016fm\u011br \u010depele :\u2205220 mm<\/p>\n<p>V\u00fdkon : 210 W<\/p>\n<p>Nap\u011bt\u00ed: 220V 50Hz<\/p>\n<p>Velikost v\u00fdrobku: 410*400*350 (mm)<\/p>\n<p>Velikost balen\u00ed: 465*355*425 (mm)<\/p>\n<p>G.W\/N.W :16.5\/14.5(KG)<\/p>","protected":false},"featured_media":1684,"template":"","meta":[],"product_brand":[],"product_cat":[42],"product_tag":[],"class_list":{"0":"post-1683","1":"product","2":"type-product","3":"status-publish","4":"has-post-thumbnail","6":"product_cat-meat-slicer","8":"first","9":"instock","10":"shipping-taxable","11":"product-type-simple"},"_links":{"self":[{"href":"https:\/\/sausage-stuffer.com\/cs\/wp-json\/wp\/v2\/product\/1683","targetHints":{"allow":["GET"]}}],"collection":[{"href":"https:\/\/sausage-stuffer.com\/cs\/wp-json\/wp\/v2\/product"}],"about":[{"href":"https:\/\/sausage-stuffer.com\/cs\/wp-json\/wp\/v2\/types\/product"}],"wp:featuredmedia":[{"embeddable":true,"href":"https:\/\/sausage-stuffer.com\/cs\/wp-json\/wp\/v2\/media\/1684"}],"wp:attachment":[{"href":"https:\/\/sausage-stuffer.com\/cs\/wp-json\/wp\/v2\/media?parent=1683"}],"wp:term":[{"taxonomy":"product_brand","embeddable":true,"href":"https:\/\/sausage-stuffer.com\/cs\/wp-json\/wp\/v2\/product_brand?post=1683"},{"taxonomy":"product_cat","embeddable":true,"href":"https:\/\/sausage-stuffer.com\/cs\/wp-json\/wp\/v2\/product_cat?post=1683"},{"taxonomy":"product_tag","embeddable":true,"href":"https:\/\/sausage-stuffer.com\/cs\/wp-json\/wp\/v2\/product_tag?post=1683"}],"curies":[{"name":"wp","href":"https:\/\/api.w.org\/{rel}","templated":true}]}}