{"id":1681,"date":"2024-07-26T10:13:48","date_gmt":"2024-07-26T10:13:48","guid":{"rendered":"https:\/\/sausage-stuffer.com\/?post_type=product&#038;p=1681"},"modified":"2024-07-29T15:09:58","modified_gmt":"2024-07-29T15:09:58","slug":"home-meat-slicer-300a","status":"publish","type":"product","link":"https:\/\/sausage-stuffer.com\/cs\/manufacturer\/home-meat-slicer-300a\/","title":{"rendered":"Home Kr\u00e1je\u010d masa 300A"},"content":{"rendered":"","protected":false},"excerpt":{"rendered":"<h3><strong>12\" pln\u011b automatick\u00fd dom\u00e1c\u00ed kr\u00e1je\u010d masa 300A <\/strong><strong>Parametr :<\/strong><\/h3>\n<p>Funkce \uff1a Pln\u011b automatick\u00e1<\/p>\n<p>Od\u0159\u00edznut\u00ed itiner\u00e1\u0159e: 200 mm<\/p>\n<p>Nastaven\u00ed tlou\u0161\u0165ky: 0 ~ 18 mm<\/p>\n<p>Pr\u016fm\u011br \u010depele: \u2205300 mm<\/p>\n<p>V\u00fdkon motoru Balde : 270 W<\/p>\n<p>V\u00fdkon motoru kr\u00e1je\u010de: 450 W<\/p>\n<p>Nap\u011bt\u00ed: 220V 50Hz<\/p>\n<p>Rychlost kr\u00e1jen\u00ed :38 ks\/min<\/p>\n<p>Velikost v\u00fdrobku: 590*545*740 (mm)<\/p>\n<p>Velikost balen\u00ed: 660*620*835 (mm)<\/p>\n<p>G.W\/N.W :88\/65(KG)<\/p>","protected":false},"featured_media":1636,"template":"","meta":[],"product_brand":[],"product_cat":[42],"product_tag":[],"class_list":{"0":"post-1681","1":"product","2":"type-product","3":"status-publish","4":"has-post-thumbnail","6":"product_cat-meat-slicer","8":"first","9":"instock","10":"shipping-taxable","11":"product-type-simple"},"_links":{"self":[{"href":"https:\/\/sausage-stuffer.com\/cs\/wp-json\/wp\/v2\/product\/1681","targetHints":{"allow":["GET"]}}],"collection":[{"href":"https:\/\/sausage-stuffer.com\/cs\/wp-json\/wp\/v2\/product"}],"about":[{"href":"https:\/\/sausage-stuffer.com\/cs\/wp-json\/wp\/v2\/types\/product"}],"wp:featuredmedia":[{"embeddable":true,"href":"https:\/\/sausage-stuffer.com\/cs\/wp-json\/wp\/v2\/media\/1636"}],"wp:attachment":[{"href":"https:\/\/sausage-stuffer.com\/cs\/wp-json\/wp\/v2\/media?parent=1681"}],"wp:term":[{"taxonomy":"product_brand","embeddable":true,"href":"https:\/\/sausage-stuffer.com\/cs\/wp-json\/wp\/v2\/product_brand?post=1681"},{"taxonomy":"product_cat","embeddable":true,"href":"https:\/\/sausage-stuffer.com\/cs\/wp-json\/wp\/v2\/product_cat?post=1681"},{"taxonomy":"product_tag","embeddable":true,"href":"https:\/\/sausage-stuffer.com\/cs\/wp-json\/wp\/v2\/product_tag?post=1681"}],"curies":[{"name":"wp","href":"https:\/\/api.w.org\/{rel}","templated":true}]}}