{"id":1680,"date":"2024-07-26T10:12:20","date_gmt":"2024-07-26T10:12:20","guid":{"rendered":"https:\/\/sausage-stuffer.com\/?post_type=product&#038;p=1680"},"modified":"2024-07-31T12:35:07","modified_gmt":"2024-07-31T12:35:07","slug":"slicer-machine-250b","status":"publish","type":"product","link":"https:\/\/sausage-stuffer.com\/cs\/manufacturer\/slicer-machine-250b\/","title":{"rendered":"Kr\u00e1jec\u00ed stroj 250B"},"content":{"rendered":"<p>Tato \u0159ada kr\u00e1je\u010d\u016f na maso vyroben\u00e1 ze slitiny hlin\u00edku a ho\u0159\u010d\u00edku a eloxovan\u00e1, m\u00e1 t\u0159i nejv\u011bt\u0161\u00ed vlastnosti:<\/p>\n<p>1.Have chr\u00e1nit n\u016f\u017e misku vyt\u00e1hnout ty\u010d zlomit ty\u010d ovl\u00e1d\u00e1n\u00ed vybavit.<\/p>\n<p>2.Have brousit ochranu no\u017ee vybavit.<\/p>\n<p>3.Have blokovat vybavit.<\/p>","protected":false},"excerpt":{"rendered":"<h3><strong>250B Poloautomatick\u00fd kr\u00e1je\u010d Parametr :<\/strong><\/h3>\n[table id=5 \/]","protected":false},"featured_media":1743,"template":"","meta":[],"product_brand":[],"product_cat":[42],"product_tag":[],"class_list":{"0":"post-1680","1":"product","2":"type-product","3":"status-publish","4":"has-post-thumbnail","6":"product_cat-meat-slicer","8":"first","9":"instock","10":"shipping-taxable","11":"product-type-simple"},"_links":{"self":[{"href":"https:\/\/sausage-stuffer.com\/cs\/wp-json\/wp\/v2\/product\/1680","targetHints":{"allow":["GET"]}}],"collection":[{"href":"https:\/\/sausage-stuffer.com\/cs\/wp-json\/wp\/v2\/product"}],"about":[{"href":"https:\/\/sausage-stuffer.com\/cs\/wp-json\/wp\/v2\/types\/product"}],"wp:featuredmedia":[{"embeddable":true,"href":"https:\/\/sausage-stuffer.com\/cs\/wp-json\/wp\/v2\/media\/1743"}],"wp:attachment":[{"href":"https:\/\/sausage-stuffer.com\/cs\/wp-json\/wp\/v2\/media?parent=1680"}],"wp:term":[{"taxonomy":"product_brand","embeddable":true,"href":"https:\/\/sausage-stuffer.com\/cs\/wp-json\/wp\/v2\/product_brand?post=1680"},{"taxonomy":"product_cat","embeddable":true,"href":"https:\/\/sausage-stuffer.com\/cs\/wp-json\/wp\/v2\/product_cat?post=1680"},{"taxonomy":"product_tag","embeddable":true,"href":"https:\/\/sausage-stuffer.com\/cs\/wp-json\/wp\/v2\/product_tag?post=1680"}],"curies":[{"name":"wp","href":"https:\/\/api.w.org\/{rel}","templated":true}]}}