{"id":1679,"date":"2024-07-26T10:10:28","date_gmt":"2024-07-26T10:10:28","guid":{"rendered":"https:\/\/sausage-stuffer.com\/?post_type=product&#038;p=1679"},"modified":"2024-07-29T15:18:57","modified_gmt":"2024-07-29T15:18:57","slug":"slicing-machine-250a","status":"publish","type":"product","link":"https:\/\/sausage-stuffer.com\/cs\/manufacturer\/slicing-machine-250a\/","title":{"rendered":"Kr\u00e1jec\u00ed stroj 250A"},"content":{"rendered":"<h2 class=\"\" data-sourcepos=\"1:1-1:60\">Pln\u011b automatick\u00fd kr\u00e1jec\u00ed stroj: P\u0159esnost a efektivita<\/h2>\n<p data-sourcepos=\"3:1-3:88\">Toto za\u0159\u00edzen\u00ed pr\u016fmyslov\u00e9 t\u0159\u00eddy je ur\u010deno pro velkoobjemovou v\u00fdrobu a nab\u00edz\u00ed bezkonkuren\u010dn\u00ed rychlost, p\u0159esnost a konzistenci. Bez n\u00e1mahy nakr\u00e1j\u00edte \u0161irokou \u0161k\u00e1lu produkt\u016f v\u010detn\u011b masa, s\u00fdra, chleba a zeleniny.<\/p>\n<p data-sourcepos=\"5:1-5:17\"><strong>Kl\u00ed\u010dov\u00e9 vlastnosti:<\/strong><\/p>\n<ul data-sourcepos=\"7:1-8:1\">\n<li data-sourcepos=\"7:1-7:70\"><strong>Vysokorychlostn\u00ed kr\u00e1jen\u00ed:<\/strong> Rychl\u00e9 zpracov\u00e1n\u00ed velk\u00e9ho mno\u017estv\u00ed produktu.<\/li>\n<li data-sourcepos=\"8:1-8:1\"><strong>P\u0159esn\u00e1 kontrola tlou\u0161\u0165ky:<\/strong> D\u00edky nastaviteln\u00fdm parametr\u016fm dos\u00e1hnete konzistentn\u00ed tlou\u0161\u0165ky pl\u00e1tk\u016f.<\/li>\n<li data-sourcepos=\"9:1-9:64\"><strong>Odoln\u00e1 konstrukce:<\/strong> Vytvo\u0159eno pro n\u00e1ro\u010dn\u00e9 komer\u010dn\u00ed pou\u017eit\u00ed.<\/li>\n<li data-sourcepos=\"10:1-10:31\"><strong>Pokro\u010dil\u00e9 bezpe\u010dnostn\u00ed funkce:<\/strong> Chra\u0148te obsluhu bezpe\u010dnostn\u00edmi kryty a nouzov\u00fdm zastaven\u00edm.<\/li>\n<li data-sourcepos=\"11:1-12:0\"><strong>Snadn\u00e9 \u010di\u0161t\u011bn\u00ed a \u00fadr\u017eba:<\/strong> Navr\u017eeno pro efektivn\u00ed provoz a \u00fadr\u017ebu.<\/li>\n<\/ul>","protected":false},"excerpt":{"rendered":"<h3><strong>10 \"Pln\u011b automatick\u00fd kr\u00e1jec\u00ed stroj <\/strong><strong>Parametr<\/strong><\/h3>\n<p>Funkce \uff1a Pln\u011b automatick\u00e1<\/p>\n<p>Od\u0159\u00edznut\u00ed itiner\u00e1\u0159e: 155 mm<\/p>\n<p>Nastaven\u00ed tlou\u0161\u0165ky: 0 ~ 17 mm<\/p>\n<p>Pr\u016fm\u011br \u010depele :\u2205250 mm<\/p>\n<p>V\u00fdkon motoru Balde : 240 W<\/p>\n<p>V\u00fdkon motoru kr\u00e1je\u010de: 300 W<\/p>\n<p>Nap\u011bt\u00ed: 220V 50Hz<\/p>\n<p>Rychlost kr\u00e1jen\u00ed :45 ks\/min<\/p>\n<p>Velikost v\u00fdrobku: 535*475*690 (mm)<\/p>\n<p>Velikost balen\u00ed: 610*540*790 (mm)<\/p>\n<p>G.W\/N.W :73.5\/53(KG)<\/p>","protected":false},"featured_media":1635,"template":"","meta":[],"product_brand":[],"product_cat":[42],"product_tag":[],"class_list":{"0":"post-1679","1":"product","2":"type-product","3":"status-publish","4":"has-post-thumbnail","6":"product_cat-meat-slicer","8":"first","9":"instock","10":"shipping-taxable","11":"product-type-simple"},"_links":{"self":[{"href":"https:\/\/sausage-stuffer.com\/cs\/wp-json\/wp\/v2\/product\/1679","targetHints":{"allow":["GET"]}}],"collection":[{"href":"https:\/\/sausage-stuffer.com\/cs\/wp-json\/wp\/v2\/product"}],"about":[{"href":"https:\/\/sausage-stuffer.com\/cs\/wp-json\/wp\/v2\/types\/product"}],"wp:featuredmedia":[{"embeddable":true,"href":"https:\/\/sausage-stuffer.com\/cs\/wp-json\/wp\/v2\/media\/1635"}],"wp:attachment":[{"href":"https:\/\/sausage-stuffer.com\/cs\/wp-json\/wp\/v2\/media?parent=1679"}],"wp:term":[{"taxonomy":"product_brand","embeddable":true,"href":"https:\/\/sausage-stuffer.com\/cs\/wp-json\/wp\/v2\/product_brand?post=1679"},{"taxonomy":"product_cat","embeddable":true,"href":"https:\/\/sausage-stuffer.com\/cs\/wp-json\/wp\/v2\/product_cat?post=1679"},{"taxonomy":"product_tag","embeddable":true,"href":"https:\/\/sausage-stuffer.com\/cs\/wp-json\/wp\/v2\/product_tag?post=1679"}],"curies":[{"name":"wp","href":"https:\/\/api.w.org\/{rel}","templated":true}]}}