{"id":1678,"date":"2024-07-26T10:09:04","date_gmt":"2024-07-26T10:09:04","guid":{"rendered":"https:\/\/sausage-stuffer.com\/?post_type=product&#038;p=1678"},"modified":"2024-07-29T14:41:49","modified_gmt":"2024-07-29T14:41:49","slug":"meat-slicer-200b","status":"publish","type":"product","link":"https:\/\/sausage-stuffer.com\/cs\/manufacturer\/meat-slicer-200b\/","title":{"rendered":"Kr\u00e1je\u010d masa 200B"},"content":{"rendered":"<h2 class=\"\" data-sourcepos=\"1:1-1:49\">N\u00e1\u0161 elektrick\u00fd poloautomatick\u00fd kr\u00e1je\u010d masa<\/h2>\n<p data-sourcepos=\"3:1-3:74\">Zvy\u0161te svou produktivitu a p\u0159esnost s na\u0161\u00edm elektrick\u00fdm kr\u00e1je\u010dem masa pr\u016fmyslov\u00e9 t\u0159\u00eddy. Tento stroj je navr\u017een pro n\u00e1ro\u010dn\u00e9 komer\u010dn\u00ed kuchyn\u011b a poskytuje v\u00fdjime\u010dn\u00fd v\u00fdkon a odolnost.<\/p>\n<p data-sourcepos=\"5:1-5:17\"><strong>Kl\u00ed\u010dov\u00e9 vlastnosti:<\/strong><\/p>\n<ul data-sourcepos=\"7:1-7:32\">\n<li data-sourcepos=\"7:1-7:32\"><strong>Vysoce \u00fa\u010dinn\u00fd motor:<\/strong> P\u0159\u00edkon 210 W pro rychl\u00e9 a konzistentn\u00ed kr\u00e1jen\u00ed.<\/li>\n<li data-sourcepos=\"8:1-8:79\"><strong>Nastaviteln\u00e1 tlou\u0161\u0165ka pl\u00e1tk\u016f:<\/strong> Tlou\u0161\u0165ku pl\u00e1tk\u016f snadno p\u0159izp\u016fsob\u00edte v rozmez\u00ed 0 a\u017e 13 mm pomoc\u00ed p\u0159esn\u00e9ho nastavovac\u00edho knofl\u00edku.<\/li>\n<li data-sourcepos=\"9:1-9:108\"><strong>Odoln\u00e1 konstrukce:<\/strong> T\u011blo z lit\u00e9ho hlin\u00edku a 10palcov\u00e1 \u010depel z chromovan\u00e9 oceli pro dlouhou \u017eivotnost.<\/li>\n<li data-sourcepos=\"10:1-10:1\"><strong>Bezpe\u010dnost p\u0159edev\u0161\u00edm:<\/strong> Pr\u016fhledn\u00fd bezpe\u010dnostn\u00ed kryt, protiskluzov\u00e1 z\u00e1kladna a vodot\u011bsn\u00fd vyp\u00edna\u010d pro bezpe\u010dn\u00fd provoz.<\/li>\n<li data-sourcepos=\"11:1-12:0\"><strong>V\u0161estrann\u00e9 kr\u00e1jen\u00ed:<\/strong> Zpracov\u00e1v\u00e1 r\u016fzn\u00e9 potraviny v\u010detn\u011b masa, s\u00fdr\u016f, chleba a zeleniny.<\/li>\n<\/ul>","protected":false},"excerpt":{"rendered":"<h3><strong>8\" poloautomatick\u00fd kr\u00e1je\u010d masa Parametry<\/strong><\/h3>\n<p>Funkce \uff1a poloautomatick\u00e1<\/p>\n<p>Od\u0159\u00edznut\u00ed itiner\u00e1\u0159e: 140 mm<\/p>\n<p>Nastaven\u00ed tlou\u0161\u0165ky: 0~13 mm<\/p>\n<p>Pr\u016fm\u011br \u010depele :\u2205220 mm<\/p>\n<p>V\u00fdkon : 210 W<\/p>\n<p>Nap\u011bt\u00ed: 220V 50Hz<\/p>\n<p>Velikost v\u00fdrobku: 410*400*350 (mm)<\/p>\n<p>Velikost balen\u00ed: 465*355*425 (mm)<\/p>\n<p>G.W\/N.W :16.5\/14.5(KG)<\/p>","protected":false},"featured_media":1630,"template":"","meta":[],"product_brand":[],"product_cat":[42],"product_tag":[],"class_list":{"0":"post-1678","1":"product","2":"type-product","3":"status-publish","4":"has-post-thumbnail","6":"product_cat-meat-slicer","8":"first","9":"instock","10":"shipping-taxable","11":"product-type-simple"},"_links":{"self":[{"href":"https:\/\/sausage-stuffer.com\/cs\/wp-json\/wp\/v2\/product\/1678","targetHints":{"allow":["GET"]}}],"collection":[{"href":"https:\/\/sausage-stuffer.com\/cs\/wp-json\/wp\/v2\/product"}],"about":[{"href":"https:\/\/sausage-stuffer.com\/cs\/wp-json\/wp\/v2\/types\/product"}],"wp:featuredmedia":[{"embeddable":true,"href":"https:\/\/sausage-stuffer.com\/cs\/wp-json\/wp\/v2\/media\/1630"}],"wp:attachment":[{"href":"https:\/\/sausage-stuffer.com\/cs\/wp-json\/wp\/v2\/media?parent=1678"}],"wp:term":[{"taxonomy":"product_brand","embeddable":true,"href":"https:\/\/sausage-stuffer.com\/cs\/wp-json\/wp\/v2\/product_brand?post=1678"},{"taxonomy":"product_cat","embeddable":true,"href":"https:\/\/sausage-stuffer.com\/cs\/wp-json\/wp\/v2\/product_cat?post=1678"},{"taxonomy":"product_tag","embeddable":true,"href":"https:\/\/sausage-stuffer.com\/cs\/wp-json\/wp\/v2\/product_tag?post=1678"}],"curies":[{"name":"wp","href":"https:\/\/api.w.org\/{rel}","templated":true}]}}