{"id":1609,"date":"2024-07-23T14:34:08","date_gmt":"2024-07-23T14:34:08","guid":{"rendered":"https:\/\/sausage-stuffer.com\/?post_type=product&#038;p=1609"},"modified":"2024-08-15T06:09:40","modified_gmt":"2024-08-15T06:09:40","slug":"sausage-maker-stuffer-sh5","status":"publish","type":"product","link":"https:\/\/sausage-stuffer.com\/cs\/manufacturer\/sausage-maker-stuffer-sh5\/","title":{"rendered":"Plni\u010d klob\u00e1s SH-5"},"content":{"rendered":"<h2><strong>V\u00fdhody za\u0159\u00edzen\u00ed na v\u00fdrobu klob\u00e1s<\/strong><\/h2>\n<ol>\n<li><strong>Kontrola<\/strong>: Umo\u017e\u0148uje p\u0159esnou kontrolu procesu pln\u011bn\u00ed, co\u017e m\u016f\u017ee v\u00e9st k vy\u0161\u0161\u00ed kvalit\u011b hotov\u00e9ho v\u00fdrobku.<\/li>\n<li><strong>Odolnost<\/strong>: V porovn\u00e1n\u00ed s vertik\u00e1ln\u00edmi modely jsou obvykle robustn\u011bj\u0161\u00ed a odoln\u011bj\u0161\u00ed.<\/li>\n<li><strong>Snadn\u00e9 pou\u017e\u00edv\u00e1n\u00ed<\/strong>: Pro za\u010d\u00e1te\u010dn\u00edky je \u010dasto snaz\u0161\u00ed pou\u017e\u00edvat d\u00edky horizont\u00e1ln\u00edmu proveden\u00ed, kter\u00e9 poskytuje lep\u0161\u00ed p\u00e1kov\u00fd efekt.<\/li>\n<\/ol>\n<p>&nbsp;<\/p>\n<h2><strong>Nev\u00fdhody za\u0159\u00edzen\u00ed na v\u00fdrobu klob\u00e1s<\/strong><\/h2>\n<ol>\n<li><strong>Velikost<\/strong>: V porovn\u00e1n\u00ed s vertik\u00e1ln\u00edmi plni\u010di m\u016f\u017ee zab\u00edrat v\u00edce m\u00edsta.<\/li>\n<li><strong>Hmotnost<\/strong>: M\u016f\u017ee b\u00fdt t\u011b\u017ek\u00fd a t\u011b\u017ekop\u00e1dn\u00fd p\u0159i p\u0159emis\u0165ov\u00e1n\u00ed nebo skladov\u00e1n\u00ed.<\/li>\n<\/ol>\n<p>&nbsp;<\/p>\n<h2><strong>B\u011b\u017en\u00e9 pou\u017eit\u00ed<\/strong><\/h2>\n<ul>\n<li>V\u00fdroba r\u016fzn\u00fdch druh\u016f klob\u00e1s, jako jsou klob\u00e1sy, chorizo, italsk\u00e9 klob\u00e1sy a sn\u00edda\u0148ov\u00e9 klob\u00e1sy.<\/li>\n<li>Vhodn\u00fd pro dom\u00e1c\u00ed i mal\u00e9 komer\u010dn\u00ed pou\u017eit\u00ed.<\/li>\n<\/ul>\n<p>&nbsp;<\/p>\n<h2><strong>\u00dadr\u017eba stroje na v\u00fdrobu klob\u00e1s<\/strong><\/h2>\n<ol>\n<li><strong>\u010ci\u0161t\u011bn\u00ed<\/strong>: Po ka\u017ed\u00e9m pou\u017eit\u00ed p\u0159\u00edstroj rozeberte a d\u016fkladn\u011b vy\u010dist\u011bte, abyste zabr\u00e1nili usazov\u00e1n\u00ed zbytk\u016f masa a zajistili bezpe\u010dnost potravin.<\/li>\n<li><strong>Maz\u00e1n\u00ed<\/strong>: P\u0159\u00edle\u017eitostn\u011b nama\u017ete pohybliv\u00e9 \u010d\u00e1sti, abyste zajistili hladk\u00fd chod.<\/li>\n<\/ol>","protected":false},"excerpt":{"rendered":"<h4><strong><span class=\"Y2IQFc\" lang=\"en\">Z\u00e1kladn\u00ed parametry<\/span><\/strong><\/h4>\n<p>Typ\uff1ahorizont\u00e1ln\u00ed m<span class=\"Y2IQFc\" lang=\"en\">anual s<\/span>n\u00e1pl\u0148 do z\u00e1suvky<\/p>\n<p>Pr\u016fm\u011br v\u00e1lce xl(mm)\uff1a\uffe0140*320<\/p>\n<p>Velikost\uff1a288*360*690\uff08mm\uff09<\/p>\n<p>\u010cist\u00e1 hmotnost \uff1a10 KG<\/p>\n<p id=\"tw-target-text\" class=\"tw-data-text tw-text-large tw-ta\" dir=\"ltr\" data-placeholder=\"Translation\" aria-label=\"P\u0159elo\u017een\u00fd text\" data-ved=\"2ahUKEwikr8X52saHAxV4mq8BHbZ8AHMQ3ewLegQIEhAU\"><span class=\"Y2IQFc\" lang=\"en\">Objem \uff1a5L<\/span><\/p>","protected":false},"featured_media":1795,"template":"","meta":[],"product_brand":[],"product_cat":[48],"product_tag":[],"class_list":{"0":"post-1609","1":"product","2":"type-product","3":"status-publish","4":"has-post-thumbnail","6":"product_cat-horizontal-manual-sausage-stuffer","8":"first","9":"instock","10":"shipping-taxable","11":"product-type-simple"},"_links":{"self":[{"href":"https:\/\/sausage-stuffer.com\/cs\/wp-json\/wp\/v2\/product\/1609","targetHints":{"allow":["GET"]}}],"collection":[{"href":"https:\/\/sausage-stuffer.com\/cs\/wp-json\/wp\/v2\/product"}],"about":[{"href":"https:\/\/sausage-stuffer.com\/cs\/wp-json\/wp\/v2\/types\/product"}],"wp:featuredmedia":[{"embeddable":true,"href":"https:\/\/sausage-stuffer.com\/cs\/wp-json\/wp\/v2\/media\/1795"}],"wp:attachment":[{"href":"https:\/\/sausage-stuffer.com\/cs\/wp-json\/wp\/v2\/media?parent=1609"}],"wp:term":[{"taxonomy":"product_brand","embeddable":true,"href":"https:\/\/sausage-stuffer.com\/cs\/wp-json\/wp\/v2\/product_brand?post=1609"},{"taxonomy":"product_cat","embeddable":true,"href":"https:\/\/sausage-stuffer.com\/cs\/wp-json\/wp\/v2\/product_cat?post=1609"},{"taxonomy":"product_tag","embeddable":true,"href":"https:\/\/sausage-stuffer.com\/cs\/wp-json\/wp\/v2\/product_tag?post=1609"}],"curies":[{"name":"wp","href":"https:\/\/api.w.org\/{rel}","templated":true}]}}