{"id":1608,"date":"2024-07-23T14:33:33","date_gmt":"2024-07-23T14:33:33","guid":{"rendered":"https:\/\/sausage-stuffer.com\/?post_type=product&#038;p=1608"},"modified":"2024-08-15T06:06:06","modified_gmt":"2024-08-15T06:06:06","slug":"homemade-sausage-stuffer-sh7","status":"publish","type":"product","link":"https:\/\/sausage-stuffer.com\/cs\/manufacturer\/homemade-sausage-stuffer-sh7\/","title":{"rendered":"Dom\u00e1c\u00ed podava\u010d klob\u00e1s SH-7"},"content":{"rendered":"<h3><span style=\"color: #000000;\"><strong>Dom\u00e1c\u00ed klob\u00e1sy Stuffer V\u00fdhody<\/strong><\/span><\/h3>\n<p><span style=\"color: #000000;\"><strong>1.P\u0159esn\u00e9 \u0159\u00edzen\u00ed<\/strong>:<\/span><\/p>\n<ul>\n<li><span style=\"color: #000000;\">Umo\u017e\u0148uje rovnom\u011brn\u00e9 pln\u011bn\u00ed, sni\u017euje riziko vzniku vzduchov\u00fdch kapes a zaji\u0161\u0165uje rovnom\u011brn\u00e9 rozlo\u017een\u00ed sm\u011bsi klob\u00e1s.<\/span><\/li>\n<\/ul>\n<p><span style=\"color: #000000;\"><strong>2.Durability<\/strong>:<\/span><\/p>\n<ul>\n<li><span style=\"color: #000000;\">Vysoce kvalitn\u00ed materi\u00e1ly, jako je nerezov\u00e1 ocel, zaji\u0161\u0165uj\u00ed dlouhotrvaj\u00edc\u00ed v\u00fdkon a odolnost proti korozi a rzi.<\/span><\/li>\n<\/ul>\n<p><span style=\"color: #000000;\"><strong>3.V\u0161estrannost<\/strong>:<\/span><\/p>\n<ul>\n<li><span style=\"color: #000000;\">Vhodn\u00fd pro \u0161irokou \u0161k\u00e1lu druh\u016f klob\u00e1s, v\u010detn\u011b klob\u00e1s, choriza, italsk\u00fdch klob\u00e1s a dal\u0161\u00edch.<\/span><\/li>\n<li><span style=\"color: #000000;\">Lze pou\u017e\u00edt pro masov\u00e9 i vegetari\u00e1nsk\u00e9 recepty na klob\u00e1sy.<\/span><\/li>\n<\/ul>\n<p><span style=\"color: #000000;\"><strong>4.Snadn\u00e9 pou\u017e\u00edv\u00e1n\u00ed<\/strong>:<\/span><\/p>\n<ul>\n<li><span style=\"color: #000000;\">Obecn\u011b se snadno sestavuje, pou\u017e\u00edv\u00e1 a \u010dist\u00ed, tak\u017ee je dostupn\u00fd jak pro za\u010d\u00e1te\u010dn\u00edky, tak pro zku\u0161en\u00e9 v\u00fdrobce klob\u00e1s.<\/span><\/li>\n<\/ul>\n<p>&nbsp;<\/p>\n<h3><span style=\"color: #000000;\"><strong>\u00dadr\u017eba dom\u00e1c\u00edho sal\u00e1mu<\/strong><\/span><\/h3>\n<p><span style=\"color: #000000;\"><strong>1.Pravideln\u00e9 \u010di\u0161t\u011bn\u00ed<\/strong>:<\/span><\/p>\n<ul>\n<li><span style=\"color: #000000;\">Po ka\u017ed\u00e9m pou\u017eit\u00ed stroj rozeberte a v\u0161echny \u010d\u00e1sti vy\u010dist\u011bte teplou m\u00fddlovou vodou.<\/span><\/li>\n<li><span style=\"color: #000000;\">Zajist\u011bte odstran\u011bn\u00ed v\u0161ech zbytk\u016f masa, abyste zabr\u00e1nili r\u016fstu bakteri\u00ed.<\/span><\/li>\n<\/ul>\n<p><span style=\"color: #000000;\"><strong>2.Maz\u00e1n\u00ed<\/strong>:<\/span><\/p>\n<ul>\n<li><span style=\"color: #000000;\">Pohybliv\u00e9 \u010d\u00e1sti, jako je klika a p\u00edst, ob\u010das nama\u017ete mazivem vhodn\u00fdm pro potraviny, aby byl zaji\u0161t\u011bn hladk\u00fd chod.<\/span><\/li>\n<\/ul>\n<p><span style=\"color: #000000;\"><strong>3.Inspekce<\/strong>:<\/span><\/p>\n<ul>\n<li><span style=\"color: #000000;\">Pravideln\u011b kontrolujte, zda stroj nevykazuje zn\u00e1mky opot\u0159eben\u00ed nebo po\u0161kozen\u00ed. Opot\u0159ebovan\u00e9 d\u00edly v p\u0159\u00edpad\u011b pot\u0159eby vym\u011b\u0148te, aby byl zachov\u00e1n jejich v\u00fdkon.<\/span><\/li>\n<\/ul>","protected":false},"excerpt":{"rendered":"<h4><strong><span class=\"Y2IQFc\" lang=\"en\">Z\u00e1kladn\u00ed parametry<\/span><\/strong><\/h4>\n<p>Typ\uff1ahorizont\u00e1ln\u00ed m<span class=\"Y2IQFc\" lang=\"en\">anual s<\/span>n\u00e1pl\u0148 do z\u00e1suvky<\/p>\n<p>Pr\u016fm\u011br v\u00e1lce xl(mm)\uff1a\uffe0140*460<\/p>\n<p>Velikost\uff1a350*360*830\uff08mm\uff09<\/p>\n<p>\u010cist\u00e1 hmotnost \uff1a11 KG<\/p>\n<p id=\"tw-target-text\" class=\"tw-data-text tw-text-large tw-ta\" dir=\"ltr\" data-placeholder=\"Translation\" aria-label=\"P\u0159elo\u017een\u00fd text\" data-ved=\"2ahUKEwikr8X52saHAxV4mq8BHbZ8AHMQ3ewLegQIEhAU\"><span class=\"Y2IQFc\" lang=\"en\">Objem \uff1a7L<\/span><\/p>","protected":false},"featured_media":1796,"template":"","meta":[],"product_brand":[],"product_cat":[48],"product_tag":[],"class_list":{"0":"post-1608","1":"product","2":"type-product","3":"status-publish","4":"has-post-thumbnail","6":"product_cat-horizontal-manual-sausage-stuffer","8":"first","9":"instock","10":"shipping-taxable","11":"product-type-simple"},"_links":{"self":[{"href":"https:\/\/sausage-stuffer.com\/cs\/wp-json\/wp\/v2\/product\/1608","targetHints":{"allow":["GET"]}}],"collection":[{"href":"https:\/\/sausage-stuffer.com\/cs\/wp-json\/wp\/v2\/product"}],"about":[{"href":"https:\/\/sausage-stuffer.com\/cs\/wp-json\/wp\/v2\/types\/product"}],"wp:featuredmedia":[{"embeddable":true,"href":"https:\/\/sausage-stuffer.com\/cs\/wp-json\/wp\/v2\/media\/1796"}],"wp:attachment":[{"href":"https:\/\/sausage-stuffer.com\/cs\/wp-json\/wp\/v2\/media?parent=1608"}],"wp:term":[{"taxonomy":"product_brand","embeddable":true,"href":"https:\/\/sausage-stuffer.com\/cs\/wp-json\/wp\/v2\/product_brand?post=1608"},{"taxonomy":"product_cat","embeddable":true,"href":"https:\/\/sausage-stuffer.com\/cs\/wp-json\/wp\/v2\/product_cat?post=1608"},{"taxonomy":"product_tag","embeddable":true,"href":"https:\/\/sausage-stuffer.com\/cs\/wp-json\/wp\/v2\/product_tag?post=1608"}],"curies":[{"name":"wp","href":"https:\/\/api.w.org\/{rel}","templated":true}]}}