{"id":1607,"date":"2024-07-23T14:32:43","date_gmt":"2024-07-23T14:32:43","guid":{"rendered":"https:\/\/sausage-stuffer.com\/?post_type=product&#038;p=1607"},"modified":"2024-08-15T06:11:04","modified_gmt":"2024-08-15T06:11:04","slug":"sausage-stuffer-maker-sh3","status":"publish","type":"product","link":"https:\/\/sausage-stuffer.com\/cs\/manufacturer\/sausage-stuffer-maker-sh3\/","title":{"rendered":"V\u00fdrobn\u00edk tvar\u016f\u017ek\u016f SH-3"},"content":{"rendered":"<h2><strong>Design a funk\u010dnost v\u00fdrobn\u00edku klob\u00e1s<\/strong><\/h2>\n<p>1.Horizont\u00e1ln\u00ed design: Tento typ plni\u010dky m\u00e1 v\u00e1lec, kter\u00fd le\u017e\u00ed vodorovn\u011b, co\u017e umo\u017e\u0148uje konzistentn\u011bj\u0161\u00ed a rovnom\u011brn\u011bj\u0161\u00ed pln\u011bn\u00ed st\u0159\u00edvek uzenin. Horizont\u00e1ln\u00ed konstrukce je ve srovn\u00e1n\u00ed s vertik\u00e1ln\u00edmi plni\u010dkami \u010dasto stabiln\u011bj\u0161\u00ed.<\/p>\n<p>2.Manu\u00e1ln\u00ed ovl\u00e1d\u00e1n\u00ed: Tyto plni\u010dky se ovl\u00e1daj\u00ed ru\u010dn\u00ed klikou, kter\u00e1 u\u017eivateli umo\u017e\u0148uje kontrolovat rychlost a tlak p\u0159i pln\u011bn\u00ed uzenin. Toto ru\u010dn\u00ed ovl\u00e1d\u00e1n\u00ed m\u016f\u017ee v\u00e9st k lep\u0161\u00ed konzistenci a men\u0161\u00edmu mno\u017estv\u00ed vzduchov\u00fdch kapes v klob\u00e1s\u00e1ch.<\/p>\n<p>3.Kapacita: V z\u00e1vislosti na pot\u0159eb\u00e1ch u\u017eivatele se dod\u00e1vaj\u00ed horizont\u00e1ln\u00ed ru\u010dn\u00ed plni\u010dky klob\u00e1s s r\u016fznou kapacitou, obvykle od 5 do 20 a v\u00edce kilogram\u016f.<\/p>\n<p>4.Materi\u00e1l: Vysoce kvalitn\u00ed horizont\u00e1ln\u00ed plni\u010de jsou obvykle vyrobeny z nerezov\u00e9 oceli nebo jin\u00fdch odoln\u00fdch materi\u00e1l\u016f, kter\u00e9 se snadno \u010dist\u00ed a jsou odoln\u00e9 v\u016f\u010di korozi a rzi.<\/p>\n<p>5.Sou\u010d\u00e1sti:<\/p>\n<ul>\n<li><strong>V\u00e1lec<\/strong>: M\u00edsto, kam se um\u00edst\u00ed sm\u011bs uzenin.<\/li>\n<li><strong>P\u00edst<\/strong>: Pohybuje sm\u011bs\u00ed ve v\u00e1lci.<\/li>\n<li><strong>Klika<\/strong>: Ru\u010dn\u00ed ovl\u00e1d\u00e1n\u00ed p\u00edstu.<\/li>\n<li><strong>Trysky \/ trycht\u00fd\u0159e<\/strong>: R\u016fzn\u00e9 velikosti pro r\u016fzn\u00e9 druhy klob\u00e1s.<\/li>\n<\/ul>","protected":false},"excerpt":{"rendered":"<h2><strong><span class=\"Y2IQFc\" lang=\"en\">Z\u00e1kladn\u00ed parametry stroje na v\u00fdrobu klob\u00e1s<\/span><\/strong><\/h2>\n<p>Typ\uff1ahorizont\u00e1ln\u00ed m<span class=\"Y2IQFc\" lang=\"en\">anual s<\/span>n\u00e1pl\u0148 do z\u00e1suvky<\/p>\n<p>Pr\u016fm\u011br v\u00e1lce xl(mm)\uff1a\uffe0140*200<\/p>\n<p>Velikost\uff1a288*360*570\uff08mm\uff09<\/p>\n<p>\u010cist\u00e1 hmotnost \uff1a9 KG<\/p>\n<p id=\"tw-target-text\" class=\"tw-data-text tw-text-large tw-ta\" dir=\"ltr\" data-placeholder=\"Translation\" aria-label=\"P\u0159elo\u017een\u00fd text\" data-ved=\"2ahUKEwikr8X52saHAxV4mq8BHbZ8AHMQ3ewLegQIEhAU\"><span class=\"Y2IQFc\" lang=\"en\">Objem \uff1a3 L<\/span><\/p>","protected":false},"featured_media":1794,"template":"","meta":[],"product_brand":[],"product_cat":[48],"product_tag":[],"class_list":{"0":"post-1607","1":"product","2":"type-product","3":"status-publish","4":"has-post-thumbnail","6":"product_cat-horizontal-manual-sausage-stuffer","8":"first","9":"instock","10":"shipping-taxable","11":"product-type-simple"},"_links":{"self":[{"href":"https:\/\/sausage-stuffer.com\/cs\/wp-json\/wp\/v2\/product\/1607","targetHints":{"allow":["GET"]}}],"collection":[{"href":"https:\/\/sausage-stuffer.com\/cs\/wp-json\/wp\/v2\/product"}],"about":[{"href":"https:\/\/sausage-stuffer.com\/cs\/wp-json\/wp\/v2\/types\/product"}],"wp:featuredmedia":[{"embeddable":true,"href":"https:\/\/sausage-stuffer.com\/cs\/wp-json\/wp\/v2\/media\/1794"}],"wp:attachment":[{"href":"https:\/\/sausage-stuffer.com\/cs\/wp-json\/wp\/v2\/media?parent=1607"}],"wp:term":[{"taxonomy":"product_brand","embeddable":true,"href":"https:\/\/sausage-stuffer.com\/cs\/wp-json\/wp\/v2\/product_brand?post=1607"},{"taxonomy":"product_cat","embeddable":true,"href":"https:\/\/sausage-stuffer.com\/cs\/wp-json\/wp\/v2\/product_cat?post=1607"},{"taxonomy":"product_tag","embeddable":true,"href":"https:\/\/sausage-stuffer.com\/cs\/wp-json\/wp\/v2\/product_tag?post=1607"}],"curies":[{"name":"wp","href":"https:\/\/api.w.org\/{rel}","templated":true}]}}