{"id":1604,"date":"2024-07-23T14:23:23","date_gmt":"2024-07-23T14:23:23","guid":{"rendered":"https:\/\/sausage-stuffer.com\/?post_type=product&#038;p=1604"},"modified":"2024-08-15T05:50:55","modified_gmt":"2024-08-15T05:50:55","slug":"cast-iron-sausage-stuffer-sv10","status":"publish","type":"product","link":"https:\/\/sausage-stuffer.com\/cs\/manufacturer\/cast-iron-sausage-stuffer-sv10\/","title":{"rendered":"Litinov\u00fd stuffer na klob\u00e1sy SV10"},"content":{"rendered":"<h2><strong>Litinov\u00e1 n\u00e1doba na pln\u011bn\u00ed klob\u00e1s 10lb:<\/strong><\/h2>\n<ul>\n<li>Konstrukce z nerezov\u00e9 oceli.<\/li>\n<li>Dvourychlostn\u00ed konstrukce pro rychl\u00e9 uvoln\u011bn\u00ed a pomal\u00e9 pln\u011bn\u00ed.<\/li>\n<li>Dod\u00e1v\u00e1 se se \u010dty\u0159mi tryskami z nerezov\u00e9 oceli.<\/li>\n<\/ul>\n<p>&nbsp;<\/p>\n<h2><strong>Tipy na pou\u017eit\u00ed litinov\u00e9ho podava\u010de klob\u00e1s:<\/strong><\/h2>\n<ol>\n<li><strong>Chlazen\u00ed masa<\/strong>: Masovou sm\u011bs uchov\u00e1vejte v chladu, aby se snadno plnila a zachovala si dobrou strukturu.<\/li>\n<li><strong>Nam\u00e1\u010den\u00ed st\u0159ev<\/strong>: P\u0159ed pou\u017eit\u00edm namo\u010dte p\u0159\u00edrodn\u00ed st\u0159\u00edvka do tepl\u00e9 vody, aby byla poddajn\u011bj\u0161\u00ed a l\u00e9pe se s nimi manipulovalo.<\/li>\n<li><strong>D\u016fsledn\u00fd tlak<\/strong>: Ot\u00e1\u010dejte klikou rovnom\u011brn\u011b, aby se v klob\u00e1s\u00e1ch netvo\u0159ily vzduchov\u00e9 kapsy.<\/li>\n<li><strong>Proma\u017ete trysku<\/strong>: Trocha vody nebo potravin\u00e1\u0159sk\u00e9ho oleje m\u016f\u017ee pomoci hlad\u0161\u00edmu nasazen\u00ed n\u00e1bojnic na trysku.<\/li>\n<li><strong>D\u016fkladn\u00e9 \u010di\u0161t\u011bn\u00ed<\/strong>: Po ka\u017ed\u00e9m pou\u017eit\u00ed rozeberte a vy\u010dist\u011bte v\u0161echny \u010d\u00e1sti, abyste zachovali hygienu a prodlou\u017eili \u017eivotnost stroje.<\/li>\n<\/ol>","protected":false},"excerpt":{"rendered":"<h4><strong>Z\u00e1kladn\u00ed parametry<\/strong><\/h4>\n<p>Typ\uff1avertik\u00e1ln\u00ed ru\u010dn\u00ed plni\u010d klob\u00e1s<\/p>\n<p>Pr\u016fm\u011br v\u00e1lce xl (mm): \uffe0219*70<\/p>\n<p>Velikost\uff1a370*330*580\uff08mm\uff09<\/p>\n<p>\u010cist\u00e1 hmotnost \uff1a12 Kg<\/p>\n<p>Objem \uff1a10L<\/p>","protected":false},"featured_media":1556,"template":"","meta":[],"product_brand":[],"product_cat":[47],"product_tag":[],"class_list":{"0":"post-1604","1":"product","2":"type-product","3":"status-publish","4":"has-post-thumbnail","6":"product_cat-vertical-manual-sausage-stuffer","8":"first","9":"instock","10":"shipping-taxable","11":"product-type-simple"},"_links":{"self":[{"href":"https:\/\/sausage-stuffer.com\/cs\/wp-json\/wp\/v2\/product\/1604","targetHints":{"allow":["GET"]}}],"collection":[{"href":"https:\/\/sausage-stuffer.com\/cs\/wp-json\/wp\/v2\/product"}],"about":[{"href":"https:\/\/sausage-stuffer.com\/cs\/wp-json\/wp\/v2\/types\/product"}],"wp:featuredmedia":[{"embeddable":true,"href":"https:\/\/sausage-stuffer.com\/cs\/wp-json\/wp\/v2\/media\/1556"}],"wp:attachment":[{"href":"https:\/\/sausage-stuffer.com\/cs\/wp-json\/wp\/v2\/media?parent=1604"}],"wp:term":[{"taxonomy":"product_brand","embeddable":true,"href":"https:\/\/sausage-stuffer.com\/cs\/wp-json\/wp\/v2\/product_brand?post=1604"},{"taxonomy":"product_cat","embeddable":true,"href":"https:\/\/sausage-stuffer.com\/cs\/wp-json\/wp\/v2\/product_cat?post=1604"},{"taxonomy":"product_tag","embeddable":true,"href":"https:\/\/sausage-stuffer.com\/cs\/wp-json\/wp\/v2\/product_tag?post=1604"}],"curies":[{"name":"wp","href":"https:\/\/api.w.org\/{rel}","templated":true}]}}