{"id":1603,"date":"2024-07-23T14:22:30","date_gmt":"2024-07-23T14:22:30","guid":{"rendered":"https:\/\/sausage-stuffer.com\/?post_type=product&#038;p=1603"},"modified":"2024-08-15T05:46:10","modified_gmt":"2024-08-15T05:46:10","slug":"sausage-stuffer-and-meat-grinder","status":"publish","type":"product","link":"https:\/\/sausage-stuffer.com\/cs\/manufacturer\/sausage-stuffer-and-meat-grinder\/","title":{"rendered":"N\u00e1doba na pln\u011bn\u00ed klob\u00e1s a ml\u00fdnek na maso SV7"},"content":{"rendered":"<h2><strong>N\u00e1doba na pln\u011bn\u00ed klob\u00e1s a ml\u00fdnek na maso<\/strong><strong>:<\/strong><\/h2>\n<ul>\n<li>Konstrukce z nerezov\u00e9 oceli.<\/li>\n<li>Dvourychlostn\u00ed konstrukce pro rychl\u00e9 uvoln\u011bn\u00ed a pomal\u00e9 pln\u011bn\u00ed.<\/li>\n<li>Dod\u00e1v\u00e1 se se \u010dty\u0159mi tryskami z nerezov\u00e9 oceli.<\/li>\n<\/ul>\n<p>&nbsp;<\/p>\n<h2><span style=\"font-size: 100%;\"><strong><strong>Kl\u00ed\u010dov\u00e9 vlastnosti plni\u010dky klob\u00e1s a ml\u00fdnku na maso<\/strong><\/strong>:<\/span><\/h2>\n<div class=\"flex-shrink-0 flex flex-col relative items-end\">\n<div class=\"pt-0\">\n<ol>\n<li><strong>Vertik\u00e1ln\u00ed v\u00e1lec<\/strong>: Vertik\u00e1ln\u00ed konstrukce umo\u017e\u0148uje, aby p\u0159i pln\u011bn\u00ed pom\u00e1hala gravitace, co\u017e usnad\u0148uje manipulaci s masovou sm\u011bs\u00ed.<\/li>\n<li><strong>Ru\u010dn\u00ed klika<\/strong>: Ovl\u00e1d\u00e1 se ru\u010dn\u00ed klikou, kter\u00e1 u\u017eivateli umo\u017e\u0148uje ovl\u00e1dat rychlost pln\u011bn\u00ed.<\/li>\n<li><strong>Konstrukce z nerezov\u00e9 oceli<\/strong>: Odoln\u00e9 a snadno \u010distiteln\u00e9, zabra\u0148uj\u00ed korozi a udr\u017euj\u00ed hygienu.<\/li>\n<li><strong>V\u00edce trysek<\/strong>: Dod\u00e1v\u00e1 se s r\u016fzn\u011b velk\u00fdmi plnic\u00edmi trubkami pro p\u0159\u00edpravu r\u016fzn\u00fdch druh\u016f klob\u00e1s.<\/li>\n<li><strong>Kapacita<\/strong>: K dispozici jsou r\u016fzn\u00e9 kapacity, obvykle v rozmez\u00ed od 5 do 15 liber, vhodn\u00e9 pro r\u016fzn\u00e9 velikosti d\u00e1vek.<\/li>\n<li><strong>Odn\u00edmateln\u00e9 \u010d\u00e1sti<\/strong>: Snadn\u00e1 demont\u00e1\u017e pro d\u016fkladn\u00e9 \u010di\u0161t\u011bn\u00ed<\/li>\n<\/ol>\n<\/div>\n<\/div>","protected":false},"excerpt":{"rendered":"<h4><strong><span class=\"Y2IQFc\" lang=\"en\">Z\u00e1kladn\u00ed parametry<\/span><\/strong><\/h4>\n<p>Typ\uff1avertik\u00e1ln\u00ed m<span class=\"Y2IQFc\" lang=\"en\">anual s<\/span>n\u00e1pl\u0148 do z\u00e1suvky<\/p>\n<p>Pr\u016fm\u011br v\u00e1lce xl (mm): \uffe0140*460<\/p>\n<p>Velikost\uff1a300*340*830\uff08mm\uff09<\/p>\n<p>\u010cist\u00e1 hmotnost \uff1a11,5 KG<\/p>\n<p id=\"tw-target-text\" class=\"tw-data-text tw-text-large tw-ta\" dir=\"ltr\" data-placeholder=\"Translation\" aria-label=\"P\u0159elo\u017een\u00fd text\" data-ved=\"2ahUKEwikr8X52saHAxV4mq8BHbZ8AHMQ3ewLegQIEhAU\"><span class=\"Y2IQFc\" lang=\"en\">Objem \uff1a7L<\/span><\/p>","protected":false},"featured_media":1555,"template":"","meta":[],"product_brand":[],"product_cat":[47],"product_tag":[],"class_list":{"0":"post-1603","1":"product","2":"type-product","3":"status-publish","4":"has-post-thumbnail","6":"product_cat-vertical-manual-sausage-stuffer","8":"first","9":"instock","10":"shipping-taxable","11":"product-type-simple"},"_links":{"self":[{"href":"https:\/\/sausage-stuffer.com\/cs\/wp-json\/wp\/v2\/product\/1603","targetHints":{"allow":["GET"]}}],"collection":[{"href":"https:\/\/sausage-stuffer.com\/cs\/wp-json\/wp\/v2\/product"}],"about":[{"href":"https:\/\/sausage-stuffer.com\/cs\/wp-json\/wp\/v2\/types\/product"}],"wp:featuredmedia":[{"embeddable":true,"href":"https:\/\/sausage-stuffer.com\/cs\/wp-json\/wp\/v2\/media\/1555"}],"wp:attachment":[{"href":"https:\/\/sausage-stuffer.com\/cs\/wp-json\/wp\/v2\/media?parent=1603"}],"wp:term":[{"taxonomy":"product_brand","embeddable":true,"href":"https:\/\/sausage-stuffer.com\/cs\/wp-json\/wp\/v2\/product_brand?post=1603"},{"taxonomy":"product_cat","embeddable":true,"href":"https:\/\/sausage-stuffer.com\/cs\/wp-json\/wp\/v2\/product_cat?post=1603"},{"taxonomy":"product_tag","embeddable":true,"href":"https:\/\/sausage-stuffer.com\/cs\/wp-json\/wp\/v2\/product_tag?post=1603"}],"curies":[{"name":"wp","href":"https:\/\/api.w.org\/{rel}","templated":true}]}}