{"id":1562,"date":"2024-07-23T12:58:27","date_gmt":"2024-07-23T12:58:27","guid":{"rendered":"https:\/\/sausage-stuffer.com\/?post_type=product&#038;p=1562"},"modified":"2024-08-15T04:06:40","modified_gmt":"2024-08-15T04:06:40","slug":"5lb-sausage-stuffer-sv5","status":"publish","type":"product","link":"https:\/\/sausage-stuffer.com\/cs\/manufacturer\/5lb-sausage-stuffer-sv5\/","title":{"rendered":"5LB plni\u010d klob\u00e1s SV5"},"content":{"rendered":"<h2><strong>5LB n\u00e1stavec na pln\u011bn\u00ed klob\u00e1s:<\/strong><\/h2>\n<ul>\n<li>Konstrukce z nerezov\u00e9 oceli.<\/li>\n<li>Dvourychlostn\u00ed konstrukce pro rychl\u00e9 uvoln\u011bn\u00ed a pomal\u00e9 pln\u011bn\u00ed.<\/li>\n<li>Dod\u00e1v\u00e1 se se \u010dty\u0159mi tryskami z nerezov\u00e9 oceli.<\/li>\n<\/ul>\n<p>&nbsp;<\/p>\n<h2><strong>5LB hubi\u010dka na klob\u00e1sy V\u00fdhody:<\/strong><\/h2>\n<ul>\n<li><strong>Kontrola<\/strong>: Ru\u010dn\u00ed ovl\u00e1d\u00e1n\u00ed umo\u017e\u0148uje p\u0159esnou kontrolu procesu pln\u011bn\u00ed.<\/li>\n<li><strong>Cenov\u00e1 dostupnost<\/strong>: Obecn\u011b jsou cenov\u011b dostupn\u011bj\u0161\u00ed ne\u017e elektrick\u00e9 modely.<\/li>\n<li><strong>Kompaktn\u00ed design<\/strong>: V porovn\u00e1n\u00ed s horizont\u00e1ln\u00edmi plni\u010di zab\u00edr\u00e1 m\u00e9n\u011b m\u00edsta.<\/li>\n<li><strong>Spolehlivost<\/strong>: Men\u0161\u00ed po\u010det mechanick\u00fdch d\u00edl\u016f znamen\u00e1 men\u0161\u00ed mo\u017enost poruch.<\/li>\n<\/ul>","protected":false},"excerpt":{"rendered":"<h4><strong><span class=\"Y2IQFc\" lang=\"en\">Z\u00e1kladn\u00ed parametry<\/span><\/strong><\/h4>\n<p>Typ\uff1avertik\u00e1ln\u00ed m<span class=\"Y2IQFc\" lang=\"en\">anual s<\/span>n\u00e1pl\u0148 do z\u00e1suvky<\/p>\n<p>Pr\u016fm\u011br v\u00e1lce xl (mm): \uffe0140*320<\/p>\n<p>Velikost\uff1a300*340*690\uff08mm\uff09<\/p>\n<p>\u010cist\u00e1 hmotnost \uff1a10,5 KG<\/p>\n<p id=\"tw-target-text\" class=\"tw-data-text tw-text-large tw-ta\" dir=\"ltr\" data-placeholder=\"Translation\" aria-label=\"P\u0159elo\u017een\u00fd text\" data-ved=\"2ahUKEwikr8X52saHAxV4mq8BHbZ8AHMQ3ewLegQIEhAU\"><span class=\"Y2IQFc\" lang=\"en\">Objem \uff1a5 L<\/span><\/p>","protected":false},"featured_media":1554,"template":"","meta":[],"product_brand":[],"product_cat":[47],"product_tag":[],"class_list":{"0":"post-1562","1":"product","2":"type-product","3":"status-publish","4":"has-post-thumbnail","6":"product_cat-vertical-manual-sausage-stuffer","8":"first","9":"instock","10":"shipping-taxable","11":"product-type-simple"},"_links":{"self":[{"href":"https:\/\/sausage-stuffer.com\/cs\/wp-json\/wp\/v2\/product\/1562","targetHints":{"allow":["GET"]}}],"collection":[{"href":"https:\/\/sausage-stuffer.com\/cs\/wp-json\/wp\/v2\/product"}],"about":[{"href":"https:\/\/sausage-stuffer.com\/cs\/wp-json\/wp\/v2\/types\/product"}],"wp:featuredmedia":[{"embeddable":true,"href":"https:\/\/sausage-stuffer.com\/cs\/wp-json\/wp\/v2\/media\/1554"}],"wp:attachment":[{"href":"https:\/\/sausage-stuffer.com\/cs\/wp-json\/wp\/v2\/media?parent=1562"}],"wp:term":[{"taxonomy":"product_brand","embeddable":true,"href":"https:\/\/sausage-stuffer.com\/cs\/wp-json\/wp\/v2\/product_brand?post=1562"},{"taxonomy":"product_cat","embeddable":true,"href":"https:\/\/sausage-stuffer.com\/cs\/wp-json\/wp\/v2\/product_cat?post=1562"},{"taxonomy":"product_tag","embeddable":true,"href":"https:\/\/sausage-stuffer.com\/cs\/wp-json\/wp\/v2\/product_tag?post=1562"}],"curies":[{"name":"wp","href":"https:\/\/api.w.org\/{rel}","templated":true}]}}